{"id":90,"date":"2013-08-11T19:22:53","date_gmt":"2013-08-11T19:22:53","guid":{"rendered":"http:\/\/localhost:8888\/test\/?page_id=532"},"modified":"2024-10-03T09:42:07","modified_gmt":"2024-10-03T09:42:07","slug":"contact","status":"publish","type":"page","link":"https:\/\/maynenkhiadong.com\/?page_id=90","title":{"rendered":"Li\u00ean H\u1ec7"},"content":{"rendered":"<div class=\"row\"  id=\"row-1346321136\">\n\n\n\t<div id=\"col-1314831274\" class=\"col medium-6 large-6\"  >\n\t\t\t\t<div class=\"col-inner\"  >\n\t\t\t\n\t\t\t\n\n\t<div class=\"img has-hover x md-x lg-x y md-y lg-y\" id=\"image_1039008155\">\n\t\t\t\t\t\t\t\t<div class=\"img-inner dark\" style=\"margin:40px 50px 0px 0px;\">\n\t\t\t<img loading=\"lazy\" decoding=\"async\" width=\"1020\" height=\"727\" src=\"https:\/\/maynenkhiadong.com\/wp-content\/uploads\/2023\/03\/coffee-shop-1024x730-1.jpg\" class=\"attachment-large size-large\" alt=\"\" srcset=\"https:\/\/maynenkhiadong.com\/wp-content\/uploads\/2023\/03\/coffee-shop-1024x730-1.jpg 1024w, https:\/\/maynenkhiadong.com\/wp-content\/uploads\/2023\/03\/coffee-shop-1024x730-1-510x364.jpg 510w, https:\/\/maynenkhiadong.com\/wp-content\/uploads\/2023\/03\/coffee-shop-1024x730-1-561x400.jpg 561w, https:\/\/maynenkhiadong.com\/wp-content\/uploads\/2023\/03\/coffee-shop-1024x730-1-768x548.jpg 768w\" sizes=\"(max-width: 1020px) 100vw, 1020px\" \/>\t\t\t\t\t\t\n\t\t\t\t\t<\/div>\n\t\t\t\t\t\t\t\t\n<style>\n#image_1039008155 {\n  width: 100%;\n}\n<\/style>\n\t<\/div>\n\t\n\n\t<div class=\"img has-hover x md-x lg-x y md-y lg-y\" id=\"image_1607247037\">\n\t\t\t\t\t\t\t\t<div class=\"img-inner dark\" style=\"margin:40px 50px 0px 0px;\">\n\t\t\t<img loading=\"lazy\" decoding=\"async\" width=\"1020\" height=\"765\" src=\"https:\/\/maynenkhiadong.com\/wp-content\/uploads\/2023\/03\/16-xu-huong-thiet-ke-van-phong-2021.jpg\" class=\"attachment-large size-large\" alt=\"\" srcset=\"https:\/\/maynenkhiadong.com\/wp-content\/uploads\/2023\/03\/16-xu-huong-thiet-ke-van-phong-2021.jpg 1024w, https:\/\/maynenkhiadong.com\/wp-content\/uploads\/2023\/03\/16-xu-huong-thiet-ke-van-phong-2021-510x383.jpg 510w, https:\/\/maynenkhiadong.com\/wp-content\/uploads\/2023\/03\/16-xu-huong-thiet-ke-van-phong-2021-533x400.jpg 533w, https:\/\/maynenkhiadong.com\/wp-content\/uploads\/2023\/03\/16-xu-huong-thiet-ke-van-phong-2021-768x576.jpg 768w\" sizes=\"(max-width: 1020px) 100vw, 1020px\" \/>\t\t\t\t\t\t\n\t\t\t\t\t<\/div>\n\t\t\t\t\t\t\t\t\n<style>\n#image_1607247037 {\n  width: 100%;\n}\n<\/style>\n\t<\/div>\n\t\n\n\n\t\t<\/div>\n\t\t\t\t\n<style>\n#col-1314831274 > .col-inner {\n  padding: px 0px 0px 0px;\n}\n<\/style>\n\t<\/div>\n\n\t\n\n\t<div id=\"col-389547075\" class=\"col medium-6 large-6\"  >\n\t\t\t\t<div class=\"col-inner\"  >\n\t\t\t\n\t\t\t\n\n\t<div id=\"text-3121963782\" class=\"text\">\n\t\t\n\n<p>ttt<\/p>\n\t\t\n<style>\n#text-3121963782 {\n  line-height: 1.8;\n  color: rgb(255,255,255);\n}\n#text-3121963782 > * {\n  color: rgb(255,255,255);\n}\n<\/style>\n\t<\/div>\n\t\n\t<div id=\"text-3958246086\" class=\"text\">\n\t\t\n\n<h2 style=\"text-align: center;\">C\u00f4ng Ty C\u1ed5 Ph\u1ea7n \u0110\u1ea7u T\u01b0 C\u00f4ng Nghi\u1ec7p \u00c1 \u0110\u00f4ng<\/h2>\n\n\t\t\n<style>\n#text-3958246086 {\n  font-size: 1.15rem;\n}\n<\/style>\n\t<\/div>\n\t\n\n\t\t<div class=\"icon-box featured-box icon-box-left text-left\"  >\n\t\t\t\t\t<div class=\"icon-box-img\" style=\"width: 30px\">\n\t\t\t\t<div class=\"icon\">\n\t\t\t\t\t<div class=\"icon-inner\" style=\"color:rgb(152, 45, 45);\">\n\t\t\t\t\t\t<img loading=\"lazy\" decoding=\"async\" width=\"256\" height=\"256\" src=\"https:\/\/maynenkhiadong.com\/wp-content\/uploads\/2023\/03\/home-1-svgrepo-com.png\" class=\"attachment-medium size-medium\" alt=\"\" srcset=\"https:\/\/maynenkhiadong.com\/wp-content\/uploads\/2023\/03\/home-1-svgrepo-com.png 256w, https:\/\/maynenkhiadong.com\/wp-content\/uploads\/2023\/03\/home-1-svgrepo-com-247x247.png 247w, https:\/\/maynenkhiadong.com\/wp-content\/uploads\/2023\/03\/home-1-svgrepo-com-100x100.png 100w\" sizes=\"(max-width: 256px) 100vw, 256px\" \/>\t\t\t\t\t<\/div>\n\t\t\t\t<\/div>\n\t\t\t<\/div>\n\t\t\t\t<div class=\"icon-box-text last-reset\">\n\t\t\t\t\t\t\t\t\t\n\n\t<div id=\"text-414081314\" class=\"text\">\n\t\t\n\n<h4><strong>S\u1ed1 14-BT7, \u0110\u01b0\u1eddng Foresa 6A, K\u0110T Sinh Th\u00e1i Xu\u00e2n Ph\u01b0\u01a1ng, Qu\u1eadn Nam T\u1eeb Li\u00eam, H\u00e0 N\u1ed9i<\/strong><\/h4>\n\t\t\n<style>\n#text-414081314 {\n  font-size: 0.9rem;\n  line-height: 1.95;\n}\n<\/style>\n\t<\/div>\n\t\n\n\t\t<\/div>\n\t<\/div>\n\t\n\t\n\n\t\t<div class=\"icon-box featured-box icon-box-left text-left\"  >\n\t\t\t\t\t<div class=\"icon-box-img\" style=\"width: 28px\">\n\t\t\t\t<div class=\"icon\">\n\t\t\t\t\t<div class=\"icon-inner\" style=\"color:rgb(152, 45, 45);\">\n\t\t\t\t\t\t<img loading=\"lazy\" decoding=\"async\" width=\"256\" height=\"256\" src=\"https:\/\/maynenkhiadong.com\/wp-content\/uploads\/2023\/03\/phone-call-svgrepo-com.png\" class=\"attachment-medium size-medium\" alt=\"\" srcset=\"https:\/\/maynenkhiadong.com\/wp-content\/uploads\/2023\/03\/phone-call-svgrepo-com.png 256w, https:\/\/maynenkhiadong.com\/wp-content\/uploads\/2023\/03\/phone-call-svgrepo-com-247x247.png 247w, https:\/\/maynenkhiadong.com\/wp-content\/uploads\/2023\/03\/phone-call-svgrepo-com-100x100.png 100w\" sizes=\"(max-width: 256px) 100vw, 256px\" \/>\t\t\t\t\t<\/div>\n\t\t\t\t<\/div>\n\t\t\t<\/div>\n\t\t\t\t<div class=\"icon-box-text last-reset\">\n\t\t\t\t\t\t\t\t\t\n\n\t<div id=\"text-1283413422\" class=\"text\">\n\t\t\n\n<h3>0932322988<\/h3>\n\t\t\n<style>\n#text-1283413422 {\n  font-size: 0.9rem;\n  line-height: 1.95;\n}\n<\/style>\n\t<\/div>\n\t\n\n\t\t<\/div>\n\t<\/div>\n\t\n\t\n\n\t\t<div class=\"icon-box featured-box icon-box-left text-left\"  >\n\t\t\t\t\t<div class=\"icon-box-img\" style=\"width: 27px\">\n\t\t\t\t<div class=\"icon\">\n\t\t\t\t\t<div class=\"icon-inner\" style=\"color:rgb(152, 45, 45);\">\n\t\t\t\t\t\t<img loading=\"lazy\" decoding=\"async\" width=\"256\" height=\"256\" src=\"https:\/\/maynenkhiadong.com\/wp-content\/uploads\/2023\/03\/email-svgrepo-com.png\" class=\"attachment-medium size-medium\" alt=\"\" srcset=\"https:\/\/maynenkhiadong.com\/wp-content\/uploads\/2023\/03\/email-svgrepo-com.png 256w, https:\/\/maynenkhiadong.com\/wp-content\/uploads\/2023\/03\/email-svgrepo-com-247x247.png 247w, https:\/\/maynenkhiadong.com\/wp-content\/uploads\/2023\/03\/email-svgrepo-com-100x100.png 100w\" sizes=\"(max-width: 256px) 100vw, 256px\" \/>\t\t\t\t\t<\/div>\n\t\t\t\t<\/div>\n\t\t\t<\/div>\n\t\t\t\t<div class=\"icon-box-text last-reset\">\n\t\t\t\t\t\t\t\t\t\n\n\t<div id=\"text-1571957719\" class=\"text\">\n\t\t\n\n<h3>adong4@maynenkhiadong.com<\/h3>\n\t\t\n<style>\n#text-1571957719 {\n  font-size: 0.9rem;\n  line-height: 1.95;\n}\n<\/style>\n\t<\/div>\n\t\n\n\t\t<\/div>\n\t<\/div>\n\t\n\t\n\n\t\t<div class=\"icon-box featured-box icon-box-left text-left\"  >\n\t\t\t\t<div class=\"icon-box-text last-reset\">\n\t\t\t\t\t\t\t\t\t\n\n\t<div id=\"text-505127801\" class=\"text\">\n\t\t\n\n\n\t\t\n<style>\n#text-505127801 {\n  font-size: 0.9rem;\n  line-height: 1.95;\n}\n<\/style>\n\t<\/div>\n\t\n\n\t\t<\/div>\n\t<\/div>\n\t\n\t\n<p>\u00a0<\/p>\n<h2 style=\"text-align: center; line-height: 1.8\">Li\u00ean h\u1ec7 ch\u00fang t\u00f4i<\/h2>\n\n<div class=\"wpcf7 no-js\" id=\"wpcf7-f7-o1\" lang=\"en-US\" dir=\"ltr\">\n<div class=\"screen-reader-response\"><p role=\"status\" aria-live=\"polite\" aria-atomic=\"true\"><\/p> <ul><\/ul><\/div>\n<form action=\"\/index.php?rest_route=%2Fwp%2Fv2%2Fpages%2F90#wpcf7-f7-o1\" method=\"post\" class=\"wpcf7-form init\" aria-label=\"Contact form\" novalidate=\"novalidate\" data-status=\"init\">\n<div style=\"display: none;\">\n<input type=\"hidden\" name=\"_wpcf7\" value=\"7\" \/>\n<input type=\"hidden\" name=\"_wpcf7_version\" value=\"5.9.8\" \/>\n<input type=\"hidden\" name=\"_wpcf7_locale\" value=\"en_US\" \/>\n<input type=\"hidden\" name=\"_wpcf7_unit_tag\" value=\"wpcf7-f7-o1\" \/>\n<input type=\"hidden\" name=\"_wpcf7_container_post\" value=\"0\" \/>\n<input type=\"hidden\" name=\"_wpcf7_posted_data_hash\" value=\"\" \/>\n<\/div>\n<p><label> Your name<br \/>\n<span class=\"wpcf7-form-control-wrap\" data-name=\"your-name\"><input size=\"40\" maxlength=\"400\" class=\"wpcf7-form-control wpcf7-text wpcf7-validates-as-required\" autocomplete=\"name\" aria-required=\"true\" aria-invalid=\"false\" value=\"\" type=\"text\" name=\"your-name\" \/><\/span> <\/label>\n<\/p>\n<p><label> Your email<br \/>\n<span class=\"wpcf7-form-control-wrap\" data-name=\"your-email\"><input size=\"40\" maxlength=\"400\" class=\"wpcf7-form-control wpcf7-email wpcf7-validates-as-required wpcf7-text wpcf7-validates-as-email\" autocomplete=\"email\" aria-required=\"true\" aria-invalid=\"false\" value=\"\" type=\"email\" name=\"your-email\" \/><\/span> <\/label>\n<\/p>\n<p><label> Subject<br \/>\n<span class=\"wpcf7-form-control-wrap\" data-name=\"your-subject\"><input size=\"40\" maxlength=\"400\" class=\"wpcf7-form-control wpcf7-text wpcf7-validates-as-required\" aria-required=\"true\" aria-invalid=\"false\" value=\"\" type=\"text\" name=\"your-subject\" \/><\/span> <\/label>\n<\/p>\n<p><label> Your message (optional)<br \/>\n<span class=\"wpcf7-form-control-wrap\" data-name=\"your-message\"><textarea cols=\"40\" rows=\"10\" maxlength=\"2000\" class=\"wpcf7-form-control wpcf7-textarea\" aria-invalid=\"false\" name=\"your-message\"><\/textarea><\/span> <\/label>\n<\/p>\n<p><input class=\"wpcf7-form-control wpcf7-submit has-spinner\" type=\"submit\" value=\"Submit\" \/>\n<\/p><div class=\"wpcf7-response-output\" aria-hidden=\"true\"><\/div>\n<\/form>\n<\/div>\n\n\n\n\t\t<\/div>\n\t\t\t\t\t<\/div>\n\n\t\n\n<\/div>\n\n\n<iframe src=\"https:\/\/www.google.com\/maps\/embed?pb=!1m18!1m12!1m3!1d3724.122568468722!2d105.74089957601278!3d21.027781187810792!2m3!1f0!2f0!3f0!3m2!1i1024!2i768!4f13.1!3m3!1m2!1s0x3134552de05054b1%3A0xb2a8fab4a68ffbfb!2zTcOheSBuw6luIGtow60gw6EgxJDDtG5n!5e0!3m2!1svi!2s!4v1704256368517!5m2!1svi!2s\" width=\"2000\" height=\"400\" style=\"border:0;\" allowfullscreen=\"\" loading=\"lazy\" referrerpolicy=\"no-referrer-when-downgrade\"><\/iframe>\n","protected":false},"excerpt":{"rendered":"","protected":false},"author":1,"featured_media":18,"parent":0,"menu_order":0,"comment_status":"closed","ping_status":"closed","template":"page-blank.php","meta":{"footnotes":""},"jetpack_sharing_enabled":true,"_links":{"self":[{"href":"https:\/\/maynenkhiadong.com\/index.php?rest_route=\/wp\/v2\/pages\/90"}],"collection":[{"href":"https:\/\/maynenkhiadong.com\/index.php?rest_route=\/wp\/v2\/pages"}],"about":[{"href":"https:\/\/maynenkhiadong.com\/index.php?rest_route=\/wp\/v2\/types\/page"}],"author":[{"embeddable":true,"href":"https:\/\/maynenkhiadong.com\/index.php?rest_route=\/wp\/v2\/users\/1"}],"replies":[{"embeddable":true,"href":"https:\/\/maynenkhiadong.com\/index.php?rest_route=%2Fwp%2Fv2%2Fcomments&post=90"}],"version-history":[{"count":29,"href":"https:\/\/maynenkhiadong.com\/index.php?rest_route=\/wp\/v2\/pages\/90\/revisions"}],"predecessor-version":[{"id":1412,"href":"https:\/\/maynenkhiadong.com\/index.php?rest_route=\/wp\/v2\/pages\/90\/revisions\/1412"}],"wp:featuredmedia":[{"embeddable":true,"href":"https:\/\/maynenkhiadong.com\/index.php?rest_route=\/wp\/v2\/media\/18"}],"wp:attachment":[{"href":"https:\/\/maynenkhiadong.com\/index.php?rest_route=%2Fwp%2Fv2%2Fmedia&parent=90"}],"curies":[{"name":"wp","href":"https:\/\/api.w.org\/{rel}","templated":true}]}}