{"id":92,"date":"2013-08-11T19:06:15","date_gmt":"2013-08-11T19:06:15","guid":{"rendered":"http:\/\/localhost:8888\/test\/?page_id=520"},"modified":"2024-01-06T03:00:35","modified_gmt":"2024-01-06T03:00:35","slug":"about","status":"publish","type":"page","link":"https:\/\/maynenkhiadong.com\/?page_id=92","title":{"rendered":"Gi\u1edbi Thi\u1ec7u"},"content":{"rendered":"\n  <div class=\"banner has-hover has-parallax\" id=\"banner-1357918332\">\n          <div class=\"banner-inner fill\">\n        <div class=\"banner-bg fill\" data-parallax=\"-3\" data-parallax-container=\".banner\" data-parallax-background>\n            <div class=\"bg fill bg-fill \"><\/div>\n                        <div class=\"overlay\"><\/div>            \n                    <\/div>\n\t\t\n        <div class=\"banner-layers container\">\n            <div class=\"fill banner-link\"><\/div>            \n\n   <div id=\"text-box-1066656701\" class=\"text-box banner-layer x50 md-x50 lg-x50 y80 md-y80 lg-y80 res-text\">\n                                <div class=\"text-box-content text dark\">\n              \n              <div class=\"text-inner text-center\">\n                  \n\n\t<div id=\"text-1058696204\" class=\"text\">\n\t\t\n\n<blockquote>\n<p>\u0110\u1ed9i ng\u0169 nh\u00e2n vi\u00ean \u00c1\u00a0 \u0110\u00f4ng tr\u1ebb tu\u1ed5i, s\u00e1ng t\u1ea1o, n\u0103ng \u0111\u1ed9ng, nhi\u1ec7t t\u00ecnh, t\u1eadn t\u00e2m lu\u00f4n c\u00f3 chung m\u1ed9t mong mu\u1ed1n, ni\u1ec1m tin \u0111em l\u1ea1i s\u1ef1 ti\u1ebfn b\u1ed9 v\u00e0 ph\u00e1t tri\u1ec3n cho ng\u00e0nh c\u00f4ng nghi\u1ec7p Vi\u1ec7t Nam. Trong m\u1ed9t m\u00f4i tr\u01b0\u1eddng l\u00e0m vi\u1ec7c linh ho\u1ea1t, c\u00e1c nh\u00e2n vi\u00ean nh\u1eadn th\u1ee9c \u0111\u01b0\u1ee3c c\u01a1 h\u1ed9i h\u1ecdc h\u1ecfi, n\u00e2ng cao tr\u00ecnh \u0111\u1ed9 v\u00e0 k\u1ef9 n\u0103ng trong nhi\u1ec1u m\u1ea3ng c\u00f4ng vi\u1ec7c. Qua \u0111\u00f3, ch\u1ea5t l\u01b0\u1ee3ng nh\u00e2n s\u1ef1 v\u00e0 hi\u1ec7u qu\u1ea3 l\u00e0m vi\u1ec7c \u0111\u01b0\u1ee3c n\u00e2ng cao v\u00e0 quy m\u00f4 \u0111\u01b0\u1ee3c m\u1edf r\u1ed9ng.<\/p>\n<\/blockquote>\n\t\t\n<style>\n#text-1058696204 {\n  font-size: 1.35rem;\n}\n<\/style>\n\t<\/div>\n\t\n\n              <\/div>\n           <\/div>\n                            \n<style>\n#text-box-1066656701 {\n  width: 100%;\n}\n#text-box-1066656701 .text-box-content {\n  font-size: 100%;\n}\n<\/style>\n    <\/div>\n \n\n        <\/div>\n      <\/div>\n\n            \n<style>\n#banner-1357918332 {\n  padding-top: 507px;\n}\n#banner-1357918332 .bg.bg-loaded {\n  background-image: url(https:\/\/maynenkhiadong.com\/wp-content\/uploads\/2024\/01\/A-Dong-1.jpg);\n}\n#banner-1357918332 .overlay {\n  background-color: rgba(0, 0, 0, 0.49);\n}\n#banner-1357918332 .ux-shape-divider--top svg {\n  height: 150px;\n  --divider-top-width: 100%;\n}\n#banner-1357918332 .ux-shape-divider--bottom svg {\n  height: 150px;\n  --divider-width: 100%;\n}\n<\/style>\n  <\/div>\n\n\n<div class=\"row row-large row-divided 6 row-box-shadow-5 row-box-shadow-5-hover\"  id=\"row-1413255261\">\n\n\n\t<div id=\"col-914263635\" class=\"col medium-3 small-12 large-3 col-divided\"  >\n\t\t\t\t<div class=\"col-inner\"  >\n\t\t\t\n\t\t\t\n\n    <div class=\"box has-hover has-hover box-text-bottom\" >\n\n                  <div class=\"box-image \" style=\"width:80%;\">\n           <div class=\"box-image-inner image-cover\" style=\"border-radius:100%;padding-top:100%;\">\n              <img loading=\"lazy\" decoding=\"async\" width=\"2560\" height=\"1706\" src=\"https:\/\/maynenkhiadong.com\/wp-content\/uploads\/2023\/04\/IMG_5005-scaled.jpg\" class=\"attachment- size-\" alt=\"\" srcset=\"https:\/\/maynenkhiadong.com\/wp-content\/uploads\/2023\/04\/IMG_5005-scaled.jpg 2560w, https:\/\/maynenkhiadong.com\/wp-content\/uploads\/2023\/04\/IMG_5005-scaled-510x340.jpg 510w, https:\/\/maynenkhiadong.com\/wp-content\/uploads\/2023\/04\/IMG_5005-600x400.jpg 600w, https:\/\/maynenkhiadong.com\/wp-content\/uploads\/2023\/04\/IMG_5005-1200x800.jpg 1200w, https:\/\/maynenkhiadong.com\/wp-content\/uploads\/2023\/04\/IMG_5005-768x512.jpg 768w, https:\/\/maynenkhiadong.com\/wp-content\/uploads\/2023\/04\/IMG_5005-1536x1024.jpg 1536w, https:\/\/maynenkhiadong.com\/wp-content\/uploads\/2023\/04\/IMG_5005-2048x1365.jpg 2048w, https:\/\/maynenkhiadong.com\/wp-content\/uploads\/2023\/04\/IMG_5005-1320x880.jpg 1320w\" sizes=\"(max-width: 2560px) 100vw, 2560px\" \/>                         <\/div>\n          <\/div>\n         \n          <div class=\"box-text text-center\" >\n                <div class=\"box-text-inner\">\n                  <h4 class=\"uppercase\">\n                    <span class=\"person-name\">Ms Y\u1ebfn<\/span><br\/>\n                    <span class=\"person-title is-small thin-font op-7\">\n                      CEO \/ Founder                    <\/span>\n                  <\/h4>\n                 <div class=\"social-icons follow-icons\" ><a href=\"#\" target=\"_blank\" data-label=\"Facebook\" rel=\"noopener noreferrer nofollow\" class=\"icon button circle is-outline facebook tooltip\" title=\"Follow on Facebook\" aria-label=\"Follow on Facebook\"><i class=\"icon-facebook\" ><\/i><\/a><a href=\"#\" target=\"_blank\" data-label=\"Twitter\" rel=\"noopener noreferrer nofollow\" class=\"icon button circle is-outline  twitter tooltip\" title=\"Follow on Twitter\" aria-label=\"Follow on Twitter\"><i class=\"icon-twitter\" ><\/i><\/a><a href=\"mailto:#\" data-label=\"E-mail\" rel=\"nofollow\" class=\"icon button circle is-outline  email tooltip\" title=\"Send us an email\" aria-label=\"Send us an email\"><i class=\"icon-envelop\" ><\/i><\/a><a href=\"#\" target=\"_blank\" rel=\"noopener noreferrer nofollow\"  data-label=\"Pinterest\"  class=\"icon button circle is-outline  pinterest tooltip\" title=\"Follow on Pinterest\" aria-label=\"Follow on Pinterest\"><i class=\"icon-pinterest\" ><\/i><\/a><a href=\"#\" target=\"_blank\" rel=\"noopener noreferrer nofollow\" data-label=\"LinkedIn\" class=\"icon button circle is-outline  linkedin tooltip\" title=\"Follow on LinkedIn\" aria-label=\"Follow on LinkedIn\"><i class=\"icon-linkedin\" ><\/i><\/a><\/div>                 \n\n\n                <\/div>\n          <\/div>\n    <\/div>\n\n    \n    \n\n\t\t<\/div>\n\t\t\t\t\t<\/div>\n\n\t\n\n\t<div id=\"col-499163773\" class=\"col medium-3 small-12 large-3\"  >\n\t\t\t\t<div class=\"col-inner\"  >\n\t\t\t\n\t\t\t\n\n    <div class=\"box has-hover has-hover box-bounce box-text-bottom\" >\n\n                  <div class=\"box-image \" style=\"width:80%;\">\n           <div class=\"box-image-inner image-cover\" style=\"border-radius:100%;padding-top:100%;\">\n              <img loading=\"lazy\" decoding=\"async\" width=\"1152\" height=\"2560\" src=\"https:\/\/maynenkhiadong.com\/wp-content\/uploads\/2024\/01\/Linh.jpg\" class=\"attachment- size-\" alt=\"\" srcset=\"https:\/\/maynenkhiadong.com\/wp-content\/uploads\/2024\/01\/Linh.jpg 1152w, https:\/\/maynenkhiadong.com\/wp-content\/uploads\/2024\/01\/Linh-510x1133.jpg 510w, https:\/\/maynenkhiadong.com\/wp-content\/uploads\/2024\/01\/Linh-180x400.jpg 180w, https:\/\/maynenkhiadong.com\/wp-content\/uploads\/2024\/01\/Linh-360x800.jpg 360w, https:\/\/maynenkhiadong.com\/wp-content\/uploads\/2024\/01\/Linh-768x1707.jpg 768w, https:\/\/maynenkhiadong.com\/wp-content\/uploads\/2024\/01\/Linh-691x1536.jpg 691w, https:\/\/maynenkhiadong.com\/wp-content\/uploads\/2024\/01\/Linh-922x2048.jpg 922w\" sizes=\"(max-width: 1152px) 100vw, 1152px\" \/>                         <\/div>\n          <\/div>\n         \n          <div class=\"box-text text-center\" >\n                <div class=\"box-text-inner\">\n                  <h4 class=\"uppercase\">\n                    <span class=\"person-name\">Ms Linh<\/span><br\/>\n                    <span class=\"person-title is-small thin-font op-7\">\n                      Marketing                    <\/span>\n                  <\/h4>\n                 <div class=\"social-icons follow-icons\" ><a href=\"#\" target=\"_blank\" data-label=\"Facebook\" rel=\"noopener noreferrer nofollow\" class=\"icon button circle is-outline facebook tooltip\" title=\"Follow on Facebook\" aria-label=\"Follow on Facebook\"><i class=\"icon-facebook\" ><\/i><\/a><a href=\"#\" target=\"_blank\" data-label=\"Twitter\" rel=\"noopener noreferrer nofollow\" class=\"icon button circle is-outline  twitter tooltip\" title=\"Follow on Twitter\" aria-label=\"Follow on Twitter\"><i class=\"icon-twitter\" ><\/i><\/a><a href=\"mailto:#\" data-label=\"E-mail\" rel=\"nofollow\" class=\"icon button circle is-outline  email tooltip\" title=\"Send us an email\" aria-label=\"Send us an email\"><i class=\"icon-envelop\" ><\/i><\/a><a href=\"#\" target=\"_blank\" rel=\"noopener noreferrer nofollow\"  data-label=\"Pinterest\"  class=\"icon button circle is-outline  pinterest tooltip\" title=\"Follow on Pinterest\" aria-label=\"Follow on Pinterest\"><i class=\"icon-pinterest\" ><\/i><\/a><a href=\"#\" target=\"_blank\" rel=\"noopener noreferrer nofollow\" data-label=\"LinkedIn\" class=\"icon button circle is-outline  linkedin tooltip\" title=\"Follow on LinkedIn\" aria-label=\"Follow on LinkedIn\"><i class=\"icon-linkedin\" ><\/i><\/a><\/div>                 \n\n\n                <\/div>\n          <\/div>\n    <\/div>\n\n    \n    \n\n\t\t<\/div>\n\t\t\t\t\t<\/div>\n\n\t\n\n\t<div id=\"col-715677792\" class=\"col medium-3 small-12 large-3\"  >\n\t\t\t\t<div class=\"col-inner\"  >\n\t\t\t\n\t\t\t\n\n    <div class=\"box has-hover has-hover box-text-bottom\" >\n\n                  <div class=\"box-image \" style=\"width:80%;\">\n           <div class=\"box-image-inner image-cover\" style=\"border-radius:100%;padding-top:100%;\">\n              <img loading=\"lazy\" decoding=\"async\" width=\"579\" height=\"579\" src=\"https:\/\/maynenkhiadong.com\/wp-content\/uploads\/2024\/01\/Mao.jpg\" class=\"attachment- size-\" alt=\"\" srcset=\"https:\/\/maynenkhiadong.com\/wp-content\/uploads\/2024\/01\/Mao.jpg 579w, https:\/\/maynenkhiadong.com\/wp-content\/uploads\/2024\/01\/Mao-247x247.jpg 247w, https:\/\/maynenkhiadong.com\/wp-content\/uploads\/2024\/01\/Mao-100x100.jpg 100w, https:\/\/maynenkhiadong.com\/wp-content\/uploads\/2024\/01\/Mao-510x510.jpg 510w, https:\/\/maynenkhiadong.com\/wp-content\/uploads\/2024\/01\/Mao-400x400.jpg 400w, https:\/\/maynenkhiadong.com\/wp-content\/uploads\/2024\/01\/Mao-280x280.jpg 280w, https:\/\/maynenkhiadong.com\/wp-content\/uploads\/2024\/01\/Mao-150x150.jpg 150w\" sizes=\"(max-width: 579px) 100vw, 579px\" \/>                         <\/div>\n          <\/div>\n         \n          <div class=\"box-text text-center\" >\n                <div class=\"box-text-inner\">\n                  <h4 class=\"uppercase\">\n                    <span class=\"person-name\">Mr M\u00e3o<\/span><br\/>\n                    <span class=\"person-title is-small thin-font op-7\">\n                      Director                    <\/span>\n                  <\/h4>\n                 <div class=\"social-icons follow-icons\" ><a href=\"#\" target=\"_blank\" data-label=\"Facebook\" rel=\"noopener noreferrer nofollow\" class=\"icon button circle is-outline facebook tooltip\" title=\"Follow on Facebook\" aria-label=\"Follow on Facebook\"><i class=\"icon-facebook\" ><\/i><\/a><a href=\"#\" target=\"_blank\" data-label=\"Twitter\" rel=\"noopener noreferrer nofollow\" class=\"icon button circle is-outline  twitter tooltip\" title=\"Follow on Twitter\" aria-label=\"Follow on Twitter\"><i class=\"icon-twitter\" ><\/i><\/a><a href=\"mailto:#\" data-label=\"E-mail\" rel=\"nofollow\" class=\"icon button circle is-outline  email tooltip\" title=\"Send us an email\" aria-label=\"Send us an email\"><i class=\"icon-envelop\" ><\/i><\/a><a href=\"#\" target=\"_blank\" rel=\"noopener noreferrer nofollow\"  data-label=\"Pinterest\"  class=\"icon button circle is-outline  pinterest tooltip\" title=\"Follow on Pinterest\" aria-label=\"Follow on Pinterest\"><i class=\"icon-pinterest\" ><\/i><\/a><a href=\"#\" target=\"_blank\" rel=\"noopener noreferrer nofollow\" data-label=\"LinkedIn\" class=\"icon button circle is-outline  linkedin tooltip\" title=\"Follow on LinkedIn\" aria-label=\"Follow on LinkedIn\"><i class=\"icon-linkedin\" ><\/i><\/a><\/div>                 \n\n\n                <\/div>\n          <\/div>\n    <\/div>\n\n    \n    \n\n\t\t<\/div>\n\t\t\t\t\t<\/div>\n\n\t\n\n\t<div id=\"col-1558470493\" class=\"col medium-3 small-12 large-3\"  >\n\t\t\t\t<div class=\"col-inner\"  >\n\t\t\t\n\t\t\t\n\n    <div class=\"box has-hover has-hover box-text-bottom\" >\n\n                  <div class=\"box-image \" style=\"width:80%;\">\n           <div class=\"box-image-inner image-cover\" style=\"border-radius:100%;padding-top:100%;\">\n              <img decoding=\"async\" src=\"https:\/\/maynenkhiadong.com\/wp-content\/themes\/flatsome\/assets\/img\/missing.jpg\" \/>                         <\/div>\n          <\/div>\n         \n          <div class=\"box-text text-center\" >\n                <div class=\"box-text-inner\">\n                  <h4 class=\"uppercase\">\n                    <span class=\"person-name\">Mr T\u00fa<\/span><br\/>\n                    <span class=\"person-title is-small thin-font op-7\">\n                      Customer Support                    <\/span>\n                  <\/h4>\n                 <div class=\"social-icons follow-icons\" ><a href=\"#\" target=\"_blank\" data-label=\"Facebook\" rel=\"noopener noreferrer nofollow\" class=\"icon button circle is-outline facebook tooltip\" title=\"Follow on Facebook\" aria-label=\"Follow on Facebook\"><i class=\"icon-facebook\" ><\/i><\/a><a href=\"#\" target=\"_blank\" data-label=\"Twitter\" rel=\"noopener noreferrer nofollow\" class=\"icon button circle is-outline  twitter tooltip\" title=\"Follow on Twitter\" aria-label=\"Follow on Twitter\"><i class=\"icon-twitter\" ><\/i><\/a><a href=\"mailto:#\" data-label=\"E-mail\" rel=\"nofollow\" class=\"icon button circle is-outline  email tooltip\" title=\"Send us an email\" aria-label=\"Send us an email\"><i class=\"icon-envelop\" ><\/i><\/a><a href=\"#\" target=\"_blank\" rel=\"noopener noreferrer nofollow\"  data-label=\"Pinterest\"  class=\"icon button circle is-outline  pinterest tooltip\" title=\"Follow on Pinterest\" aria-label=\"Follow on Pinterest\"><i class=\"icon-pinterest\" ><\/i><\/a><a href=\"#\" target=\"_blank\" rel=\"noopener noreferrer nofollow\" data-label=\"LinkedIn\" class=\"icon button circle is-outline  linkedin tooltip\" title=\"Follow on LinkedIn\" aria-label=\"Follow on LinkedIn\"><i class=\"icon-linkedin\" ><\/i><\/a><\/div>                 \n\n\n                <\/div>\n          <\/div>\n    <\/div>\n\n    \n    \n\n\t\t<\/div>\n\t\t\t\t\t<\/div>\n\n\t\n\n\n<style>\n#row-1413255261 > .col > .col-inner {\n  border-radius: 81px;\n}\n<\/style>\n<\/div>\n<div class=\"container section-title-container\" ><h1 class=\"section-title section-title-normal\"><b><\/b><span class=\"section-title-main\" style=\"font-size:142%;\">Kh\u00e1ch H\u00e0ng<\/span><b><\/b><\/h1><\/div>\n\n<div class=\"slider-wrapper relative\" id=\"slider-548806867\" >\n    <div class=\"slider slider-nav-reveal slider-nav-normal slider-nav-dark slider-nav-outside slider-style-shadow slider-show-nav\"\n        data-flickity-options='{\n            \"cellAlign\": \"center\",\n            \"imagesLoaded\": true,\n            \"lazyLoad\": 1,\n            \"freeScroll\": true,\n            \"wrapAround\": true,\n            \"autoPlay\": 600,\n            \"pauseAutoPlayOnHover\" : false,\n            \"prevNextButtons\": true,\n            \"contain\" : true,\n            \"adaptiveHeight\" : true,\n            \"dragThreshold\" : 10,\n            \"percentPosition\": true,\n            \"pageDots\": true,\n            \"rightToLeft\": false,\n            \"draggable\": true,\n            \"selectedAttraction\": 0.1,\n            \"parallax\" : 0,\n            \"friction\": 0.6        }'\n        >\n        \n\n<div class=\"ux-logo has-hover align-middle ux_logo inline-block\" style=\"max-width: 100%!important; width: 337px!important\"><div class=\"ux-logo-link block image-\" title=\"\" target=\"_blank\" rel=\"noopener noreferrer\" href=\"\" style=\"padding: 15px;\"><img decoding=\"async\" src=\"https:\/\/maynenkhiadong.com\/wp-content\/uploads\/2024\/01\/Xi-mang-vinh-son.png\" title=\"\" alt=\"\" class=\"ux-logo-image block\" style=\"height:200px;\" \/><\/div><\/div>\n\n<div class=\"ux-logo has-hover align-middle ux_logo inline-block\" style=\"max-width: 100%!important; width: 240.22927689594px!important\"><div class=\"ux-logo-link block image-\" title=\"\" target=\"_blank\" rel=\"noopener noreferrer\" href=\"\" style=\"padding: 15px;\"><img decoding=\"async\" src=\"https:\/\/maynenkhiadong.com\/wp-content\/uploads\/2024\/01\/Xi-mang-song-thao.png\" title=\"\" alt=\"\" class=\"ux-logo-image block\" style=\"height:200px;\" \/><\/div><\/div>\n\n<div class=\"ux-logo has-hover align-middle ux_logo inline-block\" style=\"max-width: 100%!important; width: 410.36809815951px!important\"><div class=\"ux-logo-link block image-\" title=\"\" target=\"_blank\" rel=\"noopener noreferrer\" href=\"\" style=\"padding: 15px;\"><img decoding=\"async\" src=\"https:\/\/maynenkhiadong.com\/wp-content\/uploads\/2024\/01\/Vina-2-logo.jpg\" title=\"\" alt=\"\" class=\"ux-logo-image block\" style=\"height:200px;\" \/><\/div><\/div>\n\n<div class=\"ux-logo has-hover align-middle ux_logo inline-block\" style=\"max-width: 100%!important; width: 633.1007751938px!important\"><div class=\"ux-logo-link block image-\" title=\"\"  href=\"\" style=\"padding: 15px;\"><img decoding=\"async\" src=\"https:\/\/maynenkhiadong.com\/wp-content\/uploads\/2024\/01\/Tamada.png\" title=\"\" alt=\"\" class=\"ux-logo-image block\" style=\"height:200px;\" \/><\/div><\/div>\n\n<div class=\"ux-logo has-hover align-middle ux_logo inline-block\" style=\"max-width: 100%!important; width: 259.22636103152px!important\"><div class=\"ux-logo-link block image-\" title=\"\"  href=\"\" style=\"padding: 15px;\"><img decoding=\"async\" src=\"https:\/\/maynenkhiadong.com\/wp-content\/uploads\/2024\/01\/Logo-PetroVietNam-New.webp\" title=\"\" alt=\"\" class=\"ux-logo-image block\" style=\"height:200px;\" \/><\/div><\/div>\n\n<div class=\"ux-logo has-hover align-middle ux_logo inline-block\" style=\"max-width: 100%!important; width: 399.50146627566px!important\"><div class=\"ux-logo-link block image-\" title=\"\"  href=\"\" style=\"padding: 15px;\"><img decoding=\"async\" src=\"https:\/\/maynenkhiadong.com\/wp-content\/uploads\/2024\/01\/logo-moi-cua-viettel.jpg\" title=\"\" alt=\"\" class=\"ux-logo-image block\" style=\"height:200px;\" \/><\/div><\/div>\n\n<div class=\"ux-logo has-hover align-middle ux_logo inline-block\" style=\"max-width: 100%!important; width: 346.45569620253px!important\"><div class=\"ux-logo-link block image-\" title=\"\"  href=\"\" style=\"padding: 15px;\"><img decoding=\"async\" src=\"https:\/\/maynenkhiadong.com\/wp-content\/uploads\/2024\/01\/Logo_Cty_TACN_Hoa_Ky_AFGC_V1000.jpg\" title=\"\" alt=\"\" class=\"ux-logo-image block\" style=\"height:200px;\" \/><\/div><\/div>\n\n<div class=\"ux-logo has-hover align-middle ux_logo inline-block\" style=\"max-width: 100%!important; width: 280.16286644951px!important\"><div class=\"ux-logo-link block image-\" title=\"\"  href=\"\" style=\"padding: 15px;\"><img decoding=\"async\" src=\"https:\/\/maynenkhiadong.com\/wp-content\/uploads\/2024\/01\/Liwayway.png\" title=\"\" alt=\"\" class=\"ux-logo-image block\" style=\"height:200px;\" \/><\/div><\/div>\n\n<div class=\"ux-logo has-hover align-middle ux_logo inline-block\" style=\"max-width: 100%!important; width: 295.625px!important\"><div class=\"ux-logo-link block image-\" title=\"\"  href=\"\" style=\"padding: 15px;\"><img decoding=\"async\" src=\"https:\/\/maynenkhiadong.com\/wp-content\/uploads\/2024\/01\/Knauf.png\" title=\"\" alt=\"\" class=\"ux-logo-image block\" style=\"height:200px;\" \/><\/div><\/div>\n\n<div class=\"ux-logo has-hover align-middle ux_logo inline-block\" style=\"max-width: 100%!important; width: 312.7167310878px!important\"><div class=\"ux-logo-link block image-\" title=\"\"  href=\"\" style=\"padding: 15px;\"><img decoding=\"async\" src=\"https:\/\/maynenkhiadong.com\/wp-content\/uploads\/2024\/01\/Hoa-Phat-logo-scaled.jpg\" title=\"\" alt=\"\" class=\"ux-logo-image block\" style=\"height:200px;\" \/><\/div><\/div>\n\n<div class=\"ux-logo has-hover align-middle ux_logo inline-block\" style=\"max-width: 100%!important; width: 542.85714285714px!important\"><div class=\"ux-logo-link block image-\" title=\"\"  href=\"\" style=\"padding: 15px;\"><img decoding=\"async\" src=\"https:\/\/maynenkhiadong.com\/wp-content\/uploads\/2024\/01\/Hitachi-energy.png\" title=\"\" alt=\"\" class=\"ux-logo-image block\" style=\"height:200px;\" \/><\/div><\/div>\n\n<div class=\"ux-logo has-hover align-middle ux_logo inline-block\" style=\"max-width: 100%!important; width: 230px!important\"><div class=\"ux-logo-link block image-\" title=\"\"  href=\"\" style=\"padding: 15px;\"><img decoding=\"async\" src=\"https:\/\/maynenkhiadong.com\/wp-content\/uploads\/2024\/01\/Hai-phat.jpg\" title=\"\" alt=\"\" class=\"ux-logo-image block\" style=\"height:200px;\" \/><\/div><\/div>\n\n<div class=\"ux-logo has-hover align-middle ux_logo inline-block\" style=\"max-width: 100%!important; width: auto!important\"><div class=\"ux-logo-link block image-\" title=\"\"  href=\"\" style=\"padding: 15px;\"><img decoding=\"async\" src=\"https:\/\/maynenkhiadong.com\/wp-content\/uploads\/2024\/01\/gp-batteries-1.svg\" title=\"\" alt=\"\" class=\"ux-logo-image block\" style=\"height:200px;\" \/><\/div><\/div>\n\n<div class=\"ux-logo has-hover align-middle ux_logo inline-block\" style=\"max-width: 100%!important; width: 315.71428571429px!important\"><div class=\"ux-logo-link block image-\" title=\"\"  href=\"\" style=\"padding: 15px;\"><img decoding=\"async\" src=\"https:\/\/maynenkhiadong.com\/wp-content\/uploads\/2024\/01\/Goertek.webp\" title=\"\" alt=\"\" class=\"ux-logo-image block\" style=\"height:200px;\" \/><\/div><\/div>\n\n<div class=\"ux-logo has-hover align-middle ux_logo inline-block\" style=\"max-width: 100%!important; width: 435.39682539683px!important\"><div class=\"ux-logo-link block image-\" title=\"\"  href=\"\" style=\"padding: 15px;\"><img decoding=\"async\" src=\"https:\/\/maynenkhiadong.com\/wp-content\/uploads\/2024\/01\/gentherm-logo.webp\" title=\"\" alt=\"\" class=\"ux-logo-image block\" style=\"height:200px;\" \/><\/div><\/div>\n\n<div class=\"ux-logo has-hover align-middle ux_logo inline-block\" style=\"max-width: 100%!important; width: 230px!important\"><div class=\"ux-logo-link block image-\" title=\"\"  href=\"\" style=\"padding: 15px;\"><img decoding=\"async\" src=\"https:\/\/maynenkhiadong.com\/wp-content\/uploads\/2024\/01\/Cheng-loong.png\" title=\"\" alt=\"\" class=\"ux-logo-image block\" style=\"height:200px;\" \/><\/div><\/div>\n\n<div class=\"ux-logo has-hover align-middle ux_logo inline-block\" style=\"max-width: 100%!important; width: 230px!important\"><div class=\"ux-logo-link block image-\" title=\"\"  href=\"\" style=\"padding: 15px;\"><img decoding=\"async\" src=\"https:\/\/maynenkhiadong.com\/wp-content\/uploads\/2024\/01\/Bumjin-logo.jpg\" title=\"\" alt=\"\" class=\"ux-logo-image block\" style=\"height:200px;\" \/><\/div><\/div>\n\n<div class=\"ux-logo has-hover align-middle ux_logo inline-block\" style=\"max-width: 100%!important; width: 411.67938931298px!important\"><div class=\"ux-logo-link block image-\" title=\"\"  href=\"\" style=\"padding: 15px;\"><img decoding=\"async\" src=\"https:\/\/maynenkhiadong.com\/wp-content\/uploads\/2024\/01\/Ariston.jpg\" title=\"\" alt=\"\" class=\"ux-logo-image block\" style=\"height:200px;\" \/><\/div><\/div>\n\n<div class=\"ux-logo has-hover align-middle ux_logo inline-block\" style=\"max-width: 100%!important; width: 296.66666666667px!important\"><div class=\"ux-logo-link block image-\" title=\"\"  href=\"\" style=\"padding: 15px;\"><img decoding=\"async\" src=\"https:\/\/maynenkhiadong.com\/wp-content\/uploads\/2024\/01\/10_THGroup.webp\" title=\"\" alt=\"\" class=\"ux-logo-image block\" style=\"height:200px;\" \/><\/div><\/div>\n\n\n     <\/div>\n\n     <div class=\"loading-spin dark large centered\"><\/div>\n\n          <style>\n            #slider-548806867 .flickity-slider > * { max-width: 300px !important; }\n     <\/style>\n     \t\n<style>\n#slider-548806867 {\n  margin-bottom: 250px;\n}\n<\/style>\n<\/div>\n\n","protected":false},"excerpt":{"rendered":"","protected":false},"author":1,"featured_media":18,"parent":0,"menu_order":0,"comment_status":"closed","ping_status":"closed","template":"page-transparent-header-light.php","meta":{"footnotes":""},"jetpack_sharing_enabled":true,"_links":{"self":[{"href":"https:\/\/maynenkhiadong.com\/index.php?rest_route=\/wp\/v2\/pages\/92"}],"collection":[{"href":"https:\/\/maynenkhiadong.com\/index.php?rest_route=\/wp\/v2\/pages"}],"about":[{"href":"https:\/\/maynenkhiadong.com\/index.php?rest_route=\/wp\/v2\/types\/page"}],"author":[{"embeddable":true,"href":"https:\/\/maynenkhiadong.com\/index.php?rest_route=\/wp\/v2\/users\/1"}],"replies":[{"embeddable":true,"href":"https:\/\/maynenkhiadong.com\/index.php?rest_route=%2Fwp%2Fv2%2Fcomments&post=92"}],"version-history":[{"count":40,"href":"https:\/\/maynenkhiadong.com\/index.php?rest_route=\/wp\/v2\/pages\/92\/revisions"}],"predecessor-version":[{"id":978,"href":"https:\/\/maynenkhiadong.com\/index.php?rest_route=\/wp\/v2\/pages\/92\/revisions\/978"}],"wp:featuredmedia":[{"embeddable":true,"href":"https:\/\/maynenkhiadong.com\/index.php?rest_route=\/wp\/v2\/media\/18"}],"wp:attachment":[{"href":"https:\/\/maynenkhiadong.com\/index.php?rest_route=%2Fwp%2Fv2%2Fmedia&parent=92"}],"curies":[{"name":"wp","href":"https:\/\/api.w.org\/{rel}","templated":true}]}}