{"id":1220,"date":"2024-02-06T01:30:33","date_gmt":"2024-02-06T01:30:33","guid":{"rendered":"https:\/\/maynenkhiadong.com\/?post_type=product&#038;p=1220"},"modified":"2024-05-21T04:26:08","modified_gmt":"2024-05-21T04:26:08","slug":"che-pham-lam-mat-chong-dong-ultra-coolant-thung-20-l","status":"publish","type":"product","link":"https:\/\/maynenkhiadong.com\/?product=che-pham-lam-mat-chong-dong-ultra-coolant-thung-20-l","title":{"rendered":"Ch\u1ebf Ph\u1ea9m L\u00e0m M\u00e1t Ch\u1ed1ng \u0110\u00f4ng Ultra-Coolant Th\u00f9ng 20 L"},"content":{"rendered":"<p><strong>T\u00ean<\/strong> : Ch\u1ebf ph\u1ea9m l\u00e0m m\u00e1t ch\u1ed1ng \u0111\u00f4ng \/ Ultra Coolant<\/p>\n<p><strong>K\u00edch th\u01b0\u1edbc<\/strong> : 20L<\/p>\n<p><strong>Tr\u1ecdng l\u01b0\u1ee3ng t\u1ecbnh<\/strong> : 19,7 kg<\/p>\n<p><strong>Tu\u1ed5i th\u1ecd<\/strong> : 8000h<\/p>\n<p><strong>H\u00e3ng<\/strong> : Ingeroll-Rand<\/p>\n<p><strong>M\u00e3<\/strong> : 38459582<\/p>\n<p><strong>H\u1ea1n s\u1eed d\u1ee5ng<\/strong> : 5 n\u0103m<\/p>\n<p><strong>S\u1ea3n xu\u1ea5t t\u1ea1i<\/strong> : United States<\/p>\n<p><em><strong>S\u1ea3n ph\u1ea9m n\u00e0y \u0111\u01b0\u1ee3c \u0111\u00e1nh nh\u00e3n kh\u00f4ng nguy hi\u1ec3m d\u1ef1a theo ti\u00eau chu\u1ea9n Globally Harmonized System\u00a0 (GHS).<\/strong><\/em><\/p>\n<p><em><strong>S\u1ea3n ph\u1ea9m ch\u1ee9a c\u00e1c th\u00e0nh ph\u1ea7m : Polypropylene glycol monobutyl ether; Fatty acids; C5-C10; Esters with pentaerythiol; Benzenamine ; N-Phenyl<\/strong><\/em><\/p>\n<p><em><strong>S\u1ea3n ph\u1ea9m ph\u1ea3n \u01b0ng v\u1edbi : 2,3,4-trimenthylpentene; Barium dinonyl-naphthalene sulfonate<\/strong><\/em><\/p>\n<p>&nbsp;<\/p>\n<p>&nbsp;<\/p>\n","protected":false},"excerpt":{"rendered":"<p>Ultra Coolant l\u00e0 m\u1ed9t ch\u1ea5t l\u00e0m m\u00e1t g\u1ed1c polyglycol \u0111\u01b0\u1ee3c thi\u1ebft k\u1ebf \u0111\u1ec3 \u0111\u1ea1t \u0111\u01b0\u1ee3c hi\u1ec7u su\u1ea5t l\u00e0m m\u00e1t cao nh\u1ea5t cho m\u00e1y n\u00e9n kh\u00ed tr\u1ee5c v\u00edt\u00a0 &#8211; ngay c\u1ea3 \u1edf nhi\u1ec7t \u0111\u1ed9 cao nh\u1ea5t.<\/p>\n<p>\u0110i\u1ec3m \u0111\u1ed9c \u0111\u00e1o trong c\u00f4ng th\u1ee9c c\u1ee7a Ultra Coolant cho ph\u00e9p n\u00f3 \u0111\u1ea1t\u00a0 tu\u1ed5i th\u1ecd r\u1ea5t cao, hi\u1ec7u su\u1ea5t l\u00e0m m\u00e1t tuy\u1ec7t v\u1eddi v\u00e0 c\u1ea3i thi\u1ec7n hi\u1ec7u n\u0103ng c\u1ee7a m\u00e1y n\u00e9n kh\u00ed.<\/p>\n<p>Kh\u00f4ng gi\u1ed1ng nh\u01b0 ch\u1ea5t l\u00e0m m\u00e1t g\u1ed1c d\u1ea7u m\u1ecf \u0111i\u1ec3n h\u00ecnh, Ultra Coolant cung c\u1ea5p \u0111\u1ed9 d\u1eabn nhi\u1ec7t cao \u0111\u1ec3 k\u00e9o d\u00e0i tu\u1ed5i th\u1ecd c\u1ee7a \u0111\u1ea7u n\u00e9n, c\u00e1c b\u1ed9 ph\u1eadn c\u1ee7a kh\u00e1c v\u00e0 th\u1eadm ch\u00ed c\u1ea3 l\u00e0m m\u00e1t ch\u00ednh n\u00f3.<\/p>\n<ul>\n<li><strong>Tu\u1ed5i th\u1ecd Ultra Coolant l\u00ean \u0111\u1ebfn 8.000 gi\u1edd<\/strong>, tu\u1ed5i th\u1ecd cao h\u01a1n h\u1ea7u h\u1ebft c\u00e1c lo\u1ea1i g\u1ed1c poly-alpha-olefin (PAO) v\u00e0 g\u1ea5p 8 l\u1ea7n tu\u1ed5i th\u1ecd c\u1ee7a ch\u1ea5t b\u00f4i tr\u01a1n th\u00f4ng th\u01b0\u1eddng<\/li>\n<li><strong>Gi\u1ea3m hi\u1ec7n t\u01b0\u1ee3ng t\u1ea1o b\u1ecdt so<\/strong> v\u1edbi ch\u1ea5t l\u00e0m m\u00e1t th\u00f4ng th\u01b0\u1eddng v\u00e0 c\u00e1c ch\u1ea5t l\u1ecfng t\u1ed5ng h\u1ee3p kh\u00e1c gi\u00fap gi\u1ea3m t\u1ec9 l\u1ec7 nhi\u1ec3m b\u1ea9n g\u00e2y \u1ea3nh h\u01b0\u1edfng \u0111\u1ebfn ch\u1ea5t l\u01b0\u1ee3ng kh\u00ed<\/li>\n<li><strong>Kh\u00f4ng c\u00f3 s\u1eed d\u1ee5ng vecni<\/strong> gi\u00fap ti\u1ebft ki\u1ec7m n\u0103ng l\u01b0\u1ee3ng, k\u00e9o d\u00e0i \u0111\u1ed9 tin c\u1eady v\u00e0 tu\u1ed5i th\u1ecd c\u1ee7a h\u1ec7 th\u1ed1ng<\/li>\n<li><strong>\u0110\u1ed9 d\u1eabn nhi\u1ec7t cao h\u01a1n 10%<\/strong> gi\u00fap k\u00e9o d\u00e0i tu\u1ed5i th\u1ecd m\u00e1y n\u00e9n v\u00e0 t\u0103ng hi\u1ec7u su\u1ea5t<\/li>\n<li><strong>\u0110i\u1ec3m Flash Point 271 \u00b0 C (520 \u00b0 F)<\/strong>, cao h\u01a1n h\u1ea7u h\u1ebft c\u00e1c lo\u1ea1i g\u1ed1c poly-alpha-olefin (PAO), diester v\u00e0 c\u00e1c ch\u1ea5t b\u00f4i tr\u01a1n t\u1ed5ng h\u1ee3p kh\u00e1c, t\u0103ng c\u01b0\u1eddng \u0111\u1ed9 an to\u00e0n khi v\u1eadn h\u00e0nh<\/li>\n<li><strong>C\u00f4ng ngh\u1ec7 l\u00e0m m\u00e1t ti\u00ean ti\u1ebfn<\/strong> cho ph\u00e9p m\u00e1y n\u00e9n kh\u00ed ch\u1ea1y m\u00e1t h\u01a1n v\u00e0 hi\u1ec7u qu\u1ea3 h\u01a1n, ngay c\u1ea3 trong t\u00ecnh tr\u1ea1ng nhi\u1ec7t \u0111\u1ed9 m\u00f4i tr\u01b0\u1eddng cao<\/li>\n<li><strong>Kh\u1ea3 n\u0103ng ph\u00e2n h\u1ee7y sinh h\u1ecdc t\u1ed1t<\/strong>\u00a0v\u00e0 kh\u1ea3 n\u0103ng t\u00e1i ch\u1ebf tuy\u1ec7t v\u1eddi<\/li>\n<\/ul>\n","protected":false},"featured_media":1309,"comment_status":"open","ping_status":"closed","template":"","meta":[],"product_cat":[129],"product_tag":[131,70,130],"jetpack_sharing_enabled":true,"_links":{"self":[{"href":"https:\/\/maynenkhiadong.com\/index.php?rest_route=\/wp\/v2\/product\/1220"}],"collection":[{"href":"https:\/\/maynenkhiadong.com\/index.php?rest_route=\/wp\/v2\/product"}],"about":[{"href":"https:\/\/maynenkhiadong.com\/index.php?rest_route=\/wp\/v2\/types\/product"}],"replies":[{"embeddable":true,"href":"https:\/\/maynenkhiadong.com\/index.php?rest_route=%2Fwp%2Fv2%2Fcomments&post=1220"}],"wp:featuredmedia":[{"embeddable":true,"href":"https:\/\/maynenkhiadong.com\/index.php?rest_route=\/wp\/v2\/media\/1309"}],"wp:attachment":[{"href":"https:\/\/maynenkhiadong.com\/index.php?rest_route=%2Fwp%2Fv2%2Fmedia&parent=1220"}],"wp:term":[{"taxonomy":"product_cat","embeddable":true,"href":"https:\/\/maynenkhiadong.com\/index.php?rest_route=%2Fwp%2Fv2%2Fproduct_cat&post=1220"},{"taxonomy":"product_tag","embeddable":true,"href":"https:\/\/maynenkhiadong.com\/index.php?rest_route=%2Fwp%2Fv2%2Fproduct_tag&post=1220"}],"curies":[{"name":"wp","href":"https:\/\/api.w.org\/{rel}","templated":true}]}}