{"id":1235,"date":"2024-03-01T04:20:02","date_gmt":"2024-03-01T04:20:02","guid":{"rendered":"https:\/\/maynenkhiadong.com\/?post_type=product&#038;p=1235"},"modified":"2024-03-01T07:14:03","modified_gmt":"2024-03-01T07:14:03","slug":"ultra-el","status":"publish","type":"product","link":"https:\/\/maynenkhiadong.com\/?product=ultra-el","title":{"rendered":"Ultra EL &#8211; Ch\u1ebf Ph\u1ea9m L\u00e0m M\u00e1t Ch\u1ed1ng \u0110\u00f4ng 16000h\/ Th\u00f9ng 15L"},"content":{"rendered":"<p>Ch\u1ebf ph\u1ea9m l\u00e0m m\u00e1t tr\u1ed1ng \u0111\u00f4ng Ultra Extended Life (EL) cho m\u00e1y n\u00e9n kh\u00ed Ingersoll-Rand<\/p>\n<p>Ultra EL l\u00e0 ch\u1ea5t b\u00f4i tr\u01a1n g\u1ed1c t\u1ed5ng h\u1ee3p s\u1eed d\u1ee5ng c\u00f4ng ngh\u00ea ti\u00ean ti\u1ebfn nh\u1ea5t hi\u1ec7n nay gi\u00fap k\u00e9o d\u00e0i tu\u1ed5i th\u1ecd g\u1ea5p \u0111\u00f4i so v\u1edbi d\u1ea7u c\u00f9ng lo\u1ea1i c\u1ee7a Ingersoll-Rand v\u00e0 g\u1ea5p 4 so v\u1edbi c\u00e1c ch\u1ea5t b\u00f4i tr\u01a1n g\u1ed1c kho\u00e1ng kh\u00e1c tr\u00ean th\u1ecb tr\u01b0\u1eddng.<\/p>\n<p>Gi\u00fap m\u00e1y n\u00e9n kh\u00ed c\u1ee7a b\u1ea1n lu\u00f4n ho\u1ea1t \u0111\u1ed9ng trong tr\u1ea1ng th\u00e1i ho\u00e0n h\u1ea3o nh\u1ea5t, gi\u1ea3m th\u1eddi gian ch\u1ebft v\u00e0 gi\u1ea3m chi ph\u00ed v\u1eadn h\u00e0nh thi\u1ebft b\u1ecb<\/p>\n<p>\u01afu \u0111i\u1ec3m<\/p>\n<ul>\n<li>Ng\u0103n s\u1ef1 b\u00e0o m\u00f2n b\u1ec1 m\u1eb7t \u1edf c\u00e1c v\u1ecb tr\u00ed quan tr\u1ecdng<\/li>\n<li>Gi\u1ea3m thi\u1ec3u t\u1ed1i \u0111a hao m\u00f2n<\/li>\n<li>K\u00e9o d\u00e0i tu\u1ed5i th\u1ecd c\u1ee7a c\u00e1c linh ki\u1ec7n b\u00ean trong<\/li>\n<li>Gi\u1ea3m chi ph\u00ed s\u1eed d\u1ee5ng do v\u1ea5n \u0111\u1ec1 h\u1ecfng h\u00f3c linh ki\u1ec7n<\/li>\n<li>Gi\u1ea3m thi\u1ec3u t\u00e1c \u0111\u1ed9ng \u0111\u1ebfn m\u00f4i tr\u01b0\u1eddng<\/li>\n<\/ul>\n<p>&nbsp;<\/p>\n","protected":false},"excerpt":{"rendered":"<table style=\"border-collapse: collapse; width: 26.0835%; height: 126px;\">\n<tbody>\n<tr style=\"height: 21px;\">\n<td style=\"width: 41.3683%; height: 21px;\">Ultra EL<\/td>\n<td style=\"width: 42.4603%; height: 21px;\"><\/td>\n<\/tr>\n<tr style=\"height: 21px;\">\n<td style=\"width: 41.3683%; text-align: center; height: 21px;\"><strong>M\u00f4 T\u1ea3<\/strong><\/td>\n<td style=\"width: 42.4603%; text-align: center; height: 21px;\"><strong>M\u00e3<\/strong><\/td>\n<\/tr>\n<tr style=\"height: 21px;\">\n<td style=\"width: 41.3683%; text-align: center; height: 21px;\">1 l\u00edt<\/td>\n<td style=\"width: 42.4603%; text-align: center; height: 21px;\">24161119<\/td>\n<\/tr>\n<tr style=\"height: 21px;\">\n<td style=\"width: 41.3683%; text-align: center; height: 21px;\">5 l\u00edt<\/td>\n<td style=\"width: 42.4603%; text-align: center; height: 21px;\">24061608<\/td>\n<\/tr>\n<tr style=\"height: 21px;\">\n<td style=\"width: 41.3683%; text-align: center; height: 21px;\">15 l\u00edt<\/td>\n<td style=\"width: 42.4603%; text-align: center; height: 21px;\">24061624<\/td>\n<\/tr>\n<tr style=\"height: 21px;\">\n<td style=\"width: 41.3683%; text-align: center; height: 21px;\">208 l\u00edt<\/td>\n<td style=\"width: 42.4603%; text-align: center; height: 21px;\">24061640<\/td>\n<\/tr>\n<\/tbody>\n<\/table>\n<ul>\n<li>Ti\u00eau chu\u1ea9n \u0111\u1ed9 nh\u1edbt ISO : 46\u00a0 \u00a0 \u00a0 \u00a0 \u00a0 \u00a0 ASTM D-2422<\/li>\n<li>\u0110i\u1ec3m b\u1eaft ch\u00e1y : 272 \u00baC \/ 522 \u00baF\u00a0 \u00a0 \u00a0 \u00a0ASTM D-92<\/li>\n<li>\u0110i\u1ec3m \u0111\u00f4ng \u0111\u1eb7c :\u00a0 &#8211; 57 \u00baC \/\u00a0 &#8211; 71 \u00baF\u00a0 \u00a0ASTM D-97<\/li>\n<li>Kh\u1ea3 n\u0103ng ch\u1ed1ng g\u1ec9 : Pass\u00a0 \u00a0 \u00a0 \u00a0 \u00a0 \u00a0 \u00a0 \u00a0 ASTM D-665B<\/li>\n<li>M\u00e0u s\u1eafc : Amber<\/li>\n<\/ul>\n<p>&nbsp;<\/p>\n","protected":false},"featured_media":1236,"comment_status":"open","ping_status":"closed","template":"","meta":[],"product_cat":[129],"product_tag":[70,135],"jetpack_sharing_enabled":true,"_links":{"self":[{"href":"https:\/\/maynenkhiadong.com\/index.php?rest_route=\/wp\/v2\/product\/1235"}],"collection":[{"href":"https:\/\/maynenkhiadong.com\/index.php?rest_route=\/wp\/v2\/product"}],"about":[{"href":"https:\/\/maynenkhiadong.com\/index.php?rest_route=\/wp\/v2\/types\/product"}],"replies":[{"embeddable":true,"href":"https:\/\/maynenkhiadong.com\/index.php?rest_route=%2Fwp%2Fv2%2Fcomments&post=1235"}],"wp:featuredmedia":[{"embeddable":true,"href":"https:\/\/maynenkhiadong.com\/index.php?rest_route=\/wp\/v2\/media\/1236"}],"wp:attachment":[{"href":"https:\/\/maynenkhiadong.com\/index.php?rest_route=%2Fwp%2Fv2%2Fmedia&parent=1235"}],"wp:term":[{"taxonomy":"product_cat","embeddable":true,"href":"https:\/\/maynenkhiadong.com\/index.php?rest_route=%2Fwp%2Fv2%2Fproduct_cat&post=1235"},{"taxonomy":"product_tag","embeddable":true,"href":"https:\/\/maynenkhiadong.com\/index.php?rest_route=%2Fwp%2Fv2%2Fproduct_tag&post=1235"}],"curies":[{"name":"wp","href":"https:\/\/api.w.org\/{rel}","templated":true}]}}