{"id":1260,"date":"2024-05-17T09:46:38","date_gmt":"2024-05-17T09:46:38","guid":{"rendered":"https:\/\/maynenkhiadong.com\/?post_type=product&#038;p=1260"},"modified":"2024-06-27T01:45:54","modified_gmt":"2024-06-27T01:45:54","slug":"loi-loc-duong-ong-ingersoll_rand-el-fa1200ig","status":"publish","type":"product","link":"https:\/\/maynenkhiadong.com\/?product=loi-loc-duong-ong-ingersoll_rand-el-fa1200ig","title":{"rendered":"L\u00d5I L\u1eccC \u0110\u01af\u1edcNG \u1ed0NG Ingersoll_Rand EL.FA1200IG"},"content":{"rendered":"<p><span style=\"font-family: arial, helvetica, sans-serif; font-size: 100%; color: #000000;\"><strong>T\u00ean<\/strong> : Filter EL.FA1200IG \/ L\u00f5i l\u1ecdc cho c\u1ed1c l\u1ecdc FA1200IG<\/span><\/p>\n<p><span style=\"color: #000000;\"><strong>M\u1ed9t Set bao g\u1ed3m : <\/strong>1 L\u00f5i l\u1ecdc, 1 s\u00e1ch h\u01b0\u1edbng d\u1eabn, 1 Ro\u0103ng l\u00e0m k\u00edn<\/span><\/p>\n<p><span style=\"font-family: arial, helvetica, sans-serif; font-size: 100%; color: #000000;\"><strong>M\u1ee9c \u0111\u1ed9 l\u1ecdc Grade G<\/strong> : General Purpose Protection<\/span><\/p>\n<p><span style=\"font-family: arial, helvetica, sans-serif; font-size: 100%; color: #000000;\">Lo\u1ea1i b\u1ecf h\u1ea1t xu\u1ed1ng \u0111\u1ebfn 1 micron bao g\u1ed3m c\u1ea3 c\u00e1c lo\u1ea1i<\/span><br \/>\n<span style=\"font-family: arial, helvetica, sans-serif; font-size: 100%; color: #000000;\">ch\u1ea5t l\u1ecfng, n\u01b0\u1edbc v\u00e0 d\u1ea7u, cung c\u1ea5p t\u1ed1i \u0111a d\u1ea7u sau khi qua l\u1ecdc<\/span><br \/>\n<span style=\"font-family: arial, helvetica, sans-serif; font-size: 100%; color: #000000;\">h\u00e0m l\u01b0\u1ee3ng aerosol c\u00f2n l\u1ea1i s\u1ebd l\u00e0 0,1 mg\/m3 (0,1 ppm) @ 21\u00b0C (60\u00b0F).<\/span><\/p>\n<p><span style=\"font-family: arial, helvetica, sans-serif; font-size: 100%; color: #000000;\"><strong>K\u00edch c\u1ee1 \u0111\u01b0\u1eddng \u1ed1ng<\/strong> : 3 inch<\/span><\/p>\n<p><span style=\"font-family: arial, helvetica, sans-serif; font-size: 100%; color: #000000;\"><strong>T\u1ed1c \u0111\u1ed9 d\u00f2ng ch\u1ea3y<\/strong> : 20,11 m3\/ph\u00fat<\/span><\/p>\n<p><span style=\"font-family: arial, helvetica, sans-serif; font-size: 100%; color: #000000;\"><strong>Part # \/ M\u00e3<\/strong> 24242422<\/span><\/p>\n<ul>\n<li>\n<blockquote><p><span style=\"color: #000000;\"><em><strong><span style=\"font-family: arial, helvetica, sans-serif; font-size: 100%;\">L\u00f5i l\u1ecdc \u0111\u01b0\u1ee3c c\u1ea5p b\u1eb1ng s\u00e1ng ch\u1ebf \u0111\u1eb7c bi\u1ec7t gi\u00fap gi\u1ea3m ch\u00eanh l\u1ec7ch \u00e1p su\u1ea5t v\u00e0 hi\u1ec7u su\u1ea5t v\u1eadn h\u00e0nh cao<\/span><\/strong><\/em><\/span><\/p><\/blockquote>\n<\/li>\n<li>\n<blockquote><p><span style=\"color: #000000;\"><em><strong><span style=\"font-family: arial, helvetica, sans-serif; font-size: 100%;\">C\u00f3 th\u1ec3 ch\u1ecbu nhi\u1ec7t \u0111\u1ed9 t\u1ed1i \u0111a176 \u00b0 F \/ 80 \u00b0 C, nhi\u1ec7t \u0111\u1ed9 t\u1ed1i thi\u1ec3u 1\u00b0C (34\u00b0F) v\u00e0 \u00e1p su\u1ea5t 250 psig \/ 17,2 bar<\/span><\/strong><\/em><\/span><\/p><\/blockquote>\n<\/li>\n<\/ul>\n<table style=\"height: 163px; width: 47.1584%; border-collapse: collapse; border-style: solid; border-color: #000000;\">\n<tbody>\n<tr style=\"height: 21px;\">\n<td style=\"width: 10%; height: 21px; border-style: solid; border-color: #000000; text-align: center; vertical-align: middle;\"><span style=\"font-family: arial, helvetica, sans-serif; font-size: 100%; color: #000000;\">Line<\/span><\/td>\n<td style=\"width: 9.8538%; height: 21px; border-style: solid; border-color: #000000; text-align: center; vertical-align: middle;\"><span style=\"font-family: arial, helvetica, sans-serif; font-size: 100%; color: #000000;\">bar g<\/span><\/td>\n<td style=\"border-style: solid; border-color: #000000; width: 60px; height: 60px; text-align: center; vertical-align: middle;\"><span style=\"font-family: arial, helvetica, sans-serif; font-size: 100%; color: #000000;\">1<\/span><\/td>\n<td style=\"border-style: solid; border-color: #000000; width: 60px; height: 60px; text-align: center; vertical-align: middle;\"><span style=\"font-family: arial, helvetica, sans-serif; font-size: 100%; color: #000000;\">2<\/span><\/td>\n<td style=\"border-style: solid; border-color: #000000; width: 60px; height: 60px; text-align: center; vertical-align: middle;\"><span style=\"font-family: arial, helvetica, sans-serif; font-size: 100%; color: #000000;\">3<\/span><\/td>\n<td style=\"border-style: solid; border-color: #000000; width: 60px; height: 60px; text-align: center; vertical-align: middle;\"><span style=\"font-family: arial, helvetica, sans-serif; font-size: 100%; color: #000000;\">5<\/span><\/td>\n<td style=\"border-style: solid; border-color: #000000; width: 60px; height: 60px; text-align: center; vertical-align: middle;\"><span style=\"font-family: arial, helvetica, sans-serif; font-size: 100%; color: #000000;\">7<\/span><\/td>\n<td style=\"border-style: solid; border-color: #000000; width: 60px; height: 60px; text-align: center; vertical-align: middle;\"><span style=\"font-family: arial, helvetica, sans-serif; font-size: 100%; color: #000000;\">9<\/span><\/td>\n<td style=\"border-style: solid; border-color: #000000; width: 60px; height: 60px; text-align: center; vertical-align: middle;\"><span style=\"font-family: arial, helvetica, sans-serif; font-size: 100%; color: #000000;\">11<\/span><\/td>\n<td style=\"border-style: solid; border-color: #000000; width: 60px; height: 60px; text-align: center; vertical-align: middle;\"><span style=\"font-family: arial, helvetica, sans-serif; font-size: 100%; color: #000000;\">13<\/span><\/td>\n<td style=\"border-style: solid; border-color: #000000; width: 60px; height: 60px; text-align: center; vertical-align: middle;\"><span style=\"font-family: arial, helvetica, sans-serif; font-size: 100%; color: #000000;\">15<\/span><\/td>\n<td style=\"border-style: solid; border-color: #000000; width: 60px; height: 60px; text-align: center; vertical-align: middle;\"><span style=\"font-family: arial, helvetica, sans-serif; font-size: 100%; color: #000000;\">16<\/span><\/td>\n<td style=\"border-style: solid; border-color: #000000; width: 60px; height: 60px; text-align: center; vertical-align: middle;\"><span style=\"font-family: arial, helvetica, sans-serif; font-size: 100%; color: #000000;\">17<\/span><\/td>\n<\/tr>\n<tr style=\"height: 21px;\">\n<td style=\"width: 10%; height: 21px; border-style: solid; border-color: #000000; text-align: center; vertical-align: middle;\"><span style=\"font-family: arial, helvetica, sans-serif; font-size: 100%; color: #000000;\">Pressure<\/span><\/td>\n<td style=\"width: 9.8538%; height: 21px; border-style: solid; border-color: #000000; text-align: center; vertical-align: middle;\"><span style=\"font-family: arial, helvetica, sans-serif; font-size: 100%; color: #000000;\">psig<\/span><\/td>\n<td style=\"border-style: solid; border-color: #000000; width: 60px; height: 60px; text-align: center; vertical-align: middle;\"><span style=\"font-family: arial, helvetica, sans-serif; font-size: 100%; color: #000000;\">15<\/span><\/td>\n<td style=\"border-style: solid; border-color: #000000; width: 60px; height: 60px; text-align: center; vertical-align: middle;\"><span style=\"font-family: arial, helvetica, sans-serif; font-size: 100%; color: #000000;\">29<\/span><\/td>\n<td style=\"border-style: solid; border-color: #000000; width: 60px; height: 60px; text-align: center; vertical-align: middle;\"><span style=\"font-family: arial, helvetica, sans-serif; font-size: 100%; color: #000000;\">44<\/span><\/td>\n<td style=\"border-style: solid; border-color: #000000; width: 60px; height: 60px; text-align: center; vertical-align: middle;\"><span style=\"font-family: arial, helvetica, sans-serif; font-size: 100%; color: #000000;\">73<\/span><\/td>\n<td style=\"border-style: solid; border-color: #000000; width: 60px; height: 60px; text-align: center; vertical-align: middle;\"><span style=\"font-family: arial, helvetica, sans-serif; font-size: 100%; color: #000000;\">100<\/span><\/td>\n<td style=\"border-style: solid; border-color: #000000; width: 60px; height: 60px; text-align: center; vertical-align: middle;\"><span style=\"font-family: arial, helvetica, sans-serif; font-size: 100%; color: #000000;\">131<\/span><\/td>\n<td style=\"border-style: solid; border-color: #000000; width: 60px; height: 60px; text-align: center; vertical-align: middle;\"><span style=\"font-family: arial, helvetica, sans-serif; font-size: 100%; color: #000000;\">160<\/span><\/td>\n<td style=\"border-style: solid; border-color: #000000; width: 60px; height: 60px; text-align: center; vertical-align: middle;\"><span style=\"font-family: arial, helvetica, sans-serif; font-size: 100%; color: #000000;\">189<\/span><\/td>\n<td style=\"border-style: solid; border-color: #000000; width: 60px; height: 60px; text-align: center; vertical-align: middle;\"><span style=\"font-family: arial, helvetica, sans-serif; font-size: 100%; color: #000000;\">218<\/span><\/td>\n<td style=\"border-style: solid; border-color: #000000; width: 60px; height: 60px; text-align: center; vertical-align: middle;\"><span style=\"font-family: arial, helvetica, sans-serif; font-size: 100%; color: #000000;\">232<\/span><\/td>\n<td style=\"border-style: solid; border-color: #000000; width: 60px; height: 60px; text-align: center; vertical-align: middle;\"><span style=\"font-family: arial, helvetica, sans-serif; font-size: 100%; color: #000000;\">250<\/span><\/td>\n<\/tr>\n<tr style=\"height: 21px;\">\n<td style=\"width: 19.8538%; height: 21px; border-style: solid; border-color: #000000; text-align: center; vertical-align: middle;\" colspan=\"2\"><span style=\"font-family: arial, helvetica, sans-serif; font-size: 100%; color: #000000;\">Correction factor<\/span><\/td>\n<td style=\"border-style: solid; border-color: #000000; width: 60px; height: 60px; text-align: center; vertical-align: middle;\"><span style=\"font-family: arial, helvetica, sans-serif; font-size: 100%; color: #000000;\">0.38<\/span><\/td>\n<td style=\"border-style: solid; border-color: #000000; width: 60px; height: 60px; text-align: center; vertical-align: middle;\"><span style=\"font-family: arial, helvetica, sans-serif; font-size: 100%; color: #000000;\">0.53<\/span><\/td>\n<td style=\"border-style: solid; border-color: #000000; width: 60px; height: 60px; text-align: center; vertical-align: middle;\"><span style=\"font-family: arial, helvetica, sans-serif; font-size: 100%; color: #000000;\">0.65<\/span><\/td>\n<td style=\"border-style: solid; border-color: #000000; width: 60px; height: 60px; text-align: center; vertical-align: middle;\"><span style=\"font-family: arial, helvetica, sans-serif; font-size: 100%; color: #000000;\">0.85<\/span><\/td>\n<td style=\"border-style: solid; border-color: #000000; width: 60px; height: 60px; text-align: center; vertical-align: middle;\"><span style=\"font-family: arial, helvetica, sans-serif; font-size: 100%; color: #000000;\">1.00<\/span><\/td>\n<td style=\"border-style: solid; border-color: #000000; width: 60px; height: 60px; text-align: center; vertical-align: middle;\"><span style=\"font-family: arial, helvetica, sans-serif; font-size: 100%; color: #000000;\">1.13<\/span><\/td>\n<td style=\"border-style: solid; border-color: #000000; width: 60px; height: 60px; text-align: center; vertical-align: middle;\"><span style=\"font-family: arial, helvetica, sans-serif; font-size: 100%; color: #000000;\">1.25<\/span><\/td>\n<td style=\"border-style: solid; border-color: #000000; width: 60px; height: 60px; text-align: center; vertical-align: middle;\"><span style=\"font-family: arial, helvetica, sans-serif; font-size: 100%; color: #000000;\">1.36<\/span><\/td>\n<td style=\"border-style: solid; border-color: #000000; width: 60px; height: 60px; text-align: center; vertical-align: middle;\"><span style=\"font-family: arial, helvetica, sans-serif; font-size: 100%; color: #000000;\">1.46<\/span><\/td>\n<td style=\"border-style: solid; border-color: #000000; width: 60px; height: 60px; text-align: center; vertical-align: middle;\"><span style=\"font-family: arial, helvetica, sans-serif; font-size: 100%; color: #000000;\">1.51<\/span><\/td>\n<td style=\"border-style: solid; border-color: #000000; width: 60px; height: 60px; text-align: center; vertical-align: middle;\"><span style=\"font-family: arial, helvetica, sans-serif; font-size: 100%; color: #000000;\">1.56<\/span><\/td>\n<\/tr>\n<\/tbody>\n<\/table>\n<p><span style=\"font-size: 85%; color: #000000;\"><em><span style=\"font-family: arial, helvetica, sans-serif;\">To use correction factors, multiply the filter\u2019s capacity by the correction factor to get the new filter flow capacity at the<\/span><\/em><\/span><br \/>\n<span style=\"font-size: 85%; color: #000000;\"><em><span style=\"font-family: arial, helvetica, sans-serif;\">non-standard operating pressure. For example, a 110 SCFM filter operating at 160 psig has a correction factor of 1.25.<\/span><\/em><\/span><br \/>\n<span style=\"font-size: 85%; color: #000000;\"><em><span style=\"font-family: arial, helvetica, sans-serif;\">1.25 x 110 = 137.5 SCFM capacity at 160 psig.<\/span><\/em><\/span><\/p>\n","protected":false},"excerpt":{"rendered":"<p><span style=\"font-family: arial, helvetica, sans-serif; font-size: 120%; color: #0000ff;\"><span style=\"color: #000000;\">B\u1ed9 l\u1ecdc \u0111\u01b0\u1eddng \u1ed1ng kh\u00ed n\u00e9n ti\u00ean ti\u1ebfn F-Series c\u1ee7a Ingersoll_Rand gi\u1ea3m \u00f4 nhi\u1ec5m trong \u0111\u01b0\u1eddng \u1ed1ng d\u1eabn kh\u00ed c\u1ee7a b\u1ea1n, gi\u00fap b\u1ea3o v\u1ec7 c\u00e1c quy tr\u00ecnh quan tr\u1ecdng v\u00e0 thi\u1ebft b\u1ecb c\u00f3 gi\u00e1 tr\u1ecb. <\/span><\/span><\/p>\n<p><span style=\"font-family: arial, helvetica, sans-serif; font-size: 120%; color: #000000;\">\u0110\u01b0\u1ee3c th\u1eed nghi\u1ec7m v\u00e0 thi\u1ebft k\u1ebf nghi\u00eam ng\u1eb7t v\u1edbi c\u00e1c th\u00e0nh ph\u1ea7n \u01b0u vi\u1ec7t, b\u1ed9 l\u1ecdc F-Series s\u1ebd mang l\u1ea1i hi\u1ec7u su\u1ea5t \u0111\u00e1ng tin c\u1eady trong nhi\u1ec1u n\u0103m v\u00e0 kh\u00ed n\u00e9n c\u00f3 ch\u1ea5t l\u01b0\u1ee3ng \u1ed5n \u0111\u1ecbnh cao.<\/span><\/p>\n","protected":false},"featured_media":1263,"comment_status":"open","ping_status":"closed","template":"","meta":[],"product_cat":[138,28],"product_tag":[70,139,71],"jetpack_sharing_enabled":true,"_links":{"self":[{"href":"https:\/\/maynenkhiadong.com\/index.php?rest_route=\/wp\/v2\/product\/1260"}],"collection":[{"href":"https:\/\/maynenkhiadong.com\/index.php?rest_route=\/wp\/v2\/product"}],"about":[{"href":"https:\/\/maynenkhiadong.com\/index.php?rest_route=\/wp\/v2\/types\/product"}],"replies":[{"embeddable":true,"href":"https:\/\/maynenkhiadong.com\/index.php?rest_route=%2Fwp%2Fv2%2Fcomments&post=1260"}],"wp:featuredmedia":[{"embeddable":true,"href":"https:\/\/maynenkhiadong.com\/index.php?rest_route=\/wp\/v2\/media\/1263"}],"wp:attachment":[{"href":"https:\/\/maynenkhiadong.com\/index.php?rest_route=%2Fwp%2Fv2%2Fmedia&parent=1260"}],"wp:term":[{"taxonomy":"product_cat","embeddable":true,"href":"https:\/\/maynenkhiadong.com\/index.php?rest_route=%2Fwp%2Fv2%2Fproduct_cat&post=1260"},{"taxonomy":"product_tag","embeddable":true,"href":"https:\/\/maynenkhiadong.com\/index.php?rest_route=%2Fwp%2Fv2%2Fproduct_tag&post=1260"}],"curies":[{"name":"wp","href":"https:\/\/api.w.org\/{rel}","templated":true}]}}