{"id":1270,"date":"2024-05-18T02:48:56","date_gmt":"2024-05-18T02:48:56","guid":{"rendered":"https:\/\/maynenkhiadong.com\/?post_type=product&#038;p=1270"},"modified":"2024-05-18T02:48:56","modified_gmt":"2024-05-18T02:48:56","slug":"loi-loc-duong-ong-ingersoll_rand-el-fa1200ih","status":"publish","type":"product","link":"https:\/\/maynenkhiadong.com\/?product=loi-loc-duong-ong-ingersoll_rand-el-fa1200ih","title":{"rendered":"L\u00d5I L\u1eccC \u0110\u01af\u1edcNG \u1ed0NG Ingersoll_Rand EL.FA1200IH"},"content":{"rendered":"<p><span style=\"font-family: arial, helvetica, sans-serif; font-size: 100%;\"><strong>T\u00ean<\/strong> : Filter EL.FA1200IG \/ L\u00f5i l\u1ecdc cho c\u1ed1c l\u1ecdc FA1200IH<\/span><\/p>\n<p><span style=\"font-family: arial, helvetica, sans-serif; font-size: 100%;\"><strong>M\u1ed9t Set bao g\u1ed3m :\u00a0<\/strong>1 L\u00f5i l\u1ecdc, 1 s\u00e1ch h\u01b0\u1edbng d\u1eabn, 1 Ro\u0103ng l\u00e0m k\u00edn<\/span><\/p>\n<p><span style=\"font-family: arial, helvetica, sans-serif; font-size: 100%;\"><strong>M\u1ee9c \u0111\u1ed9 l\u1ecdc Grade H<\/strong> : High Efficiency Oil Removal Filtration<\/span><\/p>\n<p>Lo\u1ea1i b\u1ecf h\u1ea1t xu\u1ed1ng \u0111\u1ebfn 0,01 micron bao g\u1ed3m n\u01b0\u1edbc v\u00e0 d\u1ea7u<br \/>\nb\u00ecnh x\u1ecbt, gi\u1ea3m h\u00e0m l\u01b0\u1ee3ng aerosol xu\u1ed1ng t\u1ed1i \u0111a<br \/>\n0,01 mg\/m3 (0,01 trang\/ph\u00fat) @ 21\u00b0C (60\u00b0F). (V\u1edbi<br \/>\nB\u1ed9 l\u1ecdc l\u1edbp G l\u1eafp ph\u00eda tr\u01b0\u1edbc)<\/p>\n<p><span style=\"font-family: arial, helvetica, sans-serif; font-size: 100%;\"><strong>K\u00edch c\u1ee1 \u0111\u01b0\u1eddng \u1ed1ng<\/strong>\u00a0: 3 inch<\/span><\/p>\n<p><span style=\"font-family: arial, helvetica, sans-serif; font-size: 100%;\"><strong>T\u1ed1c \u0111\u1ed9 d\u00f2ng ch\u1ea3y<\/strong>\u00a0: 20,11 m3\/ph\u00fat<\/span><\/p>\n<p><span style=\"font-family: arial, helvetica, sans-serif; font-size: 100%;\"><strong>Part # \/ M\u00e3<\/strong> 24242430<\/span><\/p>\n<ul>\n<li>\n<blockquote><p><span style=\"font-family: arial, helvetica, sans-serif; font-size: 105%; color: #000000;\"><em><strong>L\u00f5i l\u1ecdc \u0111\u01b0\u1ee3c c\u1ea5p b\u1eb1ng s\u00e1ng ch\u1ebf \u0111\u1eb7c bi\u1ec7t gi\u00fap gi\u1ea3m ch\u00eanh l\u1ec7ch \u00e1p su\u1ea5t v\u00e0 hi\u1ec7u su\u1ea5t v\u1eadn h\u00e0nh cao<\/strong><\/em><\/span><\/p><\/blockquote>\n<\/li>\n<li>\n<blockquote><p><span style=\"font-family: arial, helvetica, sans-serif; font-size: 105%; color: #000000;\"><em><strong>C\u00f3 th\u1ec3 ch\u1ecbu nhi\u1ec7t \u0111\u1ed9 t\u1ed1i \u0111a176 \u00b0 F \/ 80 \u00b0 C, nhi\u1ec7t \u0111\u1ed9 t\u1ed1i thi\u1ec3u 1\u00b0C (34\u00b0F) v\u00e0 \u00e1p su\u1ea5t 250 psig \/ 17,2 bar<\/strong><\/em><\/span><\/p><\/blockquote>\n<\/li>\n<\/ul>\n<table style=\"width: 39.5152%; height: 146px;\">\n<tbody>\n<tr>\n<td style=\"border-style: solid; border-color: #000000; text-align: center; vertical-align: middle;\"><span style=\"font-family: arial, helvetica, sans-serif; font-size: 100%;\">Line<\/span><\/td>\n<td style=\"border-style: solid; border-color: #000000; text-align: center; vertical-align: middle;\"><span style=\"font-family: arial, helvetica, sans-serif; font-size: 100%;\">bar g<\/span><\/td>\n<td style=\"border-style: solid; border-color: #000000; text-align: center; vertical-align: middle;\"><span style=\"font-family: arial, helvetica, sans-serif; font-size: 100%;\">1<\/span><\/td>\n<td style=\"border-style: solid; border-color: #000000; text-align: center; vertical-align: middle;\"><span style=\"font-family: arial, helvetica, sans-serif; font-size: 100%;\">2<\/span><\/td>\n<td style=\"border-style: solid; border-color: #000000; text-align: center; vertical-align: middle;\"><span style=\"font-family: arial, helvetica, sans-serif; font-size: 100%;\">3<\/span><\/td>\n<td style=\"border-style: solid; border-color: #000000; text-align: center; vertical-align: middle;\"><span style=\"font-family: arial, helvetica, sans-serif; font-size: 100%;\">5<\/span><\/td>\n<td style=\"border-style: solid; border-color: #000000; text-align: center; vertical-align: middle;\"><span style=\"font-family: arial, helvetica, sans-serif; font-size: 100%;\">7<\/span><\/td>\n<td style=\"border-style: solid; border-color: #000000; text-align: center; vertical-align: middle;\"><span style=\"font-family: arial, helvetica, sans-serif; font-size: 100%;\">9<\/span><\/td>\n<td style=\"border-style: solid; border-color: #000000; text-align: center; vertical-align: middle;\"><span style=\"font-family: arial, helvetica, sans-serif; font-size: 100%;\">11<\/span><\/td>\n<td style=\"border-style: solid; border-color: #000000; text-align: center; vertical-align: middle;\"><span style=\"font-family: arial, helvetica, sans-serif; font-size: 100%;\">13<\/span><\/td>\n<td style=\"border-style: solid; border-color: #000000; text-align: center; vertical-align: middle;\"><span style=\"font-family: arial, helvetica, sans-serif; font-size: 100%;\">15<\/span><\/td>\n<td style=\"border-style: solid; border-color: #000000; text-align: center; vertical-align: middle;\"><span style=\"font-family: arial, helvetica, sans-serif; font-size: 100%;\">16<\/span><\/td>\n<td style=\"border-style: solid; border-color: #000000; text-align: center; vertical-align: middle;\"><span style=\"font-family: arial, helvetica, sans-serif; font-size: 100%;\">17<\/span><\/td>\n<\/tr>\n<tr>\n<td style=\"border-style: solid; border-color: #000000; text-align: center; vertical-align: middle;\"><span style=\"font-family: arial, helvetica, sans-serif; font-size: 100%;\">Pressure<\/span><\/td>\n<td style=\"border-style: solid; border-color: #000000; text-align: center; vertical-align: middle;\"><span style=\"font-family: arial, helvetica, sans-serif; font-size: 100%;\">psig<\/span><\/td>\n<td style=\"border-style: solid; border-color: #000000; text-align: center; vertical-align: middle;\"><span style=\"font-family: arial, helvetica, sans-serif; font-size: 100%;\">15<\/span><\/td>\n<td style=\"border-style: solid; border-color: #000000; text-align: center; vertical-align: middle;\"><span style=\"font-family: arial, helvetica, sans-serif; font-size: 100%;\">29<\/span><\/td>\n<td style=\"border-style: solid; border-color: #000000; text-align: center; vertical-align: middle;\"><span style=\"font-family: arial, helvetica, sans-serif; font-size: 100%;\">44<\/span><\/td>\n<td style=\"border-style: solid; border-color: #000000; text-align: center; vertical-align: middle;\"><span style=\"font-family: arial, helvetica, sans-serif; font-size: 100%;\">73<\/span><\/td>\n<td style=\"border-style: solid; border-color: #000000; text-align: center; vertical-align: middle;\"><span style=\"font-family: arial, helvetica, sans-serif; font-size: 100%;\">100<\/span><\/td>\n<td style=\"border-style: solid; border-color: #000000; text-align: center; vertical-align: middle;\"><span style=\"font-family: arial, helvetica, sans-serif; font-size: 100%;\">131<\/span><\/td>\n<td style=\"border-style: solid; border-color: #000000; text-align: center; vertical-align: middle;\"><span style=\"font-family: arial, helvetica, sans-serif; font-size: 100%;\">160<\/span><\/td>\n<td style=\"border-style: solid; border-color: #000000; text-align: center; vertical-align: middle;\"><span style=\"font-family: arial, helvetica, sans-serif; font-size: 100%;\">189<\/span><\/td>\n<td style=\"border-style: solid; border-color: #000000; text-align: center; vertical-align: middle;\"><span style=\"font-family: arial, helvetica, sans-serif; font-size: 100%;\">218<\/span><\/td>\n<td style=\"border-style: solid; border-color: #000000; text-align: center; vertical-align: middle;\"><span style=\"font-family: arial, helvetica, sans-serif; font-size: 100%;\">232<\/span><\/td>\n<td style=\"border-style: solid; border-color: #000000; text-align: center; vertical-align: middle;\"><span style=\"font-family: arial, helvetica, sans-serif; font-size: 100%;\">250<\/span><\/td>\n<\/tr>\n<tr>\n<td style=\"border-style: solid; border-color: #000000; text-align: center; vertical-align: middle;\" colspan=\"2\"><span style=\"font-family: arial, helvetica, sans-serif; font-size: 100%;\">Correction factor<\/span><\/td>\n<td style=\"border-style: solid; border-color: #000000; text-align: center; vertical-align: middle;\"><span style=\"font-family: arial, helvetica, sans-serif; font-size: 100%;\">0.38<\/span><\/td>\n<td style=\"border-style: solid; border-color: #000000; text-align: center; vertical-align: middle;\"><span style=\"font-family: arial, helvetica, sans-serif; font-size: 100%;\">0.53<\/span><\/td>\n<td style=\"border-style: solid; border-color: #000000; text-align: center; vertical-align: middle;\"><span style=\"font-family: arial, helvetica, sans-serif; font-size: 100%;\">0.65<\/span><\/td>\n<td style=\"border-style: solid; border-color: #000000; text-align: center; vertical-align: middle;\"><span style=\"font-family: arial, helvetica, sans-serif; font-size: 100%;\">0.85<\/span><\/td>\n<td style=\"border-style: solid; border-color: #000000; text-align: center; vertical-align: middle;\"><span style=\"font-family: arial, helvetica, sans-serif; font-size: 100%;\">1.00<\/span><\/td>\n<td style=\"border-style: solid; border-color: #000000; text-align: center; vertical-align: middle;\"><span style=\"font-family: arial, helvetica, sans-serif; font-size: 100%;\">1.13<\/span><\/td>\n<td style=\"border-style: solid; border-color: #000000; text-align: center; vertical-align: middle;\"><span style=\"font-family: arial, helvetica, sans-serif; font-size: 100%;\">1.25<\/span><\/td>\n<td style=\"border-style: solid; border-color: #000000; text-align: center; vertical-align: middle;\"><span style=\"font-family: arial, helvetica, sans-serif; font-size: 100%;\">1.36<\/span><\/td>\n<td style=\"border-style: solid; border-color: #000000; text-align: center; vertical-align: middle;\"><span style=\"font-family: arial, helvetica, sans-serif; font-size: 100%;\">1.46<\/span><\/td>\n<td style=\"border-style: solid; border-color: #000000; text-align: center; vertical-align: middle;\"><span style=\"font-family: arial, helvetica, sans-serif; font-size: 100%;\">1.51<\/span><\/td>\n<td style=\"border-style: solid; border-color: #000000; text-align: center; vertical-align: middle;\"><span style=\"font-family: arial, helvetica, sans-serif; font-size: 100%;\">1.56<\/span><\/td>\n<\/tr>\n<\/tbody>\n<\/table>\n<p><span style=\"font-family: arial, helvetica, sans-serif; font-size: 100%;\"><em>To use correction factors, multiply the filter\u2019s capacity by the correction factor to get the new filter flow capacity at the<\/em><\/span><br \/>\n<span style=\"font-family: arial, helvetica, sans-serif; font-size: 100%;\"><em>non-standard operating pressure. For example, a 110 SCFM filter operating at 160 psig has a correction factor of 1.25.<\/em><\/span><br \/>\n<span style=\"font-family: arial, helvetica, sans-serif; font-size: 100%;\"><em>1.25 x 110 = 137.5 SCFM capacity at 160 psig.<\/em><\/span><\/p>\n","protected":false},"excerpt":{"rendered":"<p><span style=\"font-family: arial, helvetica, sans-serif; font-size: 105%;\">B\u1ed9 l\u1ecdc \u0111\u01b0\u1eddng \u1ed1ng kh\u00ed n\u00e9n ti\u00ean ti\u1ebfn F-Series c\u1ee7a Ingersoll_Rand gi\u1ea3m \u00f4 nhi\u1ec5m trong \u0111\u01b0\u1eddng \u1ed1ng d\u1eabn kh\u00ed c\u1ee7a b\u1ea1n, gi\u00fap b\u1ea3o v\u1ec7 c\u00e1c quy tr\u00ecnh quan tr\u1ecdng v\u00e0 thi\u1ebft b\u1ecb c\u00f3 gi\u00e1 tr\u1ecb.<\/span><\/p>\n<p><span style=\"font-family: arial, helvetica, sans-serif; font-size: 105%;\">\u0110\u01b0\u1ee3c th\u1eed nghi\u1ec7m v\u00e0 thi\u1ebft k\u1ebf nghi\u00eam ng\u1eb7t v\u1edbi c\u00e1c th\u00e0nh ph\u1ea7n \u01b0u vi\u1ec7t, b\u1ed9 l\u1ecdc F-Series s\u1ebd mang l\u1ea1i hi\u1ec7u su\u1ea5t \u0111\u00e1ng tin c\u1eady trong nhi\u1ec1u n\u0103m v\u00e0 kh\u00ed n\u00e9n c\u00f3 ch\u1ea5t l\u01b0\u1ee3ng \u1ed5n \u0111\u1ecbnh cao.<\/span><\/p>\n","protected":false},"featured_media":1271,"comment_status":"open","ping_status":"closed","template":"","meta":[],"product_cat":[138,28],"product_tag":[],"jetpack_sharing_enabled":true,"_links":{"self":[{"href":"https:\/\/maynenkhiadong.com\/index.php?rest_route=\/wp\/v2\/product\/1270"}],"collection":[{"href":"https:\/\/maynenkhiadong.com\/index.php?rest_route=\/wp\/v2\/product"}],"about":[{"href":"https:\/\/maynenkhiadong.com\/index.php?rest_route=\/wp\/v2\/types\/product"}],"replies":[{"embeddable":true,"href":"https:\/\/maynenkhiadong.com\/index.php?rest_route=%2Fwp%2Fv2%2Fcomments&post=1270"}],"wp:featuredmedia":[{"embeddable":true,"href":"https:\/\/maynenkhiadong.com\/index.php?rest_route=\/wp\/v2\/media\/1271"}],"wp:attachment":[{"href":"https:\/\/maynenkhiadong.com\/index.php?rest_route=%2Fwp%2Fv2%2Fmedia&parent=1270"}],"wp:term":[{"taxonomy":"product_cat","embeddable":true,"href":"https:\/\/maynenkhiadong.com\/index.php?rest_route=%2Fwp%2Fv2%2Fproduct_cat&post=1270"},{"taxonomy":"product_tag","embeddable":true,"href":"https:\/\/maynenkhiadong.com\/index.php?rest_route=%2Fwp%2Fv2%2Fproduct_tag&post=1270"}],"curies":[{"name":"wp","href":"https:\/\/api.w.org\/{rel}","templated":true}]}}