{"id":1323,"date":"2024-05-22T03:44:46","date_gmt":"2024-05-22T03:44:46","guid":{"rendered":"https:\/\/maynenkhiadong.com\/?post_type=product&#038;p=1323"},"modified":"2024-10-11T02:04:36","modified_gmt":"2024-10-11T02:04:36","slug":"ong-dau-oil-hose-part-24260879001","status":"publish","type":"product","link":"https:\/\/maynenkhiadong.com\/?product=ong-dau-oil-hose-part-24260879001","title":{"rendered":"\u00d4ng d\u1ea7u\/ Oil Hose, Part # 24260879001"},"content":{"rendered":"<p><span style=\"font-family: arial, helvetica, sans-serif; font-size: 110%;\"><strong>T\u00ean<\/strong> : \u00d4ng d\u1ea7u\/ Oil Hose<\/span><\/p>\n<p><span style=\"font-family: arial, helvetica, sans-serif; font-size: 110%;\"><strong>Part #<\/strong> : 24260879001<\/span><\/p>\n<p><span style=\"font-family: arial, helvetica, sans-serif; font-size: 110%;\"><strong>H\u00e3ng<\/strong> :Ingersoll-Rand<\/span><\/p>\n<p><span style=\"font-family: arial, helvetica, sans-serif; font-size: 110%;\"><strong>D\u00f9ng cho m\u00e1y<\/strong> : RS90IE, RS110IE, RS132I, RS132IE, RS160I, RS160IE<\/span><\/p>\n<p><span style=\"font-family: arial, helvetica, sans-serif; font-size: 110%;\"><strong>Ch\u1ea5t li\u1ec7u<\/strong> : \u0110\u01b0\u1ee3c b\u1ecdc l\u01b0\u1edbi Inox b\u00ean ngo\u00e0i<\/span><\/p>\n<p><span style=\"font-family: arial, helvetica, sans-serif; font-size: 110%;\"><strong>V\u1ecb tr\u00ed<\/strong> : \u1ed0ng n\u1ed1i t\u1eeb c\u1ee5m l\u1ecdc d\u1ea7u \u0111\u1ec1n \u0111\u1ea7u n\u00e9n (S\u1ed1 16 tr\u00ean s\u01a1 \u0111\u1ed3)<\/span><\/p>\n<p>&nbsp;<\/p>\n<p>&nbsp;<\/p>\n","protected":false},"excerpt":{"rendered":"<p><span style=\"font-family: arial, helvetica, sans-serif; font-size: 120%;\">\u1ed0ng d\u1eabn d\u1ea7u n\u1ed1i t\u1eeb c\u1ee5m l\u1ecdc d\u1ea7u \u0111\u1ebfn \u0111\u1ea7u n\u00e9n c\u1ee7a m\u00e1y RS90 &#8211; RS160I (S\u1ed1 16 tr\u00ean s\u01a1 \u0111\u1ed3 h\u1ec7 th\u1ed1ng ). \u1ed0ng \u0111\u01b0\u1ee3c b\u1ecdc l\u01b0\u1edbi Inox b\u00ean ngo\u00e0i t\u0103ng \u0111\u1ed9 b\u1ec1n<\/span><\/p>\n<p><span style=\"font-family: arial, helvetica, sans-serif; font-size: 115%;\">\u1ed0ng \u0111\u01b0\u1ee3c thi\u1ebft k\u1ebf \u0111\u1ec3 c\u00f3 kh\u1ea3 n\u0103ng ch\u1ecbu nhi\u1ec7t \u0111\u1ed9 cao v\u00e0 ch\u1ecbu \u00e1p t\u1ed1t<\/span><\/p>\n","protected":false},"featured_media":1325,"comment_status":"open","ping_status":"closed","template":"","meta":[],"product_cat":[101,28],"product_tag":[],"jetpack_sharing_enabled":true,"_links":{"self":[{"href":"https:\/\/maynenkhiadong.com\/index.php?rest_route=\/wp\/v2\/product\/1323"}],"collection":[{"href":"https:\/\/maynenkhiadong.com\/index.php?rest_route=\/wp\/v2\/product"}],"about":[{"href":"https:\/\/maynenkhiadong.com\/index.php?rest_route=\/wp\/v2\/types\/product"}],"replies":[{"embeddable":true,"href":"https:\/\/maynenkhiadong.com\/index.php?rest_route=%2Fwp%2Fv2%2Fcomments&post=1323"}],"wp:featuredmedia":[{"embeddable":true,"href":"https:\/\/maynenkhiadong.com\/index.php?rest_route=\/wp\/v2\/media\/1325"}],"wp:attachment":[{"href":"https:\/\/maynenkhiadong.com\/index.php?rest_route=%2Fwp%2Fv2%2Fmedia&parent=1323"}],"wp:term":[{"taxonomy":"product_cat","embeddable":true,"href":"https:\/\/maynenkhiadong.com\/index.php?rest_route=%2Fwp%2Fv2%2Fproduct_cat&post=1323"},{"taxonomy":"product_tag","embeddable":true,"href":"https:\/\/maynenkhiadong.com\/index.php?rest_route=%2Fwp%2Fv2%2Fproduct_tag&post=1323"}],"curies":[{"name":"wp","href":"https:\/\/api.w.org\/{rel}","templated":true}]}}