{"id":1328,"date":"2024-05-22T06:31:12","date_gmt":"2024-05-22T06:31:12","guid":{"rendered":"https:\/\/maynenkhiadong.com\/?post_type=product&#038;p=1328"},"modified":"2024-05-22T06:32:28","modified_gmt":"2024-05-22T06:32:28","slug":"van-cho-scavenge-line-valve-orifice-check-part-23829328","status":"publish","type":"product","link":"https:\/\/maynenkhiadong.com\/?product=van-cho-scavenge-line-valve-orifice-check-part-23829328","title":{"rendered":"Van cho Scavenge Line\/  Valve, Orifice, Check Part # 23829328"},"content":{"rendered":"<p><span style=\"font-family: arial, helvetica, sans-serif; font-size: 110%;\"><strong>T\u00ean<\/strong> : Van cho Scavenge Line\/ Valve, Orifice, Check<\/span><\/p>\n<p><span style=\"font-family: arial, helvetica, sans-serif; font-size: 110%;\"><strong>H\u00e3ng<\/strong> : Ingersoll-Rand<\/span><\/p>\n<p><span style=\"font-family: arial, helvetica, sans-serif; font-size: 110%;\"><strong>Part #<\/strong> 23829328<\/span><\/p>\n<p><span style=\"font-family: arial, helvetica, sans-serif; font-size: 110%;\"><strong>D\u00f2ng m\u00e1y<\/strong> : R132-160N, R90-160 (1 c\u1ea5p), R90-160 (2 c\u1ea5p),\u00a0 R132-160N,I , R90-160 NE,IE (2 c\u1ea5p) , RS90-110I\/N , RS90-160 I \/ IE<\/span><\/p>\n<p><span style=\"font-family: arial, helvetica, sans-serif; font-size: 110%;\"><strong>V\u1ecb tr\u00ed<\/strong> : N\u1eb1m tr\u00ean \u0111\u01b0\u1eddng thu h\u1ed3i d\u1ea7u, n\u1ed1i t\u1eeb b\u00ecnh d\u1ea7u \u0111\u1ebfn \u0111\u1ea7u n\u00e9n ( S\u1ed1 2 tr\u00ean s\u01a1 \u0111\u1ed3 )<\/span><\/p>\n<ul>\n<li><strong><em><span style=\"font-family: arial, helvetica, sans-serif; font-size: 110%;\">Van n\u00e0y \u0111\u1ea3m b\u1ea3o cho d\u1ea7u \u0111i \u0111\u00fang h\u01b0\u1edbng t\u1eeb \u0111\u00e1y l\u1ecdc t\u00e1ch quay tr\u1edd v\u1ec1 \u0111\u1ea7u n\u00e9n (None return valve)<\/span><\/em><\/strong><\/li>\n<li><strong><em>Tr\u00ean th\u00e2n van s\u1ebd c\u00f3 m\u0169i t\u00ean ch\u1ec9 chi\u1ec1u d\u00f2ng ch\u1ea3y c\u1ee7a d\u1ea7u, ch\u00fa \u00fd khi l\u1eafp b\u1ea1n ph\u1ea3i l\u1eafp \u0111\u00fang h\u01b0\u1edbng.(L\u1eafp ng\u01b0\u1ee3c s\u1ebd d\u1eabn t\u1edbi hi\u1ec7n t\u01b0\u1ee3ng hao d\u1ea7u &amp; kh\u00ed n\u00e9n c\u00f3 d\u1ea7u)<\/em><\/strong><\/li>\n<\/ul>\n<p>&nbsp;<\/p>\n","protected":false},"excerpt":{"rendered":"<p><span style=\"font-family: arial, helvetica, sans-serif; font-size: 110%;\"> Scavenge line \u0111\u01b0\u1ee3c thi\u1ebft k\u1ebf \u0111\u1ec3 lo\u1ea1i b\u1ecf d\u1ea7u \u0111\u01b0\u1ee3c t\u00edch t\u1ee5 kh\u1ecfi \u0111\u00e1y l\u1ecdc t\u00e1ch d\u1ea7u- kh\u00ed. C\u00e1c v\u1ea5n \u0111\u1ec1 li\u00ean quan \u0111\u1ebfn Scavenge line c\u1ea7n t\u00ecm bao g\u1ed3m \u0111\u01b0\u1eddng \u1ed1ng b\u1ecb cong, \u0111\u01b0\u1eddng \u1ed1ng qu\u00e1 d\u00e0i v\u00e0 ch\u1ea1m v\u00e0o \u0111\u00e1y d\u1ea3i ph\u00e2n c\u00e1ch c\u0169ng nh\u01b0 \u0111\u01b0\u1eddng \u1ed1ng th\u1ea3i b\u1ea9n\/t\u1eafc. Nh\u1eefng v\u1ea5n \u0111\u1ec1 n\u00e0y \u0111\u1ec1u c\u00f3 th\u1ec3 khi\u1ebfn d\u1ea7u t\u00edch t\u1ee5 trong l\u00f3c t\u00e1ch t\u0103ng l\u00ean cu\u1ed1i c\u00f9ng s\u1ebd g\u00e2y qu\u00e1 t\u1ea3i h\u1ec7 th\u1ed1ng t\u00e1ch d\u00e2u\/kh\u00ed, cu\u1ed1i c\u00f9ng d\u1ea7u s\u1ebd b\u1ecb \u0111\u1ea9y ra theo \u0111\u01b0\u1eddng kh\u00ed n\u00e9n g\u00e2y \u00f4 nhi\u1ec5m kh\u00ed n\u00e9n v\u00e0 th\u1ea5t tho\u00e1t d\u1ea7u c\u1ee7a m\u00e1y n\u00e9n kh\u00ed.<\/span><\/p>\n<p>&nbsp;<\/p>\n<p>&nbsp;<\/p>\n","protected":false},"featured_media":1329,"comment_status":"open","ping_status":"closed","template":"","meta":[],"product_cat":[101,28],"product_tag":[141,70,142],"jetpack_sharing_enabled":true,"_links":{"self":[{"href":"https:\/\/maynenkhiadong.com\/index.php?rest_route=\/wp\/v2\/product\/1328"}],"collection":[{"href":"https:\/\/maynenkhiadong.com\/index.php?rest_route=\/wp\/v2\/product"}],"about":[{"href":"https:\/\/maynenkhiadong.com\/index.php?rest_route=\/wp\/v2\/types\/product"}],"replies":[{"embeddable":true,"href":"https:\/\/maynenkhiadong.com\/index.php?rest_route=%2Fwp%2Fv2%2Fcomments&post=1328"}],"wp:featuredmedia":[{"embeddable":true,"href":"https:\/\/maynenkhiadong.com\/index.php?rest_route=\/wp\/v2\/media\/1329"}],"wp:attachment":[{"href":"https:\/\/maynenkhiadong.com\/index.php?rest_route=%2Fwp%2Fv2%2Fmedia&parent=1328"}],"wp:term":[{"taxonomy":"product_cat","embeddable":true,"href":"https:\/\/maynenkhiadong.com\/index.php?rest_route=%2Fwp%2Fv2%2Fproduct_cat&post=1328"},{"taxonomy":"product_tag","embeddable":true,"href":"https:\/\/maynenkhiadong.com\/index.php?rest_route=%2Fwp%2Fv2%2Fproduct_tag&post=1328"}],"curies":[{"name":"wp","href":"https:\/\/api.w.org\/{rel}","templated":true}]}}