{"id":1444,"date":"2024-10-08T06:49:07","date_gmt":"2024-10-08T06:49:07","guid":{"rendered":"https:\/\/maynenkhiadong.com\/?post_type=product&#038;p=1444"},"modified":"2024-10-09T03:48:44","modified_gmt":"2024-10-09T03:48:44","slug":"bo-kit-bao-duong-van-hang-nhiet-cua-ingersoll-rand-maintannce-kit-temperature-control-part-23917842","status":"publish","type":"product","link":"https:\/\/maynenkhiadong.com\/?product=bo-kit-bao-duong-van-hang-nhiet-cua-ingersoll-rand-maintannce-kit-temperature-control-part-23917842","title":{"rendered":"B\u1ed9 Kit B\u1ea3o D\u01b0\u1ee1ng Van h\u1eb1ng nhi\u1ec7t c\u1ee7a Ingersoll-Rand \/ Maintenance Kit Temperature Control Part # 23418502"},"content":{"rendered":"<p><span style=\"font-family: arial, helvetica, sans-serif; font-size: 110%;\"><strong>T\u00ean<\/strong> : B\u1ed9 Kit B\u1ea3o D\u01b0\u1ee1ng Van h\u1eb1ng nhi\u1ec7t c\u1ee7a Ingersoll-Rand \/ Maintenance Kit Temperature Control Part<\/span><\/p>\n<p><span style=\"font-family: arial, helvetica, sans-serif; font-size: 110%;\"><strong>H\u00e3ng<\/strong> : Ingersoll-Rand<\/span><\/p>\n<p><span style=\"font-family: arial, helvetica, sans-serif; font-size: 110%;\"><strong>Part #<\/strong> 23917842<\/span><\/p>\n<p><span style=\"font-family: arial, helvetica, sans-serif; font-size: 110%;\"><strong>B\u1ed9 Kit bao g\u1ed3m :<\/strong> 1 l\u00f5i kim nhi\u1ec7t, 1 l\u00f2 xo, 1 l\u00f5i \u00e1o<\/span><\/p>\n<p><span style=\"font-family: arial, helvetica, sans-serif; font-size: 110%;\"><strong>D\u00f2ng m\u00e1y<\/strong>: V110-160kW<\/span><\/p>\n<p><span style=\"font-family: arial, helvetica, sans-serif; font-size: 110%;\"><strong>V\u1ecb tr\u00ed<\/strong> : N\u1eb1m \u1edf ng\u00e3 tu\u1ea7n ho\u00e0n d\u1ea7u, \u0111i\u1ec3m chung chuy\u1ec3n d\u1ea7u l\u00ean &amp; xu\u1ed1ng gi\u00e0n trao \u0111\u1ed5i nhi\u1ec7t<\/span><\/p>\n<ul>\n<li><strong><em><span style=\"font-family: arial, helvetica, sans-serif; font-size: 110%;\">Van n\u00e0y \u0111\u1ea3m b\u1ea3o d\u1ea7u lu\u00f4n \u1edf m\u1ee9c nhi\u1ec7t \u0111\u1ed9 tr\u00ean 80\u00baC<\/span><\/em><\/strong><\/li>\n<li><b><i>B\u1ed9 kit c\u00f3 \u0111\u1ee7 linh ki\u00ean \u0111\u1ec3 thay th\u1ebf m\u1ed7i\u00a0 8000h, gi\u00fap \u0111\u1ea3m b\u1ea3o ho\u1ea1t \u0111\u1ed9ng trao \u0111\u1ed5i nhi\u1ec7t \u0111\u01b0\u1ee3c t\u1ed1i \u01b0u nh\u1ea5t.<\/i><\/b><\/li>\n<li><b><i>V\u1ec7 sinh b\u00ean trong \u1ed5 van s\u1ea1ch tr\u01b0\u01a1c khi ti\u1ebfn h\u00e0nh thay th\u1ebf.<\/i><\/b><\/li>\n<\/ul>\n","protected":false},"excerpt":{"rendered":"<p><strong>Van h\u1eb1ng nhi\u1ec7t l\u00e0 m\u1ed9t ph\u1ee5 ki\u1ec7n nh\u1ecf r\u1ea5t quan tr\u1ecdng trong m\u00e1y n\u00e9n kh\u00ed,n\u00f3 c\u00f3 th\u1ec3 \u0111i\u1ec1u ch\u1ec9nh l\u01b0u l\u01b0\u1ee3ng d\u1ea7u trong m\u00e1y n\u00e9n tr\u1ee5c v\u00edt. \u0110i\u1ec1u ch\u1ec9nh nhi\u1ec7t \u0111\u1ed9 d\u1ea7u \u0111\u1ebfn nhi\u1ec7t \u0111\u1ed9 l\u00e0m vi\u1ec7c t\u1ed1t nh\u1ea5t c\u00e0ng nhanh c\u00e0ng t\u1ed1t \u0111\u1ec3 \u0111\u1ea3m b\u1ea3o d\u1ea7u \u0111\u1ea7y \u0111\u1ee7.<\/strong><br \/>\n<strong>Nhi\u1ec7t \u0111\u1ed9 th\u1ea5p l\u00e0 k\u1ebb th\u00f9 s\u1ed1 m\u1ed9t c\u1ee7a m\u00e1y n\u00e9n tr\u1ee5c v\u00edt. Van n\u00e0y \u0111\u01b0\u1ee3c s\u1eed d\u1ee5ng khi m\u00e1y n\u00e9n v\u1eabn \u1edf tr\u1ea1ng th\u00e1i nhi\u1ec7t \u0111\u1ed9 th\u1ea5p (sau khi t\u1eaft m\u00e1y) ho\u1eb7c ho\u1ea1t \u0111\u1ed9ng trong \u0111i\u1ec1u ki\u1ec7n r\u1ea5t l\u1ea1nh (m\u00f9a \u0111\u00f4ng).<\/strong><br \/>\n<strong>Khi d\u1ea7u m\u00e1y n\u00e9n tr\u1edf n\u00ean l\u1ea1nh, van s\u1ebd b\u1ecf qua b\u1ed9 l\u00e0m m\u00e1t d\u1ea7u, do \u0111\u00f3 kh\u00f4ng c\u00f3 d\u1ea7u ch\u1ea3y qua b\u1ed9 l\u00e0m m\u00e1t. \u0110i\u1ec1u n\u00e0y \u0111\u01b0\u1ee3c th\u1ef1c hi\u1ec7n \u0111\u1ec3 l\u00e0m n\u00f3ng d\u1ea7u nhanh nh\u1ea5t c\u00f3 th\u1ec3 \u0111\u1ec3 lo\u1ea1i b\u1ecf n\u01b0\u1edbc ng\u01b0ng t\u1ee5 b\u00ean trong m\u00e1y n\u00e9n kh\u00ed.<\/strong><\/p>\n","protected":false},"featured_media":1445,"comment_status":"open","ping_status":"closed","template":"","meta":[],"product_cat":[102],"product_tag":[],"jetpack_sharing_enabled":true,"_links":{"self":[{"href":"https:\/\/maynenkhiadong.com\/index.php?rest_route=\/wp\/v2\/product\/1444"}],"collection":[{"href":"https:\/\/maynenkhiadong.com\/index.php?rest_route=\/wp\/v2\/product"}],"about":[{"href":"https:\/\/maynenkhiadong.com\/index.php?rest_route=\/wp\/v2\/types\/product"}],"replies":[{"embeddable":true,"href":"https:\/\/maynenkhiadong.com\/index.php?rest_route=%2Fwp%2Fv2%2Fcomments&post=1444"}],"wp:featuredmedia":[{"embeddable":true,"href":"https:\/\/maynenkhiadong.com\/index.php?rest_route=\/wp\/v2\/media\/1445"}],"wp:attachment":[{"href":"https:\/\/maynenkhiadong.com\/index.php?rest_route=%2Fwp%2Fv2%2Fmedia&parent=1444"}],"wp:term":[{"taxonomy":"product_cat","embeddable":true,"href":"https:\/\/maynenkhiadong.com\/index.php?rest_route=%2Fwp%2Fv2%2Fproduct_cat&post=1444"},{"taxonomy":"product_tag","embeddable":true,"href":"https:\/\/maynenkhiadong.com\/index.php?rest_route=%2Fwp%2Fv2%2Fproduct_tag&post=1444"}],"curies":[{"name":"wp","href":"https:\/\/api.w.org\/{rel}","templated":true}]}}