{"id":168,"date":"2014-08-10T10:06:55","date_gmt":"2014-08-10T10:06:55","guid":{"rendered":"http:\/\/uxthemes.wpengine.com\/?post_type=product&#038;p=395"},"modified":"2024-06-27T01:44:44","modified_gmt":"2024-06-27T01:44:44","slug":"osaka-entry-tee-superdry","status":"publish","type":"product","link":"https:\/\/maynenkhiadong.com\/?product=osaka-entry-tee-superdry","title":{"rendered":"M\u00c1Y N\u00c9N KH\u00cd TR\u1ee4C V\u00cdT INGERSOLL RAND R90-160 KW XE"},"content":{"rendered":"<p>\u2013  Robust Cast Iron IP55, 380V ~ 415V\/3PH\/50HZ motor<\/p>\n<p>\u2013  Rugged Ingersoll Rand airend with duplex tapered roller bearings<\/p>\n<p>\u2013  No maintenance integral gear drive system<\/p>\n<p>\u2013  Air or Water-Cooled aftercooler and condensate separator<\/p>\n<p>\u2013  Integral star delta starter<\/p>\n<p>\u2013  Factory-fill of Ingersoll Rand UltraCoolant<\/p>\n<p>\u2013  Xe microprocessor controller providing:<\/p>\n<p>\u2013  Sequence up to 4 machines<\/p>\n<p>\u2013  On-Line\/Off-line control with automatic start &#038; stop<\/p>\n<p>\u2013 NEMA4 (IP65) Electrical Protection<\/p>\n<p>\u2013  74 dB(A) low sound enclosure<\/p>\n<p>\u2013 Dimensions (mm): 2703 L x 1466 W x 2032 H       (R90I \u2013 R110I)<\/p>\n<p>2855 L x 1836 W x 2032 H             (R132I \u2013 R160I)<\/p>\n<p>\u2013  Max Weight (kg):   R90I:    2420\/2200   AC\/WC;<\/p>\n<p>R110I:  2550\/2330 AC\/WC<\/p>\n<p>R132I &#038; R160I:   2926\/2603  AC\/WC<\/p>\n<p>Model<\/p>\n<p>CCN<\/p>\n<p>Capacity<\/p>\n<p>Operating Pressure<\/p>\n<p>Cooler<\/p>\n<p>Voltage<\/p>\n<p>m3\/min<\/p>\n<p>cfm<\/p>\n<p>bar(g)<\/p>\n<p>psi(g)<\/p>\n<p>A\/C\/W\/C<\/p>\n<p>V<\/p>\n<p>ASME(MOM\/DOSH) + IE1 standard Fan &#038; Main Motor<\/p>\n<p>R90IE_A7.5<\/p>\n<p>46863874<\/p>\n<p>18.01<\/p>\n<p>636<\/p>\n<p>7.5<\/p>\n<p>110<\/p>\n<p>AC<\/p>\n<p>380-415V\/3PH\/50HZ<\/p>\n<p>R90IE_W7.5<\/p>\n<p>46863916<\/p>\n<p>18.01<\/p>\n<p>636<\/p>\n<p>7.5<\/p>\n<p>110<\/p>\n<p>WC<\/p>\n<p>380-415V\/3PH\/50HZ<\/p>\n<p>R90IE_A8.5<\/p>\n<p>46863882<\/p>\n<p>17.50<\/p>\n<p>618<\/p>\n<p>8.5<\/p>\n<p>125<\/p>\n<p>AC<\/p>\n<p>380-415V\/3PH\/50HZ<\/p>\n<p>R90IE_W8.5<\/p>\n<p>46863924<\/p>\n<p>17.50<\/p>\n<p>618<\/p>\n<p>8.5<\/p>\n<p>125<\/p>\n<p>WC<\/p>\n<p>380-415V\/3PH\/50HZ<\/p>\n<p>R90IE_A10<\/p>\n<p>46863890<\/p>\n<p>15.43<\/p>\n<p>545<\/p>\n<p>10.0<\/p>\n<p>145<\/p>\n<p>AC<\/p>\n<p>380-415V\/3PH\/50HZ<\/p>\n<p>R90IE_W10<\/p>\n<p>46863932<\/p>\n<p>15.43<\/p>\n<p>545<\/p>\n<p>10.0<\/p>\n<p>145<\/p>\n<p>WC<\/p>\n<p>380-415V\/3PH\/50HZ<\/p>\n<p>R90IE_A14<\/p>\n<p>46863908<\/p>\n<p>13.03<\/p>\n<p>460<\/p>\n<p>14.0<\/p>\n<p>200<\/p>\n<p>AC<\/p>\n<p>380-415V\/3PH\/50HZ<\/p>\n<p>R90IE_W14<\/p>\n<p>46863940<\/p>\n<p>13.03<\/p>\n<p>460<\/p>\n<p>14.0<\/p>\n<p>200<\/p>\n<p>WC<\/p>\n<p>380-415V\/3PH\/50HZ<\/p>\n<p>R110IE_A7.5<\/p>\n<p>46863957<\/p>\n<p>22.09<\/p>\n<p>780<\/p>\n<p>7.5<\/p>\n<p>110<\/p>\n<p>AC<\/p>\n<p>380-415V\/3PH\/50HZ<\/p>\n<p>R110IE_W7.5<\/p>\n<p>46863999<\/p>\n<p>22.09<\/p>\n<p>780<\/p>\n<p>7.5<\/p>\n<p>110<\/p>\n<p>WC<\/p>\n<p>380-415V\/3PH\/50HZ<\/p>\n<p>R110IE_A8.5<\/p>\n<p>46863965<\/p>\n<p>20.39<\/p>\n<p>720<\/p>\n<p>8.5<\/p>\n<p>125<\/p>\n<p>AC<\/p>\n<p>380-415V\/3PH\/50HZ<\/p>\n<p>R110IE_W8.5<\/p>\n<p>46864005<\/p>\n<p>20.39<\/p>\n<p>720<\/p>\n<p>8.5<\/p>\n<p>125<\/p>\n<p>WC<\/p>\n<p>380-415V\/3PH\/50HZ<\/p>\n<p>R110IE_A10<\/p>\n<p>46863973<\/p>\n<p>18.89<\/p>\n<p>667<\/p>\n<p>10.0<\/p>\n<p>145<\/p>\n<p>AC<\/p>\n<p>380-415V\/3PH\/50HZ<\/p>\n<p>R110IE_W10<\/p>\n<p>46864013<\/p>\n<p>18.89<\/p>\n<p>667<\/p>\n<p>10.0<\/p>\n<p>145<\/p>\n<p>WC<\/p>\n<p>380-415V\/3PH\/50HZ<\/p>\n<p>R110IE_A14<\/p>\n<p>46863981<\/p>\n<p>15.40<\/p>\n<p>544<\/p>\n<p>14.0<\/p>\n<p>200<\/p>\n<p>AC<\/p>\n<p>380-415V\/3PH\/50HZ<\/p>\n<p>R110IE_W14<\/p>\n<p>46864021<\/p>\n<p>15.40<\/p>\n<p>544<\/p>\n<p>14.0<\/p>\n<p>200<\/p>\n<p>WC<\/p>\n<p>380-415V\/3PH\/50HZ<\/p>\n<p>R132IE_A7.5<\/p>\n<p>46862074<\/p>\n<p>26.19<\/p>\n<p>925<\/p>\n<p>7.5<\/p>\n<p>110<\/p>\n<p>AC<\/p>\n<p>380-415V\/3PH\/50HZ<\/p>\n<p>R132IE_W7.5<\/p>\n<p>46862116<\/p>\n<p>26.19<\/p>\n<p>925<\/p>\n<p>7.5<\/p>\n<p>110<\/p>\n<p>WC<\/p>\n<p>380-415V\/3PH\/50HZ<\/p>\n<p>R132IE_A8.5<\/p>\n<p>46862082<\/p>\n<p>25.34<\/p>\n<p>895<\/p>\n<p>8.5<\/p>\n<p>125<\/p>\n<p>AC<\/p>\n<p>380-415V\/3PH\/50HZ<\/p>\n<p>R132IE_W8.5<\/p>\n<p>46862124<\/p>\n<p>25.34<\/p>\n<p>895<\/p>\n<p>8.5<\/p>\n<p>125<\/p>\n<p>WC<\/p>\n<p>380-415V\/3PH\/50HZ<\/p>\n<p>R132IE_A10<\/p>\n<p>46862090<\/p>\n<p>22.79<\/p>\n<p>805<\/p>\n<p>10.0<\/p>\n<p>145<\/p>\n<p>AC<\/p>\n<p>380-415V\/3PH\/50HZ<\/p>\n<p>R132IE_W10<\/p>\n<p>46862132<\/p>\n<p>22.79<\/p>\n<p>805<\/p>\n<p>10.0<\/p>\n<p>145<\/p>\n<p>WC<\/p>\n<p>380-415V\/3PH\/50HZ<\/p>\n<p>R132IE_A14<\/p>\n<p>46862108<\/p>\n<p>18.35<\/p>\n<p>648<\/p>\n<p>14.0<\/p>\n<p>200<\/p>\n<p>AC<\/p>\n<p>380-415V\/3PH\/50HZ<\/p>\n<p>R132IE_W14<\/p>\n<p>46862140<\/p>\n<p>18.35<\/p>\n<p>648<\/p>\n<p>14.0<\/p>\n<p>200<\/p>\n<p>WC<\/p>\n<p>380-415V\/3PH\/50HZ<\/p>\n<p>R160IE_A7.5       46862157        31.09       1098           7.5             110           AC<\/p>\n<p>380-415V\/3PH\/50HZ<\/p>\n<p>R160IE_W7.5      46862199        31.09       1098           7.5             110          WC<\/p>\n<p>380-415V\/3PH\/50HZ<\/p>\n<p>R160IE_A8.5       46862165        30.30       1070           8.5             125           AC<\/p>\n<p>380-415V\/3PH\/50HZ<\/p>\n<p>R160IE_W8.5      46862207        30.30       1070           8.5             125          WC<\/p>\n<p>380-415V\/3PH\/50HZ<\/p>\n<p>R160IE_A10        46862173        27.21        961           10.0            145           AC<\/p>\n<p>380-415V\/3PH\/50HZ<\/p>\n<p>R160IE_W10       46862215        27.21        961           10.0            145          WC<\/p>\n<p>380-415V\/3PH\/50HZ<\/p>\n<p>R160IE_A14        46862181        21.95        775           14.0            200           AC<\/p>\n<p>380-415V\/3PH\/50HZ<\/p>\n<p>R160IE_W14       46862223        21.95        775           14.0            200          WC<\/p>\n<p>380-415V\/3PH\/50HZ<\/p>\n","protected":false},"excerpt":{"rendered":"<p>M\u00e3 SPM\u00e1y n\u00e9n kh\u00ed tr\u1ee5c v\u00edt Ingersoll rand Two Stage R90-160 KW XE<br \/>\nB\u1ea3o h\u00e0nh3 th\u00e1ng<br \/>\nXu\u1ea5t x\u1ee9M\u1ef9<br \/>\nH\u00e3ng SXINGERSOLL RAND<\/p>\n","protected":false},"featured_media":538,"comment_status":"open","ping_status":"closed","template":"","meta":[],"product_cat":[45,90],"product_tag":[72,70,71,73],"jetpack_sharing_enabled":true,"_links":{"self":[{"href":"https:\/\/maynenkhiadong.com\/index.php?rest_route=\/wp\/v2\/product\/168"}],"collection":[{"href":"https:\/\/maynenkhiadong.com\/index.php?rest_route=\/wp\/v2\/product"}],"about":[{"href":"https:\/\/maynenkhiadong.com\/index.php?rest_route=\/wp\/v2\/types\/product"}],"replies":[{"embeddable":true,"href":"https:\/\/maynenkhiadong.com\/index.php?rest_route=%2Fwp%2Fv2%2Fcomments&post=168"}],"wp:featuredmedia":[{"embeddable":true,"href":"https:\/\/maynenkhiadong.com\/index.php?rest_route=\/wp\/v2\/media\/538"}],"wp:attachment":[{"href":"https:\/\/maynenkhiadong.com\/index.php?rest_route=%2Fwp%2Fv2%2Fmedia&parent=168"}],"wp:term":[{"taxonomy":"product_cat","embeddable":true,"href":"https:\/\/maynenkhiadong.com\/index.php?rest_route=%2Fwp%2Fv2%2Fproduct_cat&post=168"},{"taxonomy":"product_tag","embeddable":true,"href":"https:\/\/maynenkhiadong.com\/index.php?rest_route=%2Fwp%2Fv2%2Fproduct_tag&post=168"}],"curies":[{"name":"wp","href":"https:\/\/api.w.org\/{rel}","templated":true}]}}