{"id":169,"date":"2014-08-09T22:18:44","date_gmt":"2014-08-09T22:18:44","guid":{"rendered":"http:\/\/uxthemes.wpengine.com\/product\/all-star-canvas-hi-converse\/"},"modified":"2024-06-27T01:44:27","modified_gmt":"2024-06-27T01:44:27","slug":"all-star-canvas-hi-converse","status":"publish","type":"product","link":"https:\/\/maynenkhiadong.com\/?product=all-star-canvas-hi-converse","title":{"rendered":"M\u00c1Y N\u00c9N KH\u00cd TR\u1ee4C V\u00cdT INGERSOLL RAND M200-350 KW SG"},"content":{"rendered":"<p>Region: South East Asia Version: SEA2014 Mar Original: CIEM<br \/>\nCancel: All previous Expire Date:<br \/>\nNote: Ex-Works<br \/>\nCIEM<br \/>\n\u2013 High efficiency IP23, 415V\/3PH\/50HZ motor<br \/>\n\u2013 High efficiency 2-stage airend<br \/>\n\u2013 No maintenance integral gear drive system<br \/>\n\u2013 Air or Water-Cooled aftercooler with moisture separator<br \/>\n\u2013 Integral star delta starter (LV model)<br \/>\n\u2013 Factory-fill of SSR UltraCoolant<br \/>\n\u2013 Energy saving IntellisysTM capacity control system<br \/>\n\u2013 Digital inlet control valve<br \/>\n\u2013 Upper range modulation<br \/>\n\u2013 4 unit integral sequencer<br \/>\n\u2013 85 dB(A) low sound enclosure<br \/>\n\u2013 Dimension (mm): 415V:4000 L x 1930 W x 2146 H<br \/>\n6KV:4650 L x 1930 W x 2146 H<br \/>\n\u2013 Weight AC (kg): M200:415V:5860,6KV:6660<br \/>\nM250:415V:6030,6KV:6740 M300:415V:7190,6KV:7370 M350:415V:7630,6KV:8100<\/p>\n<p>Model<\/p>\n<p>CCN<\/p>\n<p>Capacity<\/p>\n<p>m3\/min    ft3\/min<\/p>\n<p>Operating<\/p>\n<p>bar(g)<\/p>\n<p>Pressure<\/p>\n<p>psi(g)<\/p>\n<p>   Cooler <\/p>\n<p>  A\/C\/W\/C      <\/p>\n<p>Voltage<\/p>\n<p>V<\/p>\n<p>Control<\/p>\n<p>SG\/SE<\/p>\n<p>EU\/BSP TANK<\/p>\n<p>(with MOM)<\/p>\n<p>ML200-2S<\/p>\n<p>99326878<\/p>\n<p>41.5<\/p>\n<p>1465<\/p>\n<p>7.5<\/p>\n<p>109<\/p>\n<p>AC<\/p>\n<p>415V<\/p>\n<p>SG<\/p>\n<p>99327033<\/p>\n<p>41.5<\/p>\n<p>1465<\/p>\n<p>7.5<\/p>\n<p>109<\/p>\n<p>WC<\/p>\n<p>415V<\/p>\n<p>SG<\/p>\n<p>MM200-2S<\/p>\n<p>99326886<\/p>\n<p>38.8<\/p>\n<p>1370<\/p>\n<p>8.5<\/p>\n<p>123<\/p>\n<p>AC<\/p>\n<p>415V<\/p>\n<p>SG<\/p>\n<p>99327041<\/p>\n<p>38.8<\/p>\n<p>1370<\/p>\n<p>8.5<\/p>\n<p>123<\/p>\n<p>WC<\/p>\n<p>415V<\/p>\n<p>SG<\/p>\n<p>MH200-2S<\/p>\n<p>99326894<\/p>\n<p>36.2<\/p>\n<p>1278<\/p>\n<p>10.0<\/p>\n<p>145<\/p>\n<p>AC<\/p>\n<p>415V<\/p>\n<p>SG<\/p>\n<p>99327058<\/p>\n<p>36.2<\/p>\n<p>1278<\/p>\n<p>10.0<\/p>\n<p>145<\/p>\n<p>WC<\/p>\n<p>415V<\/p>\n<p>SG<\/p>\n<p>MXU200-2S<\/p>\n<p>99326902<\/p>\n<p>29.6<\/p>\n<p>1045<\/p>\n<p>14.0<\/p>\n<p>203<\/p>\n<p>AC<\/p>\n<p>415V<\/p>\n<p>SG<\/p>\n<p>99327066<\/p>\n<p>29.6<\/p>\n<p>1045<\/p>\n<p>14.0<\/p>\n<p>203<\/p>\n<p>WC<\/p>\n<p>415V<\/p>\n<p>SG<\/p>\n<p>ML200-2S<\/p>\n<p>99326951<\/p>\n<p>41.5<\/p>\n<p>1465<\/p>\n<p>7.5<\/p>\n<p>109<\/p>\n<p>AC<\/p>\n<p>6000V<\/p>\n<p>SG<\/p>\n<p>99327116<\/p>\n<p>41.5<\/p>\n<p>1465<\/p>\n<p>7.5<\/p>\n<p>109<\/p>\n<p>WC<\/p>\n<p>6000V<\/p>\n<p>SG<\/p>\n<p>MM200-2S<\/p>\n<p>99326969<\/p>\n<p>38.8<\/p>\n<p>1370<\/p>\n<p>8.5<\/p>\n<p>123<\/p>\n<p>AC<\/p>\n<p>6000V<\/p>\n<p>SG<\/p>\n<p>99327124<\/p>\n<p>38.8<\/p>\n<p>1370<\/p>\n<p>8.5<\/p>\n<p>123<\/p>\n<p>WC<\/p>\n<p>6000V<\/p>\n<p>SG<\/p>\n<p>MH200-2S<\/p>\n<p>99326977<\/p>\n<p>36.2<\/p>\n<p>1278<\/p>\n<p>10.0<\/p>\n<p>145<\/p>\n<p>AC<\/p>\n<p>6000V<\/p>\n<p>SG<\/p>\n<p>99327132<\/p>\n<p>36.2<\/p>\n<p>1278<\/p>\n<p>10.0<\/p>\n<p>145<\/p>\n<p>WC<\/p>\n<p>6000V<\/p>\n<p>SG<\/p>\n<p>MXU200-2S<\/p>\n<p>99326985<\/p>\n<p>29.6<\/p>\n<p>1045<\/p>\n<p>14.0<\/p>\n<p>203<\/p>\n<p>AC<\/p>\n<p>6000V<\/p>\n<p>SG<\/p>\n<p>99327140<\/p>\n<p>29.6<\/p>\n<p>1045<\/p>\n<p>14.0<\/p>\n<p>203<\/p>\n<p>WC<\/p>\n<p>6000V<\/p>\n<p>SG<\/p>\n<p>ML250-2S<\/p>\n<p>99326910<\/p>\n<p>49.2<\/p>\n<p>1737<\/p>\n<p>7.5<\/p>\n<p>109<\/p>\n<p>AC<\/p>\n<p>415V<\/p>\n<p>SG<\/p>\n<p>99327074<\/p>\n<p>49.2<\/p>\n<p>1737<\/p>\n<p>7.5<\/p>\n<p>109<\/p>\n<p>WC<\/p>\n<p>415V<\/p>\n<p>SG<\/p>\n<p>MM250-2S<\/p>\n<p>99326928<\/p>\n<p>47.4<\/p>\n<p>1674<\/p>\n<p>8.5<\/p>\n<p>123<\/p>\n<p>AC<\/p>\n<p>415V<\/p>\n<p>SG<\/p>\n<p>99327082<\/p>\n<p>47.4<\/p>\n<p>1674<\/p>\n<p>8.5<\/p>\n<p>123<\/p>\n<p>WC<\/p>\n<p>415V<\/p>\n<p>SG<\/p>\n<p>MH250-2S<\/p>\n<p>99326936<\/p>\n<p>44.2<\/p>\n<p>1561<\/p>\n<p>10.0<\/p>\n<p>145<\/p>\n<p>AC<\/p>\n<p>415V<\/p>\n<p>SG<\/p>\n<p>99327090<\/p>\n<p>44.2<\/p>\n<p>1561<\/p>\n<p>10.0<\/p>\n<p>145<\/p>\n<p>WC<\/p>\n<p>415V<\/p>\n<p>SG<\/p>\n<p>MXU250-2S<\/p>\n<p>99326944<\/p>\n<p>36.4<\/p>\n<p>1285<\/p>\n<p>14.0<\/p>\n<p>203<\/p>\n<p>AC<\/p>\n<p>415V<\/p>\n<p>SG<\/p>\n<p>99327108<\/p>\n<p>36.4<\/p>\n<p>1285<\/p>\n<p>14.0<\/p>\n<p>203<\/p>\n<p>WC<\/p>\n<p>415V<\/p>\n<p>SG<\/p>\n<p>ML250-2S<\/p>\n<p>99326993<\/p>\n<p>49.2<\/p>\n<p>1737<\/p>\n<p>7.5<\/p>\n<p>109<\/p>\n<p>AC<\/p>\n<p>6000V<\/p>\n<p>SG<\/p>\n<p>99327157<\/p>\n<p>49.2<\/p>\n<p>1737<\/p>\n<p>7.5<\/p>\n<p>109<\/p>\n<p>WC<\/p>\n<p>6000V<\/p>\n<p>SG<\/p>\n<p>MM250-2S<\/p>\n<p>99327009<\/p>\n<p>47.4<\/p>\n<p>1674<\/p>\n<p>8.5<\/p>\n<p>123<\/p>\n<p>AC<\/p>\n<p>6000V<\/p>\n<p>SG<\/p>\n<p>99327165<\/p>\n<p>47.4<\/p>\n<p>1674<\/p>\n<p>8.5<\/p>\n<p>123<\/p>\n<p>WC<\/p>\n<p>6000V<\/p>\n<p>SG<\/p>\n<p>MH250-2S<\/p>\n<p>99327017<\/p>\n<p>44.2<\/p>\n<p>1561<\/p>\n<p>10.0<\/p>\n<p>145<\/p>\n<p>AC<\/p>\n<p>6000V<\/p>\n<p>SG<\/p>\n<p>99327173<\/p>\n<p>44.2<\/p>\n<p>1561<\/p>\n<p>10.0<\/p>\n<p>145<\/p>\n<p>WC<\/p>\n<p>6000V<\/p>\n<p>SG<\/p>\n<p>MXU250-2S<\/p>\n<p>99327025<\/p>\n<p>36.4<\/p>\n<p>1285<\/p>\n<p>14.0<\/p>\n<p>203<\/p>\n<p>AC<\/p>\n<p>6000V<\/p>\n<p>SG<\/p>\n<p>99327181<\/p>\n<p>36.4<\/p>\n<p>1285<\/p>\n<p>14.0<\/p>\n<p>203<\/p>\n<p>WC<\/p>\n<p>6000V<\/p>\n<p>SG<\/p>\n<p>Model<\/p>\n<p>CCN<\/p>\n<p>Capacity<\/p>\n<p>m3\/min    ft3\/min<\/p>\n<p>Operating<\/p>\n<p>bar(g)<\/p>\n<p>Pressure<\/p>\n<p>psi(g)<\/p>\n<p>   Cooler <\/p>\n<p>  A\/C\/W\/C      <\/p>\n<p>Voltage<\/p>\n<p>V<\/p>\n<p>Control<\/p>\n<p>SG\/SE<\/p>\n<p>EU\/BSP TANK<\/p>\n<p>(with MOM)<\/p>\n<p>ML300-2S<\/p>\n<p>99324097<\/p>\n<p>60.2<\/p>\n<p>2126<\/p>\n<p>7.5<\/p>\n<p>109<\/p>\n<p>AC<\/p>\n<p>415V<\/p>\n<p>SG<\/p>\n<p>99324378<\/p>\n<p>60.2<\/p>\n<p>2126<\/p>\n<p>7.5<\/p>\n<p>109<\/p>\n<p>WC<\/p>\n<p>415V<\/p>\n<p>SG<\/p>\n<p>MM300-2S<\/p>\n<p>99324105<\/p>\n<p>56.0<\/p>\n<p>1977<\/p>\n<p>8.5<\/p>\n<p>123<\/p>\n<p>AC<\/p>\n<p>415V<\/p>\n<p>SG<\/p>\n<p>99324386<\/p>\n<p>56.0<\/p>\n<p>1977<\/p>\n<p>8.5<\/p>\n<p>123<\/p>\n<p>WC<\/p>\n<p>415V<\/p>\n<p>SG<\/p>\n<p>MH300-2S<\/p>\n<p>99324113<\/p>\n<p>52.1<\/p>\n<p>1840<\/p>\n<p>10.0<\/p>\n<p>145<\/p>\n<p>AC<\/p>\n<p>415V<\/p>\n<p>SG<\/p>\n<p>99324394<\/p>\n<p>52.1<\/p>\n<p>1840<\/p>\n<p>10.0<\/p>\n<p>145<\/p>\n<p>WC<\/p>\n<p>415V<\/p>\n<p>SG<\/p>\n<p>MXU300-2S<\/p>\n<p>99324121<\/p>\n<p>44.3<\/p>\n<p>1564<\/p>\n<p>14.0<\/p>\n<p>203<\/p>\n<p>AC<\/p>\n<p>415V<\/p>\n<p>SG<\/p>\n<p>99324402<\/p>\n<p>44.3<\/p>\n<p>1564<\/p>\n<p>14.0<\/p>\n<p>203<\/p>\n<p>WC<\/p>\n<p>415V<\/p>\n<p>SG<\/p>\n<p>ML300-2S<\/p>\n<p>99324238<\/p>\n<p>60.2<\/p>\n<p>2126<\/p>\n<p>7.5<\/p>\n<p>109<\/p>\n<p>AC<\/p>\n<p>6000V<\/p>\n<p>SG<\/p>\n<p>99324519<\/p>\n<p>60.2<\/p>\n<p>2126<\/p>\n<p>7.5<\/p>\n<p>109<\/p>\n<p>WC<\/p>\n<p>6000V<\/p>\n<p>SG<\/p>\n<p>MM300-2S<\/p>\n<p>99324246<\/p>\n<p>56.0<\/p>\n<p>1977<\/p>\n<p>8.5<\/p>\n<p>123<\/p>\n<p>AC<\/p>\n<p>6000V<\/p>\n<p>SG<\/p>\n<p>99324527<\/p>\n<p>56.0<\/p>\n<p>1977<\/p>\n<p>8.5<\/p>\n<p>123<\/p>\n<p>WC<\/p>\n<p>6000V<\/p>\n<p>SG<\/p>\n<p>MH300-2S<\/p>\n<p>99324253<\/p>\n<p>52.1<\/p>\n<p>1840<\/p>\n<p>10.0<\/p>\n<p>145<\/p>\n<p>AC<\/p>\n<p>6000V<\/p>\n<p>SG<\/p>\n<p>99324535<\/p>\n<p>52.1<\/p>\n<p>1840<\/p>\n<p>10.0<\/p>\n<p>145<\/p>\n<p>WC<\/p>\n<p>6000V<\/p>\n<p>SG<\/p>\n<p>MXU300-2S<\/p>\n<p>99324261<\/p>\n<p>44.3<\/p>\n<p>1564<\/p>\n<p>14.0<\/p>\n<p>203<\/p>\n<p>AC<\/p>\n<p>6000V<\/p>\n<p>SG<\/p>\n<p>99324543<\/p>\n<p>44.3<\/p>\n<p>1564<\/p>\n<p>14.0<\/p>\n<p>203<\/p>\n<p>WC<\/p>\n<p>6000V<\/p>\n<p>SG<\/p>\n<p>ML350-2S<\/p>\n<p>99324139<\/p>\n<p>69.2<\/p>\n<p>2443<\/p>\n<p>7.5<\/p>\n<p>109<\/p>\n<p>AC<\/p>\n<p>415V<\/p>\n<p>SG<\/p>\n<p>99324410<\/p>\n<p>69.2<\/p>\n<p>2443<\/p>\n<p>7.5<\/p>\n<p>109<\/p>\n<p>WC<\/p>\n<p>415V<\/p>\n<p>SG<\/p>\n<p>MM350-2S<\/p>\n<p>99324147<\/p>\n<p>64.1<\/p>\n<p>2263<\/p>\n<p>8.5<\/p>\n<p>123<\/p>\n<p>AC<\/p>\n<p>415V<\/p>\n<p>SG<\/p>\n<p>99324428<\/p>\n<p>64.1<\/p>\n<p>2263<\/p>\n<p>8.5<\/p>\n<p>123<\/p>\n<p>WC<\/p>\n<p>415V<\/p>\n<p>SG<\/p>\n<p>MH350-2S<\/p>\n<p>99324154<\/p>\n<p>59.5<\/p>\n<p>2101<\/p>\n<p>10.0<\/p>\n<p>145<\/p>\n<p>AC<\/p>\n<p>415V<\/p>\n<p>SG<\/p>\n<p>99324436<\/p>\n<p>59.5<\/p>\n<p>2101<\/p>\n<p>10.0<\/p>\n<p>145<\/p>\n<p>WC<\/p>\n<p>415V<\/p>\n<p>SG<\/p>\n<p>MXU350-2S<\/p>\n<p>99324162<\/p>\n<p>50.2<\/p>\n<p>1773<\/p>\n<p>14.0<\/p>\n<p>203<\/p>\n<p>AC<\/p>\n<p>415V<\/p>\n<p>SG<\/p>\n<p>99324444<\/p>\n<p>50.2<\/p>\n<p>1773<\/p>\n<p>14.0<\/p>\n<p>203<\/p>\n<p>WC<\/p>\n<p>415V<\/p>\n<p>SG<\/p>\n<p>ML350-2S<\/p>\n<p>99324279<\/p>\n<p>69.2<\/p>\n<p>2443<\/p>\n<p>7.5<\/p>\n<p>109<\/p>\n<p>AC<\/p>\n<p>6000V<\/p>\n<p>SG<\/p>\n<p>99324550<\/p>\n<p>69.2<\/p>\n<p>2443<\/p>\n<p>7.5<\/p>\n<p>109<\/p>\n<p>WC<\/p>\n<p>6000V<\/p>\n<p>SG<\/p>\n<p>MM350-2S<\/p>\n<p>99324287<\/p>\n<p>64.1<\/p>\n<p>2263<\/p>\n<p>8.5<\/p>\n<p>123<\/p>\n<p>AC<\/p>\n<p>6000V<\/p>\n<p>SG<\/p>\n<p>99324568<\/p>\n<p>64.1<\/p>\n<p>2263<\/p>\n<p>8.5<\/p>\n<p>123<\/p>\n<p>WC<\/p>\n<p>6000V<\/p>\n<p>SG<\/p>\n<p>MH350-2S<\/p>\n<p>99324295<\/p>\n<p>59.5<\/p>\n<p>2101<\/p>\n<p>10.0<\/p>\n<p>145<\/p>\n<p>AC<\/p>\n<p>6000V<\/p>\n<p>SG<\/p>\n<p>99324576<\/p>\n<p>59.5<\/p>\n<p>2101<\/p>\n<p>10.0<\/p>\n<p>145<\/p>\n<p>WC<\/p>\n<p>6000V<\/p>\n<p>SG<\/p>\n<p>MXU350-2S<\/p>\n<p>99324303<\/p>\n<p>50.2<\/p>\n<p>1773<\/p>\n<p>14.0<\/p>\n<p>203<\/p>\n<p>AC<\/p>\n<p>6000V<\/p>\n<p>SG<\/p>\n<p>99324584<\/p>\n<p>50.2<\/p>\n<p>1773<\/p>\n<p>14.0<\/p>\n<p>203<\/p>\n<p>WC<\/p>\n<p>6000V<\/p>\n<p>SG<\/p>\n","protected":false},"excerpt":{"rendered":"<p>M\u00e3 SP M\u00e1y n\u00e9n kh\u00ed tr\u1ee5c v\u00edt Ingersoll rand Two Stage M200-350 KW SG<br \/>\nB\u1ea3o h\u00e0nh 3 th\u00e1ng<br \/>\nXu\u1ea5t x\u1ee9 M\u1ef9<br \/>\nH\u00e3ng SX INGERSOLL RAND<\/p>\n","protected":false},"featured_media":540,"comment_status":"open","ping_status":"closed","template":"","meta":[],"product_cat":[45,90],"product_tag":[72,70,71,73],"jetpack_sharing_enabled":true,"_links":{"self":[{"href":"https:\/\/maynenkhiadong.com\/index.php?rest_route=\/wp\/v2\/product\/169"}],"collection":[{"href":"https:\/\/maynenkhiadong.com\/index.php?rest_route=\/wp\/v2\/product"}],"about":[{"href":"https:\/\/maynenkhiadong.com\/index.php?rest_route=\/wp\/v2\/types\/product"}],"replies":[{"embeddable":true,"href":"https:\/\/maynenkhiadong.com\/index.php?rest_route=%2Fwp%2Fv2%2Fcomments&post=169"}],"wp:featuredmedia":[{"embeddable":true,"href":"https:\/\/maynenkhiadong.com\/index.php?rest_route=\/wp\/v2\/media\/540"}],"wp:attachment":[{"href":"https:\/\/maynenkhiadong.com\/index.php?rest_route=%2Fwp%2Fv2%2Fmedia&parent=169"}],"wp:term":[{"taxonomy":"product_cat","embeddable":true,"href":"https:\/\/maynenkhiadong.com\/index.php?rest_route=%2Fwp%2Fv2%2Fproduct_cat&post=169"},{"taxonomy":"product_tag","embeddable":true,"href":"https:\/\/maynenkhiadong.com\/index.php?rest_route=%2Fwp%2Fv2%2Fproduct_tag&post=169"}],"curies":[{"name":"wp","href":"https:\/\/api.w.org\/{rel}","templated":true}]}}