{"id":170,"date":"2014-08-09T21:11:51","date_gmt":"2014-08-09T21:11:51","guid":{"rendered":"http:\/\/uxthemes.wpengine.com\/product\/fluro-big-pullover-designers-remix\/"},"modified":"2024-03-12T02:56:17","modified_gmt":"2024-03-12T02:56:17","slug":"fluro-big-pullover-designers-remix","status":"publish","type":"product","link":"https:\/\/maynenkhiadong.com\/?product=fluro-big-pullover-designers-remix","title":{"rendered":"M\u00c1Y N\u00c9N KH\u00cd TR\u1ee4C V\u00cdT INGERSOLL RAND TWO STAGE R90-132KW"},"content":{"rendered":"<p>Region: South East Asia Version: SEA2014 Mar Original: CIEM<br \/>\nCancel: All previous Expire Date:<br \/>\nNote: Ex-Works CIEM<\/p>\n<p>\u2013 Robust Cast Iron IP55, 380V ~ 415V\/3PH\/50HZ motor<br \/>\n\u2013 Rugged Ingersoll Rand airend with duplex tapered roller bearings<br \/>\n\u2013 No maintenance integral gear drive system<br \/>\n\u2013 Air or Water-Cooled aftercooler with condensate separator<br \/>\n\u2013 Integral star delta starter<br \/>\n\u2013 Factory-fill of Ingersoll Rand UltraCoolant<br \/>\n\u2013 Xe microprocessor controller providing:<br \/>\n\u2013 Sequence up to 4 machines<br \/>\n\u2013 On-Line\/Off-line control with automatic start &amp; stop<br \/>\n\u2013 NEMA4 (IP65) Electrical Cabinet<br \/>\n\u2013 75 dB(A) AC \/ 72 dB(A) WC low sound enclosure<br \/>\n\u2013 Dimensions (mm): 2855 L x 1836 W x 2032 H<br \/>\n\u2013 Max Weight (kg): \u2013 Air cooled 3198<br \/>\n\u2013 water cooled 3175<\/p>\n<p>&nbsp;<\/p>\n","protected":false},"excerpt":{"rendered":"<p>Region: South East Asia Version: SEA2014 Mar Original: CIEM Cancel: All previous Expire Date: Note: Ex-Works CIEM \u2013 Robust Cast Iron IP55, 380V ~ 415V\/3PH\/50HZ motor \u2013 Rugged Ingersoll Rand airend with duplex tapered roller bearings \u2013 No maintenance integral gear drive system \u2013 Air or Water-Cooled aftercooler with condensate separator \u2013 Integral star delta [&#8230;]\n","protected":false},"featured_media":538,"comment_status":"open","ping_status":"closed","template":"","meta":[],"product_cat":[45,90],"product_tag":[72,70,71,73],"jetpack_sharing_enabled":true,"_links":{"self":[{"href":"https:\/\/maynenkhiadong.com\/index.php?rest_route=\/wp\/v2\/product\/170"}],"collection":[{"href":"https:\/\/maynenkhiadong.com\/index.php?rest_route=\/wp\/v2\/product"}],"about":[{"href":"https:\/\/maynenkhiadong.com\/index.php?rest_route=\/wp\/v2\/types\/product"}],"replies":[{"embeddable":true,"href":"https:\/\/maynenkhiadong.com\/index.php?rest_route=%2Fwp%2Fv2%2Fcomments&post=170"}],"wp:featuredmedia":[{"embeddable":true,"href":"https:\/\/maynenkhiadong.com\/index.php?rest_route=\/wp\/v2\/media\/538"}],"wp:attachment":[{"href":"https:\/\/maynenkhiadong.com\/index.php?rest_route=%2Fwp%2Fv2%2Fmedia&parent=170"}],"wp:term":[{"taxonomy":"product_cat","embeddable":true,"href":"https:\/\/maynenkhiadong.com\/index.php?rest_route=%2Fwp%2Fv2%2Fproduct_cat&post=170"},{"taxonomy":"product_tag","embeddable":true,"href":"https:\/\/maynenkhiadong.com\/index.php?rest_route=%2Fwp%2Fv2%2Fproduct_tag&post=170"}],"curies":[{"name":"wp","href":"https:\/\/api.w.org\/{rel}","templated":true}]}}