{"id":171,"date":"2014-08-08T20:57:29","date_gmt":"2014-08-08T20:57:29","guid":{"rendered":"http:\/\/uxthemes.wpengine.com\/?post_type=product&#038;p=132"},"modified":"2024-01-22T08:34:51","modified_gmt":"2024-01-22T08:34:51","slug":"varanise-cn-tee-hilfiger-denim","status":"publish","type":"product","link":"https:\/\/maynenkhiadong.com\/?product=varanise-cn-tee-hilfiger-denim","title":{"rendered":"M\u00c1Y N\u00c9N KH\u00cd TR\u1ee4C V\u00cdT INGERSOLL RAND R90-160KW BI\u1ebeN T\u1ea6N"},"content":{"rendered":"<p>Premium efficiency IP23 HPM motor<br \/>\n\u2013 96% efficiency rating<br \/>\n\u2013 No motor bearings<br \/>\nAir or Water-Cooled aftercooler with condensate separator<br \/>\nFactory-fill of Ingersoll Rand UltraEL Coolant<br \/>\nXe microprocessor controller providing:<br \/>\n\u2013 Sequence up to 4 machines<\/p>\n<p>Integrated with Line Reactor inside<\/p>\n<p>NEMA4 (IP65) Electrical Protection<\/p>\n<p>74 dB(A) low sound enclosure<br \/>\nDimensions (mm): R90 \/ 110n: 2703 L x 1466 W x 2032 H<br \/>\nR132 \/160n: 2855 L x 1836 W x 2032 H<br \/>\nMax Weight (kg): R90n \/ R110n: 2060 (AC) \/ 1850 (WC)<br \/>\nR132n\/R160n: 2363 (AC) \/ 2354 (WC)<\/p>\n","protected":false},"excerpt":{"rendered":"<p>M\u00e3 SP M\u00e1y n\u00e9n kh\u00ed tr\u1ee5c v\u00edt Ingersoll rand R90-160KW Bi\u1ebfn T\u1ea7n<br \/>\nXu\u1ea5t x\u1ee9 M\u1ef9<br \/>\nH\u00e3ng SX INGERSOLL RAND<\/p>\n","protected":false},"featured_media":471,"comment_status":"open","ping_status":"closed","template":"","meta":[],"product_cat":[45,90],"product_tag":[72,70,71,73],"jetpack_sharing_enabled":true,"_links":{"self":[{"href":"https:\/\/maynenkhiadong.com\/index.php?rest_route=\/wp\/v2\/product\/171"}],"collection":[{"href":"https:\/\/maynenkhiadong.com\/index.php?rest_route=\/wp\/v2\/product"}],"about":[{"href":"https:\/\/maynenkhiadong.com\/index.php?rest_route=\/wp\/v2\/types\/product"}],"replies":[{"embeddable":true,"href":"https:\/\/maynenkhiadong.com\/index.php?rest_route=%2Fwp%2Fv2%2Fcomments&post=171"}],"wp:featuredmedia":[{"embeddable":true,"href":"https:\/\/maynenkhiadong.com\/index.php?rest_route=\/wp\/v2\/media\/471"}],"wp:attachment":[{"href":"https:\/\/maynenkhiadong.com\/index.php?rest_route=%2Fwp%2Fv2%2Fmedia&parent=171"}],"wp:term":[{"taxonomy":"product_cat","embeddable":true,"href":"https:\/\/maynenkhiadong.com\/index.php?rest_route=%2Fwp%2Fv2%2Fproduct_cat&post=171"},{"taxonomy":"product_tag","embeddable":true,"href":"https:\/\/maynenkhiadong.com\/index.php?rest_route=%2Fwp%2Fv2%2Fproduct_tag&post=171"}],"curies":[{"name":"wp","href":"https:\/\/api.w.org\/{rel}","templated":true}]}}