{"id":182,"date":"2013-08-10T09:34:34","date_gmt":"2013-08-10T09:34:34","guid":{"rendered":"http:\/\/uxthemes.wpengine.com\/?post_type=product&#038;p=331"},"modified":"2024-06-27T01:44:07","modified_gmt":"2024-06-27T01:44:07","slug":"classic-bag-svea","status":"publish","type":"product","link":"https:\/\/maynenkhiadong.com\/?product=classic-bag-svea","title":{"rendered":"M\u00c1Y N\u00c9N KH\u00cd TR\u1ee4C V\u00cdT INGERSOLL RAND R30N-37N"},"content":{"rendered":"<p>\u2013 Robust IP55 High Efficiency variable speed motor<br \/>\n\u2013 Rugged IR airend with duplex tapered roller bearings<br \/>\n\u2013 No maintenance integral gear drive system<br \/>\n\u2013 Progressive Adaptive Control (PAC) Protection<br \/>\n\u2013 V-Shield Technology ensures leak-free system<br \/>\n\u2013 Efficient Sequential Cooling System<br \/>\n\u2013 Contorl panel protection, NEMA12\/IP54<br \/>\n\u2013 Stainless steel discharge air piping.<br \/>\n\u2013 Moisture separator and condensate drains<br \/>\n\u2013 Xe microprocessor controller providing:<br \/>\n\u2013 Sequence up to 4 machines<br \/>\n\u2013 Online diagnosis and remote control<br \/>\n\u2013 Modbus RTU communication protocol<br \/>\n\u2013 Built-in line reactor<br \/>\n\u2013 70 dB(A) low sound enclosure (per IS0 2151; 2004)<br \/>\n\u2013 TAS High Efficiency cycling refigerated air dryer<br \/>\n\u2013 Pressure dew point: 7\u00b0C with high efficiency pre-filter<br \/>\n\u2013 R404a refrigerant, Air class:1.5.1<br \/>\n\u2013 Dimensions (mm): 1937 L x 1056 W x 1534 H<br \/>\n\u2013 Weight (kg): \u2013 R30n: 917; \u2013 R30n TAS: 1019<br \/>\n\u2013 R37n: 957; \u2013 R37n TAS: 1059<\/p>\n<p>Model<\/p>\n<p>CCN<\/p>\n<p>Capacity<\/p>\n<p>Operating Pressure<\/p>\n<p>Cooler<\/p>\n<p>Voltage<\/p>\n<p>m3\/min<\/p>\n<p>cfm<\/p>\n<p>bar(g)<\/p>\n<p>psi(g)<\/p>\n<p>A\/C\/W\/C<\/p>\n<p>V<\/p>\n<p>ASME(MOM\/DOSH) Code Oil Separator Tank + IE2 Motor (30kw);  IE3 Motor (37kw)<\/p>\n<p>R30N_A<\/p>\n<p>24828055<\/p>\n<p>1.9-5.5<\/p>\n<p>68-192<\/p>\n<p>7<\/p>\n<p>100<\/p>\n<p>A\/C<\/p>\n<p>400V\/3PH\/50HZ<\/p>\n<p>1.9-5.4<\/p>\n<p>66-191<\/p>\n<p>7.5<\/p>\n<p>110<\/p>\n<p>1.9-5.4<\/p>\n<p>66-189<\/p>\n<p>8<\/p>\n<p>115<\/p>\n<p>1.8-5.2<\/p>\n<p>64-182<\/p>\n<p>8.5<\/p>\n<p>125<\/p>\n<p>1.8-4.8<\/p>\n<p>64-171<\/p>\n<p>9.5<\/p>\n<p>135<\/p>\n<p>1.8-4.7<\/p>\n<p>63-165<\/p>\n<p>10<\/p>\n<p>145<\/p>\n<p>R37N_A<\/p>\n<p>24780611<\/p>\n<p>2.4-6.6<\/p>\n<p>83-231<\/p>\n<p>7<\/p>\n<p>100<\/p>\n<p>A\/C<\/p>\n<p>400V\/3PH\/50HZ<\/p>\n<p>2.3-6.4<\/p>\n<p>83-227<\/p>\n<p>7.5<\/p>\n<p>110<\/p>\n<p>2.3-6.4<\/p>\n<p>82-224<\/p>\n<p>8<\/p>\n<p>115<\/p>\n<p>2.3-6.2<\/p>\n<p>81-218<\/p>\n<p>8.5<\/p>\n<p>125<\/p>\n<p>2.3-5.9<\/p>\n<p>81-209<\/p>\n<p>9.5<\/p>\n<p>135<\/p>\n<p>2.3-5.7<\/p>\n<p>81-200<\/p>\n<p>10<\/p>\n<p>145<\/p>\n<p>R30N_A TAS<\/p>\n<p>24828063<\/p>\n<p>1.9-5.4<\/p>\n<p>68-191<\/p>\n<p>7<\/p>\n<p>100<\/p>\n<p>A\/C<\/p>\n<p>400V\/3PH\/50HZ<\/p>\n<p>1.9-5.4<\/p>\n<p>66-190<\/p>\n<p>7.5<\/p>\n<p>110<\/p>\n<p>1.9-5.3<\/p>\n<p>66-187<\/p>\n<p>8<\/p>\n<p>115<\/p>\n<p>1.8-5.1<\/p>\n<p>64-181<\/p>\n<p>8.5<\/p>\n<p>125<\/p>\n<p>1.8-4.8<\/p>\n<p>64-169<\/p>\n<p>9.5<\/p>\n<p>135<\/p>\n<p>R37N_A TAS<\/p>\n<p>24828147<\/p>\n<p>2.4-6.5<\/p>\n<p>83-228<\/p>\n<p>7<\/p>\n<p>100<\/p>\n<p>A\/C<\/p>\n<p>400V\/3PH\/50HZ<\/p>\n<p>2.3-6.4<\/p>\n<p>83-224<\/p>\n<p>7.5<\/p>\n<p>110<\/p>\n<p>2.3-6.3<\/p>\n<p>82-221<\/p>\n<p>8<\/p>\n<p>115<\/p>\n<p>2.3-6.1<\/p>\n<p>81-214<\/p>\n<p>8.5<\/p>\n<p>125<\/p>\n<p>2.3-5.8<\/p>\n<p>81-206<\/p>\n<p>9.5<\/p>\n<p>135<\/p>\n","protected":false},"excerpt":{"rendered":"<p>M\u00e3 SP M\u00e1y n\u00e9n kh\u00ed tr\u1ee5c v\u00edt ingersoll rand R30N-37N (New 2015)<br \/>\nB\u1ea3o h\u00e0nh 3 th\u00e1ng<br \/>\nXu\u1ea5t x\u1ee9 M\u1ef9<br \/>\nH\u00e3ng SX INGERSOLL RAND<\/p>\n","protected":false},"featured_media":470,"comment_status":"open","ping_status":"closed","template":"","meta":[],"product_cat":[45,90],"product_tag":[72,70,71,73],"jetpack_sharing_enabled":true,"_links":{"self":[{"href":"https:\/\/maynenkhiadong.com\/index.php?rest_route=\/wp\/v2\/product\/182"}],"collection":[{"href":"https:\/\/maynenkhiadong.com\/index.php?rest_route=\/wp\/v2\/product"}],"about":[{"href":"https:\/\/maynenkhiadong.com\/index.php?rest_route=\/wp\/v2\/types\/product"}],"replies":[{"embeddable":true,"href":"https:\/\/maynenkhiadong.com\/index.php?rest_route=%2Fwp%2Fv2%2Fcomments&post=182"}],"wp:featuredmedia":[{"embeddable":true,"href":"https:\/\/maynenkhiadong.com\/index.php?rest_route=\/wp\/v2\/media\/470"}],"wp:attachment":[{"href":"https:\/\/maynenkhiadong.com\/index.php?rest_route=%2Fwp%2Fv2%2Fmedia&parent=182"}],"wp:term":[{"taxonomy":"product_cat","embeddable":true,"href":"https:\/\/maynenkhiadong.com\/index.php?rest_route=%2Fwp%2Fv2%2Fproduct_cat&post=182"},{"taxonomy":"product_tag","embeddable":true,"href":"https:\/\/maynenkhiadong.com\/index.php?rest_route=%2Fwp%2Fv2%2Fproduct_tag&post=182"}],"curies":[{"name":"wp","href":"https:\/\/api.w.org\/{rel}","templated":true}]}}