{"id":183,"date":"2013-08-10T09:31:57","date_gmt":"2013-08-10T09:31:57","guid":{"rendered":"http:\/\/uxthemes.wpengine.com\/?post_type=product&#038;p=328"},"modified":"2024-06-27T01:43:52","modified_gmt":"2024-06-27T01:43:52","slug":"adelia-bag-nypd","status":"publish","type":"product","link":"https:\/\/maynenkhiadong.com\/?product=adelia-bag-nypd","title":{"rendered":"M\u00c1Y N\u00c9N KH\u00cd TR\u1ee4C V\u00cdT INGERSOLL RAND R90-160 KW XE"},"content":{"rendered":"<p>\u2013  Robust Cast Iron IP55, 380V ~ 415V\/3PH\/50HZ motor<\/p>\n<p>\u2013  Rugged Ingersoll Rand airend with duplex tapered roller bearings<\/p>\n<p>\u2013  No maintenance integral gear drive system<\/p>\n<p>\u2013  Air or Water-Cooled aftercooler and condensate separator<\/p>\n<p>\u2013  Integral star delta starter<\/p>\n<p>\u2013  Factory-fill of Ingersoll Rand UltraCoolant<\/p>\n<p>\u2013  Xe microprocessor controller providing:<\/p>\n<p>\u2013  Sequence up to 4 machines<\/p>\n<p>\u2013  On-Line\/Off-line control with automatic start &#038; stop<\/p>\n<p>\u2013 NEMA4 (IP65) Electrical Protection<\/p>\n<p>\u2013  74 dB(A) low sound enclosure<\/p>\n<p>\u2013 Dimensions (mm): 2703 L x 1466 W x 2032 H       (R90I \u2013 R110I)<\/p>\n<p>2855 L x 1836 W x 2032 H             (R132I \u2013 R160I)<\/p>\n<p>\u2013  Max Weight (kg):   R90I:    2420\/2200   AC\/WC;<\/p>\n<p>R110I:  2550\/2330 AC\/WC<\/p>\n<p>R132I &#038; R160I:   2926\/2603  AC\/WC<\/p>\n<p>Model<\/p>\n<p>CCN<\/p>\n<p>Capacity<\/p>\n<p>Max oOpereting<\/p>\n<p>Pressure<\/p>\n<p>Cooler<\/p>\n<p>Voltage<\/p>\n<p>m3\/min<\/p>\n<p>Bar(g)<\/p>\n<p>Psi(g)<\/p>\n<p>A\/C\/W\/C<\/p>\n<p>V<\/p>\n<p>R90I_A7.5<\/p>\n<p>46834966<\/p>\n<p>16.71<\/p>\n<p>7.5<\/p>\n<p>110<\/p>\n<p>AC<\/p>\n<p>380-415V\/3PH\/50HZ<\/p>\n<p>R90I_W7.5<\/p>\n<p>46835005<\/p>\n<p>16.71<\/p>\n<p>7.5<\/p>\n<p>110<\/p>\n<p>WC<\/p>\n<p>380-415V\/3PH\/50HZ<\/p>\n<p>R90I_A8.5<\/p>\n<p>46834974<\/p>\n<p>15.72<\/p>\n<p>8.5<\/p>\n<p>125<\/p>\n<p>AC<\/p>\n<p>380-415V\/3PH\/50HZ<\/p>\n<p>R90I_W8.5<\/p>\n<p>46835013<\/p>\n<p>15.72<\/p>\n<p>8.5<\/p>\n<p>125<\/p>\n<p>WC<\/p>\n<p>380-415V\/3PH\/50HZ<\/p>\n<p>R90I_A10<\/p>\n<p>46834982<\/p>\n<p>14.02<\/p>\n<p>10.0<\/p>\n<p>145<\/p>\n<p>AC<\/p>\n<p>380-415V\/3PH\/50HZ<\/p>\n<p>R90I_W10<\/p>\n<p>46835021<\/p>\n<p>14.02<\/p>\n<p>10.0<\/p>\n<p>145<\/p>\n<p>WC<\/p>\n<p>380-415V\/3PH\/50HZ<\/p>\n<p>R90I_A14<\/p>\n<p>46834990<\/p>\n<p>10.25<\/p>\n<p>14.0<\/p>\n<p>200<\/p>\n<p>AC<\/p>\n<p>380-415V\/3PH\/50HZ<\/p>\n<p>R90I_W14<\/p>\n<p>46835039<\/p>\n<p>10.25<\/p>\n<p>14.0<\/p>\n<p>200<\/p>\n<p>WC<\/p>\n<p>380-415V\/3PH\/50HZ<\/p>\n<p>R110I_A7.5<\/p>\n<p>46835047<\/p>\n<p>20.76<\/p>\n<p>7.5<\/p>\n<p>110<\/p>\n<p>AC<\/p>\n<p>380-415V\/3PH\/50HZ<\/p>\n<p>R110I_W7.5<\/p>\n<p>46835088<\/p>\n<p>20.76<\/p>\n<p>7.5<\/p>\n<p>110<\/p>\n<p>WC<\/p>\n<p>380-415V\/3PH\/50HZ<\/p>\n<p>R110I_A8.5<\/p>\n<p>46835054<\/p>\n<p>19.20<\/p>\n<p>8.5<\/p>\n<p>125<\/p>\n<p>AC<\/p>\n<p>380-415V\/3PH\/50HZ<\/p>\n<p>R110I_W8.5<\/p>\n<p>46835096<\/p>\n<p>19.20<\/p>\n<p>8.5<\/p>\n<p>125<\/p>\n<p>WC<\/p>\n<p>380-415V\/3PH\/50HZ<\/p>\n<p>R110I_A10<\/p>\n<p>46835062<\/p>\n<p>17.50<\/p>\n<p>10.0<\/p>\n<p>145<\/p>\n<p>AC<\/p>\n<p>380-415V\/3PH\/50HZ<\/p>\n<p>R110I_W10<\/p>\n<p>46835104<\/p>\n<p>17.50<\/p>\n<p>10.0<\/p>\n<p>145<\/p>\n<p>WC<\/p>\n<p>380-415V\/3PH\/50HZ<\/p>\n<p>R110I_A14<\/p>\n<p>46835070<\/p>\n<p>13.76<\/p>\n<p>14.0<\/p>\n<p>200<\/p>\n<p>AC<\/p>\n<p>380-415V\/3PH\/50HZ<\/p>\n<p>R110I_W14<\/p>\n<p>46835112<\/p>\n<p>13.76<\/p>\n<p>14.0<\/p>\n<p>200<\/p>\n<p>WC<\/p>\n<p>380-415V\/3PH\/50HZ<\/p>\n<p>R132I_A7.5<\/p>\n<p>46860276<\/p>\n<p>25.20<\/p>\n<p>7.5<\/p>\n<p>110<\/p>\n<p>AC<\/p>\n<p>380-415V\/3PH\/50HZ<\/p>\n<p>R132I_W7.5<\/p>\n<p>46860318<\/p>\n<p>25.20<\/p>\n<p>7.5<\/p>\n<p>110<\/p>\n<p>WC<\/p>\n<p>380-415V\/3PH\/50HZ<\/p>\n<p>R132I_A8.5<\/p>\n<p>46860284<\/p>\n<p>23.93<\/p>\n<p>8.5<\/p>\n<p>125<\/p>\n<p>AC<\/p>\n<p>380-415V\/3PH\/50HZ<\/p>\n<p>R132I_W8.5<\/p>\n<p>46860326<\/p>\n<p>23.93<\/p>\n<p>8.5<\/p>\n<p>125<\/p>\n<p>WC<\/p>\n<p>380-415V\/3PH\/50HZ<\/p>\n<p>R132I_A10<\/p>\n<p>46860292<\/p>\n<p>21.10<\/p>\n<p>10.0<\/p>\n<p>145<\/p>\n<p>AC<\/p>\n<p>380-415V\/3PH\/50HZ<\/p>\n<p>R132I_W10<\/p>\n<p>46860334<\/p>\n<p>21.10<\/p>\n<p>10.0<\/p>\n<p>145<\/p>\n<p>WC<\/p>\n<p>380-415V\/3PH\/50HZ<\/p>\n<p>R132I_A14<\/p>\n<p>46860300<\/p>\n<p>17.53<\/p>\n<p>14.0<\/p>\n<p>200<\/p>\n<p>AC<\/p>\n<p>380-415V\/3PH\/50HZ<\/p>\n<p>R132I_W14<\/p>\n<p>46860342<\/p>\n<p>17.53<\/p>\n<p>14.0<\/p>\n<p>200<\/p>\n<p>WC<\/p>\n<p>380-415V\/3PH\/50HZ<\/p>\n<p>R160I_A7.5<\/p>\n<p>46860359<\/p>\n<p>29.45<\/p>\n<p>7.5<\/p>\n<p>110<\/p>\n<p>AC<\/p>\n<p>380-415V\/3PH\/50HZ<\/p>\n<p>R160I_W7.5<\/p>\n<p>46860391<\/p>\n<p>29.45<\/p>\n<p>7.5<\/p>\n<p>110<\/p>\n<p>WC<\/p>\n<p>380-415V\/3PH\/50HZ<\/p>\n<p>R160I_A8.5<\/p>\n<p>46860367<\/p>\n<p>29.02<\/p>\n<p>8.5<\/p>\n<p>125<\/p>\n<p>AC<\/p>\n<p>380-415V\/3PH\/50HZ<\/p>\n<p>R160I_W8.5<\/p>\n<p>46860409<\/p>\n<p>29.02<\/p>\n<p>8.5<\/p>\n<p>125<\/p>\n<p>WC<\/p>\n<p>380-415V\/3PH\/50HZ<\/p>\n<p>R160I_A10<\/p>\n<p>46860375<\/p>\n<p>25.75<\/p>\n<p>10.0<\/p>\n<p>145<\/p>\n<p>AC<\/p>\n<p>380-415V\/3PH\/50HZ<\/p>\n<p>R160I_W10<\/p>\n<p>46860417<\/p>\n<p>25.75<\/p>\n<p>10.0<\/p>\n<p>145<\/p>\n<p>WC<\/p>\n<p>380-415V\/3PH\/50HZ<\/p>\n<p>R160I_A14<\/p>\n<p>46860383<\/p>\n<p>20.51<\/p>\n<p>14.0<\/p>\n<p>200<\/p>\n<p>AC<\/p>\n<p>380-415V\/3PH\/50HZ<\/p>\n<p>R160I_W14<\/p>\n<p>46860425<\/p>\n<p>20.51<\/p>\n<p>14.0<\/p>\n<p>200<\/p>\n<p>WC<\/p>\n<p>380-415V\/3PH\/50HZ<\/p>\n","protected":false},"excerpt":{"rendered":"<p>M\u00e3 SP M\u00e1y n\u00e9n kh\u00ed tr\u1ee5c v\u00edt Ingersoll rand R90-160 KW XE<br \/>\nB\u1ea3o h\u00e0nh 3 th\u00e1ng<br \/>\nXu\u1ea5t x\u1ee9 M\u1ef9<br \/>\nH\u00e3ng SX INGERSOLL RAND<\/p>\n","protected":false},"featured_media":471,"comment_status":"open","ping_status":"closed","template":"","meta":[],"product_cat":[45,90],"product_tag":[72,70,71,73],"jetpack_sharing_enabled":true,"_links":{"self":[{"href":"https:\/\/maynenkhiadong.com\/index.php?rest_route=\/wp\/v2\/product\/183"}],"collection":[{"href":"https:\/\/maynenkhiadong.com\/index.php?rest_route=\/wp\/v2\/product"}],"about":[{"href":"https:\/\/maynenkhiadong.com\/index.php?rest_route=\/wp\/v2\/types\/product"}],"replies":[{"embeddable":true,"href":"https:\/\/maynenkhiadong.com\/index.php?rest_route=%2Fwp%2Fv2%2Fcomments&post=183"}],"wp:featuredmedia":[{"embeddable":true,"href":"https:\/\/maynenkhiadong.com\/index.php?rest_route=\/wp\/v2\/media\/471"}],"wp:attachment":[{"href":"https:\/\/maynenkhiadong.com\/index.php?rest_route=%2Fwp%2Fv2%2Fmedia&parent=183"}],"wp:term":[{"taxonomy":"product_cat","embeddable":true,"href":"https:\/\/maynenkhiadong.com\/index.php?rest_route=%2Fwp%2Fv2%2Fproduct_cat&post=183"},{"taxonomy":"product_tag","embeddable":true,"href":"https:\/\/maynenkhiadong.com\/index.php?rest_route=%2Fwp%2Fv2%2Fproduct_tag&post=183"}],"curies":[{"name":"wp","href":"https:\/\/api.w.org\/{rel}","templated":true}]}}