{"id":184,"date":"2013-08-10T09:30:18","date_gmt":"2013-08-10T09:30:18","guid":{"rendered":"http:\/\/uxthemes.wpengine.com\/?post_type=product&#038;p=325"},"modified":"2024-06-27T01:43:37","modified_gmt":"2024-06-27T01:43:37","slug":"talifa-bag-nypd","status":"publish","type":"product","link":"https:\/\/maynenkhiadong.com\/?product=talifa-bag-nypd","title":{"rendered":"M\u00c1Y N\u00c9N KH\u00cd TR\u1ee4C V\u00cdT INGERSOLL RAND M45-75KW COUGAR"},"content":{"rendered":"<p>\u00a0\u2013 Standard IP55, 380-415V\/3PH\/50HZ motor<\/p>\n<p>\u2013 Rugged Ingersoll Rand airend with duplex tapered roller bearings<\/p>\n<p>\u2013 No maintenance integral gear drive system<\/p>\n<p>\u2013 Air or Water-Cooled aftercooler with moisture separator<\/p>\n<p>\u2013 Integral star delta starter<\/p>\n<p>\u2013 Factory-fill of SSR UltraCoolant<\/p>\n<p>\u2013 IntellisysTM capacity control system featuring:<\/p>\n<p>\u2013 Finger-touch control panel<\/p>\n<p>\u2013 On-Line\/Off-line control with automatic start &#038; stop<\/p>\n<p>\u2013 First out annunciation<\/p>\n<p>\u2013 75 dB(A) low sound enclosure<\/p>\n<p>\u2013 Dimensions (mm): 1689 L x 1605 W x 1696 H<\/p>\n<p>\u2013 Weight (kg): 953(M45),1270(M55), 1315(M75)<\/p>\n<p>Model<br \/>\nCCN<\/p>\n<p>Capacity<\/p>\n<p>Operating Pressure<\/p>\n<p>Cooler<\/p>\n<p>Voltage<\/p>\n<p>Control<\/p>\n<p>m3\/min<\/p>\n<p>ft3\/min<\/p>\n<p>bar(g)<\/p>\n<p>psi(g)<\/p>\n<p>A\/C\/W\/C<\/p>\n<p>V<\/p>\n<p>SG\/SE<\/p>\n<p>GB<br \/>\nML45<br \/>\n99325870<\/p>\n<p>7.4<\/p>\n<p>261<\/p>\n<p>7.5<\/p>\n<p>109<\/p>\n<p>A\/C<\/p>\n<p>380-415V\/3PH\/50HZ<\/p>\n<p>SE<\/p>\n<p>99325904<\/p>\n<p>7.4<\/p>\n<p>261<\/p>\n<p>7.5<\/p>\n<p>109<\/p>\n<p>W\/C<\/p>\n<p>380-415V\/3PH\/50HZ<\/p>\n<p>SE<\/p>\n<p>MM45<br \/>\n99325888<\/p>\n<p>7.1<\/p>\n<p>251<\/p>\n<p>8.5<\/p>\n<p>123<\/p>\n<p>A\/C<\/p>\n<p>380-415V\/3PH\/50HZ<\/p>\n<p>SE<\/p>\n<p>99325912<\/p>\n<p>7.1<\/p>\n<p>251<\/p>\n<p>8.5<\/p>\n<p>123<\/p>\n<p>W\/C<\/p>\n<p>380-415V\/3PH\/50HZ<\/p>\n<p>SE<\/p>\n<p>MH45<br \/>\n99325896<\/p>\n<p>6.5<\/p>\n<p>230<\/p>\n<p>10.0<\/p>\n<p>145<\/p>\n<p>A\/C<\/p>\n<p>380-415V\/3PH\/50HZ<\/p>\n<p>SE<\/p>\n<p>99325920<\/p>\n<p>6.5<\/p>\n<p>230<\/p>\n<p>10.0<\/p>\n<p>145<\/p>\n<p>W\/C<\/p>\n<p>380-415V\/3PH\/50HZ<\/p>\n<p>SE<\/p>\n<p>ML55<br \/>\n99321978<\/p>\n<p>10.1<\/p>\n<p>357<\/p>\n<p>7.5<\/p>\n<p>109<\/p>\n<p>A\/C<\/p>\n<p>380-415V\/3PH\/50HZ<\/p>\n<p>SE<\/p>\n<p>99322059<\/p>\n<p>10.1<\/p>\n<p>357<\/p>\n<p>7.5<\/p>\n<p>109<\/p>\n<p>W\/C<\/p>\n<p>380-415V\/3PH\/50HZ<\/p>\n<p>SE<\/p>\n<p>MM55<br \/>\n99321986<\/p>\n<p>9.1<\/p>\n<p>321<\/p>\n<p>8.5<\/p>\n<p>123<\/p>\n<p>A\/C<\/p>\n<p>380-415V\/3PH\/50HZ<\/p>\n<p>SE<\/p>\n<p>99322067<\/p>\n<p>9.1<\/p>\n<p>321<\/p>\n<p>8.5<\/p>\n<p>123<\/p>\n<p>W\/C<\/p>\n<p>380-415V\/3PH\/50HZ<\/p>\n<p>SE<\/p>\n<p>MH55<br \/>\n99321994<\/p>\n<p>8.3<\/p>\n<p>293<\/p>\n<p>10.0<\/p>\n<p>145<\/p>\n<p>A\/C<\/p>\n<p>380-415V\/3PH\/50HZ<\/p>\n<p>SE<\/p>\n<p>99322075<\/p>\n<p>8.3<\/p>\n<p>293<\/p>\n<p>10.0<\/p>\n<p>145<\/p>\n<p>W\/C<\/p>\n<p>380-415V\/3PH\/50HZ<\/p>\n<p>SE<\/p>\n<p>MJ55<br \/>\n99322000<\/p>\n<p>7.6<\/p>\n<p>268<\/p>\n<p>11.4<\/p>\n<p>165<\/p>\n<p>A\/C<\/p>\n<p>380-415V\/3PH\/50HZ<\/p>\n<p>SE<\/p>\n<p>99322083<\/p>\n<p>7.6<\/p>\n<p>268<\/p>\n<p>11.4<\/p>\n<p>165<\/p>\n<p>W\/C<\/p>\n<p>380-415V\/3PH\/50HZ<\/p>\n<p>SE<\/p>\n<p>ML75<br \/>\n99322018<\/p>\n<p>13.0<\/p>\n<p>459<\/p>\n<p>7.5<\/p>\n<p>109<\/p>\n<p>A\/C<\/p>\n<p>380-415V\/3PH\/50HZ<\/p>\n<p>SE<\/p>\n<p>99322091<\/p>\n<p>13.0<\/p>\n<p>459<\/p>\n<p>7.5<\/p>\n<p>109<\/p>\n<p>W\/C<\/p>\n<p>380-415V\/3PH\/50HZ<\/p>\n<p>SE<\/p>\n<p>MM75<br \/>\n99322026<\/p>\n<p>12.1<\/p>\n<p>427<\/p>\n<p>8.5<\/p>\n<p>123<\/p>\n<p>A\/C<\/p>\n<p>380-415V\/3PH\/50HZ<\/p>\n<p>SE<\/p>\n<p>99322109<\/p>\n<p>12.1<\/p>\n<p>427<\/p>\n<p>8.5<\/p>\n<p>123<\/p>\n<p>W\/C<\/p>\n<p>380-415V\/3PH\/50HZ<\/p>\n<p>SE<\/p>\n<p>MH75<br \/>\n99322034<\/p>\n<p>11.0<\/p>\n<p>388<\/p>\n<p>10.0<\/p>\n<p>145<\/p>\n<p>A\/C<\/p>\n<p>380-415V\/3PH\/50HZ<\/p>\n<p>SE<\/p>\n<p>99322117<\/p>\n<p>11.0<\/p>\n<p>388<\/p>\n<p>10.0<\/p>\n<p>145<\/p>\n<p>W\/C<\/p>\n<p>380-415V\/3PH\/50HZ<\/p>\n<p>SE<\/p>\n<p>MJ75<br \/>\n99322042<\/p>\n<p>10.2<\/p>\n<p>360<\/p>\n<p>11.4<\/p>\n<p>165<\/p>\n<p>A\/C<\/p>\n<p>380-415V\/3PH\/50HZ<\/p>\n<p>SE<\/p>\n<p>99322125<\/p>\n<p>10.2<\/p>\n<p>360<\/p>\n<p>11.4<\/p>\n<p>165<\/p>\n<p>W\/C<\/p>\n<p>380-415V\/3PH\/50HZ<\/p>\n<p>SE<\/p>\n<p>ASME<br \/>\nML45<br \/>\n99325946<\/p>\n<p>7.4<\/p>\n<p>261<\/p>\n<p>7.5<\/p>\n<p>109<\/p>\n<p>A\/C<\/p>\n<p>380-415V\/3PH\/50HZ<\/p>\n<p>SE<\/p>\n<p>99325979<\/p>\n<p>7.4<\/p>\n<p>261<\/p>\n<p>7.5<\/p>\n<p>109<\/p>\n<p>W\/C<\/p>\n<p>380-415V\/3PH\/50HZ<\/p>\n<p>SE<\/p>\n<p>MM45<br \/>\n99325953<\/p>\n<p>7.1<\/p>\n<p>251<\/p>\n<p>8.5<\/p>\n<p>123<\/p>\n<p>A\/C<\/p>\n<p>380-415V\/3PH\/50HZ<\/p>\n<p>SE<\/p>\n<p>99325987<\/p>\n<p>7.1<\/p>\n<p>251<\/p>\n<p>8.5<\/p>\n<p>123<\/p>\n<p>W\/C<\/p>\n<p>380-415V\/3PH\/50HZ<\/p>\n<p>SE<\/p>\n<p>MH45<br \/>\n99325961<\/p>\n<p>6.5<\/p>\n<p>230<\/p>\n<p>10.0<\/p>\n<p>145<\/p>\n<p>A\/C<\/p>\n<p>380-415V\/3PH\/50HZ<\/p>\n<p>SE<\/p>\n<p>99325995<\/p>\n<p>6.5<\/p>\n<p>230<\/p>\n<p>10.0<\/p>\n<p>145<\/p>\n<p>W\/C<\/p>\n<p>380-415V\/3PH\/50HZ<\/p>\n<p>SE<\/p>\n<p>ML55<br \/>\n99325268<\/p>\n<p>10.1<\/p>\n<p>357<\/p>\n<p>7.5<\/p>\n<p>109<\/p>\n<p>A\/C<\/p>\n<p>380-415V\/3PH\/50HZ<\/p>\n<p>SE<\/p>\n<p>99325482<\/p>\n<p>10.1<\/p>\n<p>357<\/p>\n<p>7.5<\/p>\n<p>109<\/p>\n<p>W\/C<\/p>\n<p>380-415V\/3PH\/50HZ<\/p>\n<p>SE<\/p>\n<p>MM55<br \/>\n99325136<\/p>\n<p>9.1<\/p>\n<p>321<\/p>\n<p>8.5<\/p>\n<p>123<\/p>\n<p>A\/C<\/p>\n<p>380-415V\/3PH\/50HZ<\/p>\n<p>SE<\/p>\n<p>99325706<\/p>\n<p>9.1<\/p>\n<p>321<\/p>\n<p>8.5<\/p>\n<p>123<\/p>\n<p>W\/C<\/p>\n<p>380-415V\/3PH\/50HZ<\/p>\n<p>SE<\/p>\n<p>MH55<br \/>\n99325276<\/p>\n<p>8.3<\/p>\n<p>293<\/p>\n<p>10.0<\/p>\n<p>145<\/p>\n<p>A\/C<\/p>\n<p>380-415V\/3PH\/50HZ<\/p>\n<p>SE<\/p>\n<p>99325490<\/p>\n<p>8.3<\/p>\n<p>293<\/p>\n<p>10.0<\/p>\n<p>145<\/p>\n<p>W\/C<\/p>\n<p>380-415V\/3PH\/50HZ<\/p>\n<p>SE<\/p>\n<p>MJ55<br \/>\n99325284<\/p>\n<p>7.6<\/p>\n<p>268<\/p>\n<p>11.4<\/p>\n<p>165<\/p>\n<p>A\/C<\/p>\n<p>380-415V\/3PH\/50HZ<\/p>\n<p>SE<\/p>\n<p>99325508<\/p>\n<p>7.6<\/p>\n<p>268<\/p>\n<p>11.4<\/p>\n<p>165<\/p>\n<p>W\/C<\/p>\n<p>380-415V\/3PH\/50HZ<\/p>\n<p>SE<\/p>\n<p>ML75<br \/>\n99325292<\/p>\n<p>13.0<\/p>\n<p>459<\/p>\n<p>7.5<\/p>\n<p>109<\/p>\n<p>A\/C<\/p>\n<p>380-415V\/3PH\/50HZ<\/p>\n<p>SE<\/p>\n<p>99325516<\/p>\n<p>13.0<\/p>\n<p>459<\/p>\n<p>7.5<\/p>\n<p>109<\/p>\n<p>W\/C<\/p>\n<p>380-415V\/3PH\/50HZ<\/p>\n<p>SE<\/p>\n<p>MM75<br \/>\n99325144<\/p>\n<p>12.1<\/p>\n<p>427<\/p>\n<p>8.5<\/p>\n<p>123<\/p>\n<p>A\/C<\/p>\n<p>380-415V\/3PH\/50HZ<\/p>\n<p>SE<\/p>\n<p>99325714<\/p>\n<p>12.1<\/p>\n<p>427<\/p>\n<p>8.5<\/p>\n<p>123<\/p>\n<p>W\/C<\/p>\n<p>380-415V\/3PH\/50HZ<\/p>\n<p>SE<\/p>\n<p>MH75<br \/>\n99325300<\/p>\n<p>11.0<\/p>\n<p>388<\/p>\n<p>10.0<\/p>\n<p>145<\/p>\n<p>A\/C<\/p>\n<p>380-415V\/3PH\/50HZ<\/p>\n<p>SE<\/p>\n<p>99325524<\/p>\n<p>11.0<\/p>\n<p>388<\/p>\n<p>10.0<\/p>\n<p>145<\/p>\n<p>W\/C<\/p>\n<p>380-415V\/3PH\/50HZ<\/p>\n<p>SE<\/p>\n<p>MJ75<br \/>\n99325318<\/p>\n<p>10.2<\/p>\n<p>360<\/p>\n<p>11.4<\/p>\n<p>165<\/p>\n<p>A\/C<\/p>\n<p>380-415V\/3PH\/50HZ<\/p>\n<p>SE<\/p>\n<p>99325532<\/p>\n<p>10.2<\/p>\n<p>360<\/p>\n<p>11.4<\/p>\n<p>165<\/p>\n<p>W\/C<\/p>\n<p>380-415V\/3PH\/50HZ<\/p>\n<p>SE<\/p>\n","protected":false},"excerpt":{"rendered":"<p>M\u00e3 SP M\u00e1y n\u00e9n kh\u00ed tr\u1ee5c v\u00edt ingersoll rand M45-75kw COUGAR<br \/>\nB\u1ea3o h\u00e0nh 3 th\u00e1ng<br \/>\nXu\u1ea5t x\u1ee9 M\u1ef9<br \/>\nH\u00e3ng SX INGERSOLL RAND<\/p>\n","protected":false},"featured_media":540,"comment_status":"open","ping_status":"closed","template":"","meta":[],"product_cat":[45,90],"product_tag":[72,70,71,73],"jetpack_sharing_enabled":true,"_links":{"self":[{"href":"https:\/\/maynenkhiadong.com\/index.php?rest_route=\/wp\/v2\/product\/184"}],"collection":[{"href":"https:\/\/maynenkhiadong.com\/index.php?rest_route=\/wp\/v2\/product"}],"about":[{"href":"https:\/\/maynenkhiadong.com\/index.php?rest_route=\/wp\/v2\/types\/product"}],"replies":[{"embeddable":true,"href":"https:\/\/maynenkhiadong.com\/index.php?rest_route=%2Fwp%2Fv2%2Fcomments&post=184"}],"wp:featuredmedia":[{"embeddable":true,"href":"https:\/\/maynenkhiadong.com\/index.php?rest_route=\/wp\/v2\/media\/540"}],"wp:attachment":[{"href":"https:\/\/maynenkhiadong.com\/index.php?rest_route=%2Fwp%2Fv2%2Fmedia&parent=184"}],"wp:term":[{"taxonomy":"product_cat","embeddable":true,"href":"https:\/\/maynenkhiadong.com\/index.php?rest_route=%2Fwp%2Fv2%2Fproduct_cat&post=184"},{"taxonomy":"product_tag","embeddable":true,"href":"https:\/\/maynenkhiadong.com\/index.php?rest_route=%2Fwp%2Fv2%2Fproduct_tag&post=184"}],"curies":[{"name":"wp","href":"https:\/\/api.w.org\/{rel}","templated":true}]}}