{"id":185,"date":"2013-08-10T09:26:37","date_gmt":"2013-08-10T09:26:37","guid":{"rendered":"http:\/\/uxthemes.wpengine.com\/?post_type=product&#038;p=319"},"modified":"2024-06-27T01:43:20","modified_gmt":"2024-06-27T01:43:20","slug":"alanya-braided-leather","status":"publish","type":"product","link":"https:\/\/maynenkhiadong.com\/?product=alanya-braided-leather","title":{"rendered":"M\u00c1Y N\u00c9N KH\u00cd TR\u1ee4C V\u00cdT INGERSOLL RAND R55-R75I"},"content":{"rendered":"<p>Robust High Efficiency IP55, 400V\/3ph\/50Hz motor<\/p>\n<p>Rugged Ingersoll Rand airend with duplex tapered roller bearings<\/p>\n<p>Package Pre Filter<\/p>\n<p>Air or Water-Cooled aftercooler with condensate separator<\/p>\n<p>Integral star delta starter<\/p>\n<p>Factory-fill of Ingersoll Rand UltraCoolant<\/p>\n<p>Xe microprocessor controller providing:<\/p>\n<p>On-Line\/Off-Line control with automatic start &#038; stop<\/p>\n<p>30 Languages available &#038; selectable via the controller<\/p>\n<p>(English, Chinese, Korean, Thai &#038; Berhasa Indonesia)<\/p>\n<p>69+3 dB(A) low sound enclosure (per IS0 2151; 2004)<\/p>\n<p>dim : ( LxWxH) : 2432 x 1265 x 2032<\/p>\n<p>Weight of R75n Aircooled : 1420 kg<\/p>\n<p>Model<\/p>\n<p>CCN<\/p>\n<p>Capacity<\/p>\n<p>Operating Pressure<\/p>\n<p>Cooler<\/p>\n<p>Voltage<\/p>\n<p>m3\/min<\/p>\n<p>cfm<\/p>\n<p>bar(g)<\/p>\n<p>psi(g)<\/p>\n<p>A\/C\/W\/C<\/p>\n<p>V<\/p>\n<p>GB Code Oil Separator Tank + IE1 Motor<br \/>\nR55I_A7.5<br \/>\n23899024<\/p>\n<p>10.19<\/p>\n<p>360<br \/>\n7.5<\/p>\n<p>110<\/p>\n<p>A\/C<\/p>\n<p>380-415V\/3PH\/50HZ<\/p>\n<p>R55I_A8.5<br \/>\n23899032<\/p>\n<p>9.43<\/p>\n<p>333<br \/>\n8.5<\/p>\n<p>125<\/p>\n<p>A\/C<\/p>\n<p>380-415V\/3PH\/50HZ<\/p>\n<p>R55I_A10<br \/>\n23899040<\/p>\n<p>8.58<\/p>\n<p>303<br \/>\n10<\/p>\n<p>145<\/p>\n<p>A\/C<\/p>\n<p>380-415V\/3PH\/50HZ<\/p>\n<p>R55I_A14<br \/>\n23899057<\/p>\n<p>6.51<\/p>\n<p>230<br \/>\n14<\/p>\n<p>200<\/p>\n<p>A\/C<\/p>\n<p>380-415V\/3PH\/50HZ<\/p>\n<p>R55I_W7.5<br \/>\n23899065<\/p>\n<p>10.19<\/p>\n<p>360<br \/>\n7.5<\/p>\n<p>110<\/p>\n<p>W\/C<\/p>\n<p>380-415V\/3PH\/50HZ<\/p>\n<p>R55I_W8.5<br \/>\n23899073<\/p>\n<p>9.43<\/p>\n<p>333<br \/>\n8.5<\/p>\n<p>125<\/p>\n<p>W\/C<\/p>\n<p>380-415V\/3PH\/50HZ<\/p>\n<p>R55I_W10<br \/>\n23899081<\/p>\n<p>8.58<\/p>\n<p>303<br \/>\n10<\/p>\n<p>145<\/p>\n<p>W\/C<\/p>\n<p>380-415V\/3PH\/50HZ<\/p>\n<p>R55I_W14<br \/>\n23899099<\/p>\n<p>6.51<\/p>\n<p>230<br \/>\n14<\/p>\n<p>200<\/p>\n<p>W\/C<\/p>\n<p>380-415V\/3PH\/50HZ<\/p>\n<p>R75I_A7.5<br \/>\n23899107<\/p>\n<p>13.34<\/p>\n<p>471<br \/>\n7.5<\/p>\n<p>110<\/p>\n<p>A\/C<\/p>\n<p>380-415V\/3PH\/50HZ<\/p>\n<p>R75I_A8.5<br \/>\n23899115<\/p>\n<p>12.77<\/p>\n<p>451<br \/>\n8.5<\/p>\n<p>125<\/p>\n<p>A\/C<\/p>\n<p>380-415V\/3PH\/50HZ<\/p>\n<p>R75I_A10<br \/>\n23899123<\/p>\n<p>11.61<\/p>\n<p>410<br \/>\n10<\/p>\n<p>145<\/p>\n<p>A\/C<\/p>\n<p>380-415V\/3PH\/50HZ<\/p>\n<p>R75I_A14<br \/>\n23899131<\/p>\n<p>8.83<\/p>\n<p>312<br \/>\n14<\/p>\n<p>200<\/p>\n<p>A\/C<\/p>\n<p>380-415V\/3PH\/50HZ<\/p>\n<p>R75I_W7.5<br \/>\n23899149<\/p>\n<p>13.34<\/p>\n<p>471<br \/>\n7.5<\/p>\n<p>110<\/p>\n<p>W\/C<\/p>\n<p>380-415V\/3PH\/50HZ<\/p>\n<p>R75I_W8.5<br \/>\n23899156<\/p>\n<p>12.77<\/p>\n<p>451<br \/>\n8.5<\/p>\n<p>125<\/p>\n<p>W\/C<\/p>\n<p>380-415V\/3PH\/50HZ<\/p>\n<p>R75I_W10<br \/>\n23899164<\/p>\n<p>11.61<\/p>\n<p>410<br \/>\n10<\/p>\n<p>145<\/p>\n<p>W\/C<\/p>\n<p>380-415V\/3PH\/50HZ<\/p>\n<p>R75I_W14<br \/>\n23899172<\/p>\n<p>8.83<\/p>\n<p>312<br \/>\n14<\/p>\n<p>200<\/p>\n<p>W\/C<\/p>\n<p>380-415V\/3PH\/50HZ<\/p>\n<p>ASME(MOM) Code Oil Separator Tank + IE3 Motor<br \/>\nR55I_A7.5<br \/>\n23899222<\/p>\n<p>10.19<\/p>\n<p>360<br \/>\n7.5<\/p>\n<p>110<\/p>\n<p>A\/C<\/p>\n<p>380-415V\/3PH\/50HZ<\/p>\n<p>R55I_A8.5<br \/>\n23899230<\/p>\n<p>9.43<\/p>\n<p>333<br \/>\n8.5<\/p>\n<p>125<\/p>\n<p>A\/C<\/p>\n<p>380-415V\/3PH\/50HZ<\/p>\n<p>R55I_A10<br \/>\n23899248<\/p>\n<p>8.58<\/p>\n<p>303<br \/>\n10<\/p>\n<p>145<\/p>\n<p>A\/C<\/p>\n<p>380-415V\/3PH\/50HZ<\/p>\n<p>R55I_A14<br \/>\n23899255<\/p>\n<p>6.51<\/p>\n<p>230<br \/>\n14<\/p>\n<p>200<\/p>\n<p>A\/C<\/p>\n<p>380-415V\/3PH\/50HZ<\/p>\n<p>R55I_W7.5<br \/>\n23899263<\/p>\n<p>10.19<\/p>\n<p>360<br \/>\n7.5<\/p>\n<p>110<\/p>\n<p>W\/C<\/p>\n<p>380-415V\/3PH\/50HZ<\/p>\n<p>R55I_W8.5<br \/>\n23899271<\/p>\n<p>9.43<\/p>\n<p>333<br \/>\n8.5<\/p>\n<p>125<\/p>\n<p>W\/C<\/p>\n<p>380-415V\/3PH\/50HZ<\/p>\n<p>R55I_W10<br \/>\n23899289<\/p>\n<p>8.58<\/p>\n<p>303<br \/>\n10<\/p>\n<p>145<\/p>\n<p>W\/C<\/p>\n<p>380-415V\/3PH\/50HZ<\/p>\n<p>R55I_W14<br \/>\n23899297<\/p>\n<p>6.51<\/p>\n<p>230<br \/>\n14<\/p>\n<p>200<\/p>\n<p>W\/C<\/p>\n<p>380-415V\/3PH\/50HZ<\/p>\n<p>R75I_A7.5<br \/>\n23899305<\/p>\n<p>13.34<\/p>\n<p>471<br \/>\n7.5<\/p>\n<p>110<\/p>\n<p>A\/C<\/p>\n<p>380-415V\/3PH\/50HZ<\/p>\n<p>R75I_A8.5<br \/>\n23899313<\/p>\n<p>12.77<\/p>\n<p>451<br \/>\n8.5<\/p>\n<p>125<\/p>\n<p>A\/C<\/p>\n<p>380-415V\/3PH\/50HZ<\/p>\n<p>R75I_A10<br \/>\n23899321<\/p>\n<p>11.61<\/p>\n<p>410<br \/>\n10<\/p>\n<p>145<\/p>\n<p>A\/C<\/p>\n<p>380-415V\/3PH\/50HZ<\/p>\n<p>R75I_A14<br \/>\n23899339<\/p>\n<p>8.83<\/p>\n<p>312<br \/>\n14<\/p>\n<p>200<\/p>\n<p>A\/C<\/p>\n<p>380-415V\/3PH\/50HZ<\/p>\n<p>R75I_W7.5<br \/>\n23899347<\/p>\n<p>13.34<\/p>\n<p>471<br \/>\n7.5<\/p>\n<p>110<\/p>\n<p>W\/C<\/p>\n<p>380-415V\/3PH\/50HZ<\/p>\n<p>R75I_W8.5<br \/>\n23899354<\/p>\n<p>12.77<\/p>\n<p>451<br \/>\n8.5<\/p>\n<p>125<\/p>\n<p>W\/C<\/p>\n<p>380-415V\/3PH\/50HZ<\/p>\n<p>R75I_W10<br \/>\n23899362<\/p>\n<p>11.61<\/p>\n<p>410<br \/>\n10<\/p>\n<p>145<\/p>\n<p>W\/C<\/p>\n<p>380-415V\/3PH\/50HZ<\/p>\n<p>R75I_W14<br \/>\n23899370<\/p>\n<p>8.83<\/p>\n<p>312<br \/>\n14<\/p>\n<p>200<\/p>\n<p>W\/C<\/p>\n<p>380-415V\/3PH\/50HZ<\/p>\n<p>Compressor Options<br \/>\nStarter Box: NEMA 4 (IP65) for Fix Speed Model; NEMA12(IP56) for Variable Speed Model<br \/>\nStandard<\/p>\n<p>Stainless Steel Air Discharge Piping<br \/>\nStandard<\/p>\n<p>4 units Sequence Control<br \/>\nStandard<\/p>\n<p>Remote control (Dry contact signal with Remote Start\/Stop, state Feedback, General Alarm; dis<br \/>\nPower Outage Restart<br \/>\nHi-Dust Filter<br \/>\nOutdoor Modification<br \/>\nSSR H-1 Food Grade Coolant<br \/>\nSea Water cooler (Cu\/Ni)<br \/>\ncontrol box space heater<br \/>\nmotor space heater<br \/>\nPt100 thermistor on each windings and bearing for main motor<br \/>\nModulation Control<br \/>\n4-20ma signal for package discharge temperature or pressure<br \/>\nSoft Starter<br \/>\nEnergy Recovery System(ERS)<br \/>\nLow ambient temperature Option (min -10 Degree C)<br \/>\n55 Degree C High Ambient temperature Option (not available for 75kw)<br \/>\nequal to next KW model price<\/p>\n","protected":false},"excerpt":{"rendered":"<p>M\u00e3 SP M\u00e1y n\u00e9n kh\u00ed tr\u1ee5c v\u00edt ingersoll rand R55-R75i<br \/>\nB\u1ea3o h\u00e0nh 3 th\u00e1ng<br \/>\nXu\u1ea5t x\u1ee9 M\u1ef9<br \/>\nH\u00e3ng SX INGERSOLL RAND<\/p>\n","protected":false},"featured_media":538,"comment_status":"open","ping_status":"closed","template":"","meta":[],"product_cat":[45,90],"product_tag":[72,70,71,73],"jetpack_sharing_enabled":true,"_links":{"self":[{"href":"https:\/\/maynenkhiadong.com\/index.php?rest_route=\/wp\/v2\/product\/185"}],"collection":[{"href":"https:\/\/maynenkhiadong.com\/index.php?rest_route=\/wp\/v2\/product"}],"about":[{"href":"https:\/\/maynenkhiadong.com\/index.php?rest_route=\/wp\/v2\/types\/product"}],"replies":[{"embeddable":true,"href":"https:\/\/maynenkhiadong.com\/index.php?rest_route=%2Fwp%2Fv2%2Fcomments&post=185"}],"wp:featuredmedia":[{"embeddable":true,"href":"https:\/\/maynenkhiadong.com\/index.php?rest_route=\/wp\/v2\/media\/538"}],"wp:attachment":[{"href":"https:\/\/maynenkhiadong.com\/index.php?rest_route=%2Fwp%2Fv2%2Fmedia&parent=185"}],"wp:term":[{"taxonomy":"product_cat","embeddable":true,"href":"https:\/\/maynenkhiadong.com\/index.php?rest_route=%2Fwp%2Fv2%2Fproduct_cat&post=185"},{"taxonomy":"product_tag","embeddable":true,"href":"https:\/\/maynenkhiadong.com\/index.php?rest_route=%2Fwp%2Fv2%2Fproduct_tag&post=185"}],"curies":[{"name":"wp","href":"https:\/\/api.w.org\/{rel}","templated":true}]}}