{"id":188,"date":"2013-08-10T09:14:20","date_gmt":"2013-08-10T09:14:20","guid":{"rendered":"http:\/\/uxthemes.wpengine.com\/?post_type=product&#038;p=293"},"modified":"2024-01-03T03:40:32","modified_gmt":"2024-01-03T03:40:32","slug":"u-old-skool-vans","status":"publish","type":"product","link":"https:\/\/maynenkhiadong.com\/?product=u-old-skool-vans","title":{"rendered":"B\u1ea2NG \u0110I\u1ec0U KHI\u1ec2N INGERSOLL RAND XE-145-DCU 23533524"},"content":{"rendered":"<p>\u0110\u1ea1t \u0111\u01b0\u1ee3c hi\u1ec7u qu\u1ea3 t\u1ed1t nh\u1ea5t trong l\u1edbp l\u00e0 \u0111i\u1ec1u r\u1ea5t quan tr\u1ecdng \u1edf Ingersoll Rand. B\u1ed9 \u0111i\u1ec1u khi\u1ec3n Xe-145 Series s\u1eed d\u1ee5ng c\u00e1c thu\u1eadt to\u00e1n \u0111i\u1ec1u khi\u1ec3n m\u1edbi nh\u1ea5t \u0111\u1ec3 cung c\u1ea5p m\u1ee9c ti\u00eau th\u1ee5 n\u0103ng l\u01b0\u1ee3ng th\u1ea5p nh\u1ea5t trong m\u1ecdi t\u00ecnh hu\u1ed1ng. Logic \u0111i\u1ec1u khi\u1ec3n t\u00edch h\u1ee3p \u0111\u1ea3m b\u1ea3o \u0111\u1ed9 tin c\u1eady c\u1ee7a h\u1ec7 th\u1ed1ng b\u1eb1ng c\u00e1ch qu\u1ea3n l\u00fd ch\u00ednh x\u00e1c \u00e1p su\u1ea5t x\u1ea3, \u0111\u1ed3ng th\u1eddi t\u1ed1i \u0111a h\u00f3a ph\u1ea1m vi \u0111i\u1ec1u ti\u1ebft. B\u1ed9 \u0111i\u1ec1u khi\u1ec3n c\u00f3 t\u00ednh n\u0103ng h\u1eb9n gi\u1edd h\u1eefu \u00edch, th\u00f4ng tin m\u00e1y n\u00e9n v\u00e0 c\u1ea3nh b\u00e1o cho bi\u1ebft khi n\u00e0o c\u1ea7n b\u1ea3o tr\u00ec \u0111\u1ec3 gi\u00fap t\u1ed1i \u01b0u h\u00f3a vi\u1ec7c \u0111\u1ea7u t\u01b0 c\u1ee7a b\u1ea1n.<\/p>\n<p>Ki\u1ec3m so\u00e1t ti\u00eau chu\u1ea9n:<\/p>\n<p>Ki\u1ec3m so\u00e1t \u00e1p su\u1ea5t kh\u00f4ng \u0111\u1ed5i \u2013 T\u1ef1 \u0111\u1ed9ng duy tr\u00ec \u00e1p su\u1ea5t x\u1ea3 ch\u00ednh x\u00e1c trong to\u00e0n b\u1ed9 ph\u1ea1m vi c\u00f4ng su\u1ea5t ho\u1ea1t \u0111\u1ed9ng (100% \u0111\u1ebfn 0%). Ki\u1ec3m so\u00e1t \u00e1p su\u1ea5t kh\u00f4ng \u0111\u1ed5i \u0111\u01b0\u1ee3c s\u1eed d\u1ee5ng \u0111\u1ec3 gi\u1ea3m thi\u1ec3u s\u1ef1 thay \u0111\u1ed5i \u00e1p su\u1ea5t c\u1ee7a qu\u00e1 tr\u00ecnh v\u1edbi ph\u1ea3n \u1ee9ng nhanh ch\u00f3ng v\u1edbi s\u1ef1 thay \u0111\u1ed5i nhu c\u1ea7u \u0111\u1ed9t ng\u1ed9t.<br \/>\n\u0110i\u1ec1u khi\u1ec3n k\u00e9p t\u1ef1 \u0111\u1ed9ng \u2013 S\u1eed d\u1ee5ng \u0111i\u1ec1u ch\u1ebf \u0111\u1ea7u v\u00e0o \u0111\u1ec3 duy tr\u00ec \u00e1p su\u1ea5t h\u1ec7 th\u1ed1ng kh\u00f4ng \u0111\u1ed5i trong ph\u1ea1m vi ho\u1ea1t \u0111\u1ed9ng c\u1ee7a m\u00e1y n\u00e9n. Khi t\u1ea3i gi\u1ea3m xu\u1ed1ng d\u01b0\u1edbi ph\u1ea1m vi quay \u0111\u1ea7u, b\u1ed9 \u0111i\u1ec1u khi\u1ec3n s\u1ebd t\u1ef1 \u0111\u1ed9ng chuy\u1ec3n sang ch\u1ebf \u0111\u1ed9 t\u1ea3i \/ kh\u00f4ng t\u1ea3i. \u0110i\u1ec1u khi\u1ec3n k\u00e9p t\u1ef1 \u0111\u1ed9ng c\u00f3 th\u1ec3 l\u1eadp tr\u00ecnh t\u1ed1i \u01b0u h\u00f3a hi\u1ec7u qu\u1ea3 ho\u1ea1t \u0111\u1ed9ng khi nhu c\u1ea7u c\u1ee7a quy tr\u00ecnh thay \u0111\u1ed5i nhi\u1ec1u theo th\u1eddi gian.<br \/>\nEnergy Smart Set Point \u2122 (ESS) \u2013 \u0110i\u1ec1u ch\u1ec9nh n\u1ed9i b\u1ed9 \u0111i\u1ec3m \u0111\u1eb7t \u00e1p su\u1ea5t c\u1ee7a m\u00e1y n\u00e9n \u0111\u1ec3 c\u00e2n b\u1eb1ng v\u00e0 chia s\u1ebb t\u1ea3i gi\u1eefa nhi\u1ec1u m\u00e1y n\u00e9n trong c\u00f9ng m\u1ed9t h\u1ec7 th\u1ed1ng. ESS gi\u1ea3m l\u01b0\u1ee3ng kh\u00f4ng kh\u00ed l\u1ecdt qua, gi\u00fap ti\u1ebft ki\u1ec7m n\u0103ng l\u01b0\u1ee3ng.<\/p>\n<p>Ki\u1ec3m so\u00e1t t\u00f9y ch\u1ecdn:<\/p>\n<p>Ph\u1ea7n m\u1ec1m Ki\u1ec3m so\u00e1t m\u00f4i tr\u01b0\u1eddng \u2013 T\u1ed1i \u0111a h\u00f3a d\u1ea3i \u0111i\u1ec1u ti\u1ebft ho\u1ea1t \u0111\u1ed9ng c\u1ee7a m\u00e1y n\u00e9n, t\u0103ng t\u1ed1c \u0111\u1ed9 quay v\u00f2ng c\u00f3 th\u1ec3 s\u1eed d\u1ee5ng v\u00e0 gi\u1ea3m \u0111\u00e1ng k\u1ec3 ho\u1eb7c lo\u1ea1i b\u1ecf vi\u1ec7c b\u1ecf qua kh\u00ed n\u00e9n l\u00e3ng ph\u00ed trong \u0111i\u1ec1u ki\u1ec7n m\u00f4i tr\u01b0\u1eddng thay \u0111\u1ed5i.<br \/>\n\u0110i\u1ec1u khi\u1ec3n \u0111a m\u00e1y t\u00edch h\u1ee3p (IMMC) \u2013 T\u1ef1 \u0111\u1ed9ng s\u1eafp x\u1ebfp v\u00e0 \u1ea5n \u0111\u1ecbnh l\u1ecbch tr\u00ecnh \u00e1p su\u1ea5t cho nhi\u1ec1u m\u00e1y n\u00e9n \u0111\u1ec3 gi\u1ea3m thi\u1ec3u s\u1ed1 l\u01b0\u1ee3ng m\u00e1y n\u00e9n ho\u1ea1t \u0111\u1ed9ng t\u1ea1i b\u1ea5t k\u1ef3 th\u1eddi \u0111i\u1ec3m n\u00e0o v\u00e0 \u0111\u1ea1t \u0111\u01b0\u1ee3c hi\u1ec7u qu\u1ea3 t\u1ed1i \u01b0u.<\/p>\n","protected":false},"excerpt":{"rendered":"<p>\u0110\u1ea1t \u0111\u01b0\u1ee3c hi\u1ec7u qu\u1ea3 t\u1ed1t nh\u1ea5t trong l\u1edbp l\u00e0 \u0111i\u1ec1u r\u1ea5t quan tr\u1ecdng \u1edf Ingersoll Rand. B\u1ed9 \u0111i\u1ec1u khi\u1ec3n Xe-145 Series s\u1eed d\u1ee5ng c\u00e1c thu\u1eadt to\u00e1n \u0111i\u1ec1u khi\u1ec3n m\u1edbi nh\u1ea5t \u0111\u1ec3 cung c\u1ea5p m\u1ee9c ti\u00eau th\u1ee5 n\u0103ng l\u01b0\u1ee3ng th\u1ea5p nh\u1ea5t trong m\u1ecdi t\u00ecnh hu\u1ed1ng. Logic \u0111i\u1ec1u khi\u1ec3n t\u00edch h\u1ee3p \u0111\u1ea3m b\u1ea3o \u0111\u1ed9 tin c\u1eady c\u1ee7a [&#8230;]\n","protected":false},"featured_media":602,"comment_status":"open","ping_status":"closed","template":"","meta":[],"product_cat":[28],"product_tag":[],"jetpack_sharing_enabled":true,"_links":{"self":[{"href":"https:\/\/maynenkhiadong.com\/index.php?rest_route=\/wp\/v2\/product\/188"}],"collection":[{"href":"https:\/\/maynenkhiadong.com\/index.php?rest_route=\/wp\/v2\/product"}],"about":[{"href":"https:\/\/maynenkhiadong.com\/index.php?rest_route=\/wp\/v2\/types\/product"}],"replies":[{"embeddable":true,"href":"https:\/\/maynenkhiadong.com\/index.php?rest_route=%2Fwp%2Fv2%2Fcomments&post=188"}],"wp:featuredmedia":[{"embeddable":true,"href":"https:\/\/maynenkhiadong.com\/index.php?rest_route=\/wp\/v2\/media\/602"}],"wp:attachment":[{"href":"https:\/\/maynenkhiadong.com\/index.php?rest_route=%2Fwp%2Fv2%2Fmedia&parent=188"}],"wp:term":[{"taxonomy":"product_cat","embeddable":true,"href":"https:\/\/maynenkhiadong.com\/index.php?rest_route=%2Fwp%2Fv2%2Fproduct_cat&post=188"},{"taxonomy":"product_tag","embeddable":true,"href":"https:\/\/maynenkhiadong.com\/index.php?rest_route=%2Fwp%2Fv2%2Fproduct_tag&post=188"}],"curies":[{"name":"wp","href":"https:\/\/api.w.org\/{rel}","templated":true}]}}