{"id":189,"date":"2013-08-09T22:28:47","date_gmt":"2013-08-09T22:28:47","guid":{"rendered":"http:\/\/uxthemes.wpengine.com\/?post_type=product&#038;p=283"},"modified":"2024-01-03T03:40:41","modified_gmt":"2024-01-03T03:40:41","slug":"arizona-racer-ox-converse","status":"publish","type":"product","link":"https:\/\/maynenkhiadong.com\/?product=arizona-racer-ox-converse","title":{"rendered":"K\u00e9t l\u00e0m m\u00e1t m\u00e1y n\u00e9n kh\u00ed ingersoll rand"},"content":{"rendered":"<p>k\u00e9t l\u00e0m m\u00e1t m\u00e1y n\u00e9n kh\u00ed ingersoll rand<img loading=\"lazy\" decoding=\"async\" src=\"http:\/\/maynenkhiadong.com\/wp-content\/uploads\/2013\/08\/ket-giai-nhiet-may-nen-khi-3.jpg\" alt=\"\" width=\"450\" height=\"305\" class=\"alignnone size-full wp-image-580\" srcset=\"https:\/\/maynenkhiadong.com\/wp-content\/uploads\/2013\/08\/ket-giai-nhiet-may-nen-khi-3.jpg 450w, https:\/\/maynenkhiadong.com\/wp-content\/uploads\/2013\/08\/ket-giai-nhiet-may-nen-khi-3-100x68.jpg 100w\" sizes=\"(max-width: 450px) 100vw, 450px\" \/><\/p>\n","protected":false},"excerpt":{"rendered":"<p>k\u00e9t l\u00e0m m\u00e1t m\u00e1y n\u00e9n kh\u00ed ingersoll rand<\/p>\n","protected":false},"featured_media":580,"comment_status":"open","ping_status":"closed","template":"","meta":[],"product_cat":[28],"product_tag":[],"jetpack_sharing_enabled":true,"_links":{"self":[{"href":"https:\/\/maynenkhiadong.com\/index.php?rest_route=\/wp\/v2\/product\/189"}],"collection":[{"href":"https:\/\/maynenkhiadong.com\/index.php?rest_route=\/wp\/v2\/product"}],"about":[{"href":"https:\/\/maynenkhiadong.com\/index.php?rest_route=\/wp\/v2\/types\/product"}],"replies":[{"embeddable":true,"href":"https:\/\/maynenkhiadong.com\/index.php?rest_route=%2Fwp%2Fv2%2Fcomments&post=189"}],"wp:featuredmedia":[{"embeddable":true,"href":"https:\/\/maynenkhiadong.com\/index.php?rest_route=\/wp\/v2\/media\/580"}],"wp:attachment":[{"href":"https:\/\/maynenkhiadong.com\/index.php?rest_route=%2Fwp%2Fv2%2Fmedia&parent=189"}],"wp:term":[{"taxonomy":"product_cat","embeddable":true,"href":"https:\/\/maynenkhiadong.com\/index.php?rest_route=%2Fwp%2Fv2%2Fproduct_cat&post=189"},{"taxonomy":"product_tag","embeddable":true,"href":"https:\/\/maynenkhiadong.com\/index.php?rest_route=%2Fwp%2Fv2%2Fproduct_tag&post=189"}],"curies":[{"name":"wp","href":"https:\/\/api.w.org\/{rel}","templated":true}]}}