{"id":599,"date":"2023-04-10T07:27:01","date_gmt":"2023-04-10T07:27:01","guid":{"rendered":"http:\/\/maynenkhiadong.com\/?post_type=product&#038;p=599"},"modified":"2024-03-05T01:09:51","modified_gmt":"2024-03-05T01:09:51","slug":"man-hinh-hien-thi-lcd-bo-dieu-khien-may-nen-khi-ingersoll-rand-sg-controler","status":"publish","type":"product","link":"https:\/\/maynenkhiadong.com\/?product=man-hinh-hien-thi-lcd-bo-dieu-khien-may-nen-khi-ingersoll-rand-sg-controler","title":{"rendered":"M\u00c0N H\u00ccNH HI\u1ec2N TH\u1eca LCD B\u1ed8 \u0110I\u1ec0U KHI\u1ec2N M\u00c1Y N\u00c9N KH\u00cd INGERSOLL RAND SG CONTROLER"},"content":{"rendered":"<p>M\u00c0N H\u00ccNH HI\u1ec2N TH\u1eca LCD B\u1ed8 \u0110I\u1ec0U KHI\u1ec2N M\u00c1Y N\u00c9N KH\u00cd INGERSOLL RAND SG CONTROLER<\/p>\n","protected":false},"excerpt":{"rendered":"<p>M\u00c0N H\u00ccNH HI\u1ec2N TH\u1eca LCD B\u1ed8 \u0110I\u1ec0U KHI\u1ec2N M\u00c1Y N\u00c9N KH\u00cd INGERSOLL RAND SG CONTROLER<\/p>\n","protected":false},"featured_media":601,"comment_status":"open","ping_status":"closed","template":"","meta":[],"product_cat":[89,28],"product_tag":[70,137],"jetpack_sharing_enabled":true,"_links":{"self":[{"href":"https:\/\/maynenkhiadong.com\/index.php?rest_route=\/wp\/v2\/product\/599"}],"collection":[{"href":"https:\/\/maynenkhiadong.com\/index.php?rest_route=\/wp\/v2\/product"}],"about":[{"href":"https:\/\/maynenkhiadong.com\/index.php?rest_route=\/wp\/v2\/types\/product"}],"replies":[{"embeddable":true,"href":"https:\/\/maynenkhiadong.com\/index.php?rest_route=%2Fwp%2Fv2%2Fcomments&post=599"}],"wp:featuredmedia":[{"embeddable":true,"href":"https:\/\/maynenkhiadong.com\/index.php?rest_route=\/wp\/v2\/media\/601"}],"wp:attachment":[{"href":"https:\/\/maynenkhiadong.com\/index.php?rest_route=%2Fwp%2Fv2%2Fmedia&parent=599"}],"wp:term":[{"taxonomy":"product_cat","embeddable":true,"href":"https:\/\/maynenkhiadong.com\/index.php?rest_route=%2Fwp%2Fv2%2Fproduct_cat&post=599"},{"taxonomy":"product_tag","embeddable":true,"href":"https:\/\/maynenkhiadong.com\/index.php?rest_route=%2Fwp%2Fv2%2Fproduct_tag&post=599"}],"curies":[{"name":"wp","href":"https:\/\/api.w.org\/{rel}","templated":true}]}}