{"id":604,"date":"2023-04-10T07:35:28","date_gmt":"2023-04-10T07:35:28","guid":{"rendered":"http:\/\/maynenkhiadong.com\/?post_type=product&#038;p=604"},"modified":"2024-03-05T01:11:56","modified_gmt":"2024-03-05T01:11:56","slug":"bo-dieu-khien-trung-tam-may-nen-khi-ingersoll-rand-x8i","status":"publish","type":"product","link":"https:\/\/maynenkhiadong.com\/?product=bo-dieu-khien-trung-tam-may-nen-khi-ingersoll-rand-x8i","title":{"rendered":"B\u1ed8 \u0110I\u1ec0U KHI\u1ec2N TRUNG T\u00c2M M\u00c1Y N\u00c9N KH\u00cd INGERSOLL RAND X8I."},"content":{"rendered":"<p>B\u1ed8 \u0110I\u1ec0U KHI\u1ec2N TRUNG T\u00c2M M\u00c1Y N\u00c9N KH\u00cd INGERSOLL RAND X8I.<\/p>\n","protected":false},"excerpt":{"rendered":"<p>B\u1ed8 \u0110I\u1ec0U KHI\u1ec2N TRUNG T\u00c2M M\u00c1Y N\u00c9N KH\u00cd INGERSOLL RAND X8I.<\/p>\n","protected":false},"featured_media":605,"comment_status":"open","ping_status":"closed","template":"","meta":[],"product_cat":[89],"product_tag":[70],"jetpack_sharing_enabled":true,"_links":{"self":[{"href":"https:\/\/maynenkhiadong.com\/index.php?rest_route=\/wp\/v2\/product\/604"}],"collection":[{"href":"https:\/\/maynenkhiadong.com\/index.php?rest_route=\/wp\/v2\/product"}],"about":[{"href":"https:\/\/maynenkhiadong.com\/index.php?rest_route=\/wp\/v2\/types\/product"}],"replies":[{"embeddable":true,"href":"https:\/\/maynenkhiadong.com\/index.php?rest_route=%2Fwp%2Fv2%2Fcomments&post=604"}],"wp:featuredmedia":[{"embeddable":true,"href":"https:\/\/maynenkhiadong.com\/index.php?rest_route=\/wp\/v2\/media\/605"}],"wp:attachment":[{"href":"https:\/\/maynenkhiadong.com\/index.php?rest_route=%2Fwp%2Fv2%2Fmedia&parent=604"}],"wp:term":[{"taxonomy":"product_cat","embeddable":true,"href":"https:\/\/maynenkhiadong.com\/index.php?rest_route=%2Fwp%2Fv2%2Fproduct_cat&post=604"},{"taxonomy":"product_tag","embeddable":true,"href":"https:\/\/maynenkhiadong.com\/index.php?rest_route=%2Fwp%2Fv2%2Fproduct_tag&post=604"}],"curies":[{"name":"wp","href":"https:\/\/api.w.org\/{rel}","templated":true}]}}