{"id":629,"date":"2023-04-11T01:54:17","date_gmt":"2023-04-11T01:54:17","guid":{"rendered":"http:\/\/maynenkhiadong.com\/?post_type=product&#038;p=629"},"modified":"2024-10-07T06:54:09","modified_gmt":"2024-10-07T06:54:09","slug":"loc-dau-ingersoll-rand-39313317","status":"publish","type":"product","link":"https:\/\/maynenkhiadong.com\/?product=loc-dau-ingersoll-rand-39313317","title":{"rendered":"L\u1ecdc d\u1ea7u c\u1ee7a Ingersoll-Rand\/ Oil-Filter Part# 39313317"},"content":{"rendered":"<p><strong>T\u00ean<\/strong> : L\u1ecdc d\u1ea7u c\u1ee7a Ingersoll_Rand \/ Oil Filter<\/p>\n<p><strong>H\u00e3ng :<\/strong>\u00a0Ingersoll_Rand<\/p>\n<p><strong>Part #<\/strong> : 39313317<\/p>\n<p><strong>M\u1ed9t set bao g\u1ed3m<\/strong>\u00a0: 1 l\u1ecdc trong b\u1ecdc ni l\u00f4ng<\/p>\n<p><strong>\u00c1p su\u1ea5t t\u1ed1i \u0111a<\/strong>\u00a0: 10 bar<\/p>\n<p><strong>Tu\u1ed5i th\u1ecd<\/strong>\u00a0: 2000h<\/p>\n<p><strong>T\u01b0\u01a1ng th\u00edch v\u1edbi c\u00e1c d\u00f2ng m\u00e1y :\u00a0<\/strong>ESP 3-30HP<\/p>\n<p><strong>S\u1eed d\u1ee5ng \u0111\u1ec3 l\u1ecdc b\u1ee5i r\u1eafn, c\u00e1c h\u1ea1t d\u1ea7u v\u00e0 c\u00e1c ch\u1ea5t l\u1ecfng trong kh\u00ed n\u00e9n<\/strong><\/p>\n","protected":false},"excerpt":{"rendered":"<p><span style=\"font-family: arial, helvetica, sans-serif; font-size: 110%;\">Kh\u00ed n\u00e9n ch\u1ee9a d\u1ea7u \u0111i v\u00e0o b\u1ed9 ph\u1eadn l\u00e0m m\u00e1t, sau \u0111\u00f3 \u0111i qua ph\u1ea7n t\u1eed l\u1ecdc d\u1ea7u v\u00e0 kh\u00ed th\u00f4ng qua qu\u00e1 tr\u00ecnh t\u00e1ch c\u01a1 h\u1ecdc. B\u1ed9 l\u1ecdc c\u1ee7a d\u1ea7u m\u00e1y n\u00e9n kh\u00ed c\u00f3 th\u1ec3 l\u1ecdc b\u1ee5i r\u1eafn, c\u00e1c h\u1ea1t d\u1ea7u\u00a0v\u00e0 c\u00e1c ch\u1ea5t l\u1ecfng trong kh\u00ed n\u00e9n.<\/span><\/p>\n","protected":false},"featured_media":1424,"comment_status":"open","ping_status":"closed","template":"","meta":[],"product_cat":[99,28],"product_tag":[70,134,133],"jetpack_sharing_enabled":true,"_links":{"self":[{"href":"https:\/\/maynenkhiadong.com\/index.php?rest_route=\/wp\/v2\/product\/629"}],"collection":[{"href":"https:\/\/maynenkhiadong.com\/index.php?rest_route=\/wp\/v2\/product"}],"about":[{"href":"https:\/\/maynenkhiadong.com\/index.php?rest_route=\/wp\/v2\/types\/product"}],"replies":[{"embeddable":true,"href":"https:\/\/maynenkhiadong.com\/index.php?rest_route=%2Fwp%2Fv2%2Fcomments&post=629"}],"wp:featuredmedia":[{"embeddable":true,"href":"https:\/\/maynenkhiadong.com\/index.php?rest_route=\/wp\/v2\/media\/1424"}],"wp:attachment":[{"href":"https:\/\/maynenkhiadong.com\/index.php?rest_route=%2Fwp%2Fv2%2Fmedia&parent=629"}],"wp:term":[{"taxonomy":"product_cat","embeddable":true,"href":"https:\/\/maynenkhiadong.com\/index.php?rest_route=%2Fwp%2Fv2%2Fproduct_cat&post=629"},{"taxonomy":"product_tag","embeddable":true,"href":"https:\/\/maynenkhiadong.com\/index.php?rest_route=%2Fwp%2Fv2%2Fproduct_tag&post=629"}],"curies":[{"name":"wp","href":"https:\/\/api.w.org\/{rel}","templated":true}]}}