{"id":685,"date":"2023-04-11T07:25:17","date_gmt":"2023-04-11T07:25:17","guid":{"rendered":"http:\/\/maynenkhiadong.com\/?post_type=product&#038;p=685"},"modified":"2024-01-03T02:26:26","modified_gmt":"2024-01-03T02:26:26","slug":"phot-chan-dau-may-nen-khi-80x100x10","status":"publish","type":"product","link":"https:\/\/maynenkhiadong.com\/?product=phot-chan-dau-may-nen-khi-80x100x10","title":{"rendered":"PH\u1edaT CH\u1eb6N D\u1ea6U M\u00c1Y N\u00c9N KH\u00cd 80X100X10"},"content":{"rendered":"<p>PH\u1edaT CH\u1eb6N D\u1ea6U M\u00c1Y N\u00c9N KH\u00cd 80X100X10<\/p>\n","protected":false},"excerpt":{"rendered":"<p>PH\u1edaT CH\u1eb6N D\u1ea6U M\u00c1Y N\u00c9N KH\u00cd 80X100X10<\/p>\n","protected":false},"featured_media":684,"comment_status":"open","ping_status":"closed","template":"","meta":[],"product_cat":[74,76],"product_tag":[71,75],"jetpack_sharing_enabled":true,"_links":{"self":[{"href":"https:\/\/maynenkhiadong.com\/index.php?rest_route=\/wp\/v2\/product\/685"}],"collection":[{"href":"https:\/\/maynenkhiadong.com\/index.php?rest_route=\/wp\/v2\/product"}],"about":[{"href":"https:\/\/maynenkhiadong.com\/index.php?rest_route=\/wp\/v2\/types\/product"}],"replies":[{"embeddable":true,"href":"https:\/\/maynenkhiadong.com\/index.php?rest_route=%2Fwp%2Fv2%2Fcomments&post=685"}],"wp:featuredmedia":[{"embeddable":true,"href":"https:\/\/maynenkhiadong.com\/index.php?rest_route=\/wp\/v2\/media\/684"}],"wp:attachment":[{"href":"https:\/\/maynenkhiadong.com\/index.php?rest_route=%2Fwp%2Fv2%2Fmedia&parent=685"}],"wp:term":[{"taxonomy":"product_cat","embeddable":true,"href":"https:\/\/maynenkhiadong.com\/index.php?rest_route=%2Fwp%2Fv2%2Fproduct_cat&post=685"},{"taxonomy":"product_tag","embeddable":true,"href":"https:\/\/maynenkhiadong.com\/index.php?rest_route=%2Fwp%2Fv2%2Fproduct_tag&post=685"}],"curies":[{"name":"wp","href":"https:\/\/api.w.org\/{rel}","templated":true}]}}