{"id":696,"date":"2023-04-11T07:40:36","date_gmt":"2023-04-11T07:40:36","guid":{"rendered":"http:\/\/maynenkhiadong.com\/?post_type=product&#038;p=696"},"modified":"2024-01-03T02:23:36","modified_gmt":"2024-01-03T02:23:36","slug":"phot-chan-dau-may-nen-khi-50x72x8-2","status":"publish","type":"product","link":"https:\/\/maynenkhiadong.com\/?product=phot-chan-dau-may-nen-khi-50x72x8-2","title":{"rendered":"PH\u1edaT CH\u1eb6N D\u1ea6U M\u00c1Y N\u00c9N KH\u00cd 50X72X8"},"content":{"rendered":"<p>PH\u1edaT CH\u1eb6N D\u1ea6U M\u00c1Y N\u00c9N KH\u00cd 50X72X8<\/p>\n","protected":false},"excerpt":{"rendered":"<p>PH\u1edaT CH\u1eb6N D\u1ea6U M\u00c1Y N\u00c9N KH\u00cd 50X72X8<\/p>\n","protected":false},"featured_media":684,"comment_status":"open","ping_status":"closed","template":"","meta":[],"product_cat":[74,76],"product_tag":[71,75],"jetpack_sharing_enabled":true,"_links":{"self":[{"href":"https:\/\/maynenkhiadong.com\/index.php?rest_route=\/wp\/v2\/product\/696"}],"collection":[{"href":"https:\/\/maynenkhiadong.com\/index.php?rest_route=\/wp\/v2\/product"}],"about":[{"href":"https:\/\/maynenkhiadong.com\/index.php?rest_route=\/wp\/v2\/types\/product"}],"replies":[{"embeddable":true,"href":"https:\/\/maynenkhiadong.com\/index.php?rest_route=%2Fwp%2Fv2%2Fcomments&post=696"}],"wp:featuredmedia":[{"embeddable":true,"href":"https:\/\/maynenkhiadong.com\/index.php?rest_route=\/wp\/v2\/media\/684"}],"wp:attachment":[{"href":"https:\/\/maynenkhiadong.com\/index.php?rest_route=%2Fwp%2Fv2%2Fmedia&parent=696"}],"wp:term":[{"taxonomy":"product_cat","embeddable":true,"href":"https:\/\/maynenkhiadong.com\/index.php?rest_route=%2Fwp%2Fv2%2Fproduct_cat&post=696"},{"taxonomy":"product_tag","embeddable":true,"href":"https:\/\/maynenkhiadong.com\/index.php?rest_route=%2Fwp%2Fv2%2Fproduct_tag&post=696"}],"curies":[{"name":"wp","href":"https:\/\/api.w.org\/{rel}","templated":true}]}}