{"id":701,"date":"2023-04-11T07:46:55","date_gmt":"2023-04-11T07:46:55","guid":{"rendered":"http:\/\/maynenkhiadong.com\/?post_type=product&#038;p=701"},"modified":"2024-07-01T18:00:05","modified_gmt":"2024-07-01T18:00:05","slug":"phot-chan-dau-may-nen-khi-45x62x8","status":"publish","type":"product","link":"https:\/\/maynenkhiadong.com\/?product=phot-chan-dau-may-nen-khi-45x62x8","title":{"rendered":"PH\u1edaT CH\u1eb6N D\u1ea6U M\u00c1Y N\u00c9N KH\u00cd 45X62X8"},"content":{"rendered":"<p>PH\u1edaT CH\u1eb6N D\u1ea6U M\u00c1Y N\u00c9N KH\u00cd 45X62X8<\/p>\n","protected":false},"excerpt":{"rendered":"<p>PH\u1edaT CH\u1eb6N D\u1ea6U M\u00c1Y N\u00c9N KH\u00cd 45X62X8<\/p>\n","protected":false},"featured_media":682,"comment_status":"open","ping_status":"closed","template":"","meta":[],"product_cat":[74,76],"product_tag":[71,75],"jetpack_sharing_enabled":true,"_links":{"self":[{"href":"https:\/\/maynenkhiadong.com\/index.php?rest_route=\/wp\/v2\/product\/701"}],"collection":[{"href":"https:\/\/maynenkhiadong.com\/index.php?rest_route=\/wp\/v2\/product"}],"about":[{"href":"https:\/\/maynenkhiadong.com\/index.php?rest_route=\/wp\/v2\/types\/product"}],"replies":[{"embeddable":true,"href":"https:\/\/maynenkhiadong.com\/index.php?rest_route=%2Fwp%2Fv2%2Fcomments&post=701"}],"wp:featuredmedia":[{"embeddable":true,"href":"https:\/\/maynenkhiadong.com\/index.php?rest_route=\/wp\/v2\/media\/682"}],"wp:attachment":[{"href":"https:\/\/maynenkhiadong.com\/index.php?rest_route=%2Fwp%2Fv2%2Fmedia&parent=701"}],"wp:term":[{"taxonomy":"product_cat","embeddable":true,"href":"https:\/\/maynenkhiadong.com\/index.php?rest_route=%2Fwp%2Fv2%2Fproduct_cat&post=701"},{"taxonomy":"product_tag","embeddable":true,"href":"https:\/\/maynenkhiadong.com\/index.php?rest_route=%2Fwp%2Fv2%2Fproduct_tag&post=701"}],"curies":[{"name":"wp","href":"https:\/\/api.w.org\/{rel}","templated":true}]}}